{"id":354,"date":"2024-03-09T14:59:33","date_gmt":"2024-03-09T14:59:33","guid":{"rendered":"https:\/\/kajaki-sanok.pl\/?page_id=354"},"modified":"2026-01-18T19:30:56","modified_gmt":"2026-01-18T19:30:56","slug":"galeria","status":"publish","type":"page","link":"https:\/\/kajaki-sanok.pl\/de\/galeria\/","title":{"rendered":"Galerie"},"content":{"rendered":"<div data-elementor-type=\"wp-page\" data-elementor-id=\"354\" class=\"elementor elementor-354\" data-elementor-post-type=\"page\">\n\t\t\t\t\t\t<section class=\"elementor-section elementor-top-section elementor-element elementor-element-5e64b1f6 elementor-section-height-min-height elementor-section-boxed elementor-section-height-default elementor-section-items-middle\" data-id=\"5e64b1f6\" data-element_type=\"section\" data-e-type=\"section\" data-settings=\"{&quot;background_background&quot;:&quot;classic&quot;}\">\n\t\t\t\t\t\t\t<div class=\"elementor-background-overlay\"><\/div>\n\t\t\t\t\t\t\t<div class=\"elementor-container elementor-column-gap-default\">\n\t\t\t\t\t<div class=\"elementor-column elementor-col-100 elementor-top-column elementor-element elementor-element-2bf0b0c\" data-id=\"2bf0b0c\" data-element_type=\"column\" data-e-type=\"column\">\n\t\t\t<div class=\"elementor-widget-wrap elementor-element-populated\">\n\t\t\t\t\t\t<div class=\"elementor-element elementor-element-1943e196 elementor-widget elementor-widget-heading\" data-id=\"1943e196\" data-element_type=\"widget\" data-e-type=\"widget\" data-widget_type=\"heading.default\">\n\t\t\t\t<div class=\"elementor-widget-container\">\n\t\t\t\t\t<h1 class=\"elementor-heading-title elementor-size-default\">Galerie<\/h1>\t\t\t\t<\/div>\n\t\t\t\t<\/div>\n\t\t\t\t\t<\/div>\n\t\t<\/div>\n\t\t\t\t\t<\/div>\n\t\t<\/section>\n\t\t<div class=\"elementor-element elementor-element-49a0dafa e-flex e-con-boxed e-con e-parent\" data-id=\"49a0dafa\" data-element_type=\"container\" data-e-type=\"container\">\n\t\t\t\t\t<div class=\"e-con-inner\">\n\t\t\t\t<div class=\"elementor-element elementor-element-63d548e elementor-widget elementor-widget-html\" data-id=\"63d548e\" data-element_type=\"widget\" data-e-type=\"widget\" data-widget_type=\"html.default\">\n\t\t\t\t<div class=\"elementor-widget-container\">\n\t\t\t\t\t<h2 class=\"h2-header\">Trasy<\/h2>\t\t\t\t<\/div>\n\t\t\t\t<\/div>\n\t\t\t\t\t<\/div>\n\t\t\t\t<\/div>\n\t\t<div class=\"elementor-element elementor-element-f16b5ae e-flex e-con-boxed e-con e-parent\" data-id=\"f16b5ae\" data-element_type=\"container\" data-e-type=\"container\">\n\t\t\t\t\t<div class=\"e-con-inner\">\n\t\t<div class=\"elementor-element elementor-element-95fd11e e-con-full e-flex e-con e-child\" data-id=\"95fd11e\" data-element_type=\"container\" data-e-type=\"container\">\n\t\t\t\t<div class=\"elementor-element elementor-element-8ebdb07 elementor-position-top elementor-widget elementor-widget-image-box\" data-id=\"8ebdb07\" data-element_type=\"widget\" data-e-type=\"widget\" data-widget_type=\"image-box.default\">\n\t\t\t\t<div class=\"elementor-widget-container\">\n\t\t\t\t\t<div class=\"elementor-image-box-wrapper\"><figure class=\"elementor-image-box-img\"><a href=\"https:\/\/kajaki-sanok.pl\/de\/galeria-zwierzyn-sanok\/\" tabindex=\"-1\"><img fetchpriority=\"high\" decoding=\"async\" width=\"900\" height=\"675\" src=\"https:\/\/kajaki-sanok.pl\/wp-content\/uploads\/2024\/03\/P8010248-1.jpg\" class=\"attachment-full size-full wp-image-208\" alt=\"\" srcset=\"https:\/\/kajaki-sanok.pl\/wp-content\/uploads\/2024\/03\/P8010248-1.jpg 900w, https:\/\/kajaki-sanok.pl\/wp-content\/uploads\/2024\/03\/P8010248-1-300x225.jpg 300w, https:\/\/kajaki-sanok.pl\/wp-content\/uploads\/2024\/03\/P8010248-1-768x576.jpg 768w\" sizes=\"(max-width: 900px) 100vw, 900px\" \/><\/a><\/figure><div class=\"elementor-image-box-content\"><h3 class=\"elementor-image-box-title\"><a href=\"https:\/\/kajaki-sanok.pl\/de\/galeria-zwierzyn-sanok\/\">Zwierzy\u0144 - Sanok<\/a><\/h3><\/div><\/div>\t\t\t\t<\/div>\n\t\t\t\t<\/div>\n\t\t\t\t<\/div>\n\t\t<div class=\"elementor-element elementor-element-13883f8 e-con-full e-flex e-con e-child\" data-id=\"13883f8\" data-element_type=\"container\" data-e-type=\"container\">\n\t\t\t\t<div class=\"elementor-element elementor-element-c057151 elementor-position-top elementor-widget elementor-widget-image-box\" data-id=\"c057151\" data-element_type=\"widget\" data-e-type=\"widget\" data-widget_type=\"image-box.default\">\n\t\t\t\t<div class=\"elementor-widget-container\">\n\t\t\t\t\t<div class=\"elementor-image-box-wrapper\"><figure class=\"elementor-image-box-img\"><a href=\"https:\/\/kajaki-sanok.pl\/de\/hoczew-sanok\/\" tabindex=\"-1\"><img decoding=\"async\" width=\"900\" height=\"675\" src=\"https:\/\/kajaki-sanok.pl\/wp-content\/uploads\/2024\/03\/1016092-1.jpg\" class=\"attachment-full size-full wp-image-417\" alt=\"\" srcset=\"https:\/\/kajaki-sanok.pl\/wp-content\/uploads\/2024\/03\/1016092-1.jpg 900w, https:\/\/kajaki-sanok.pl\/wp-content\/uploads\/2024\/03\/1016092-1-300x225.jpg 300w, https:\/\/kajaki-sanok.pl\/wp-content\/uploads\/2024\/03\/1016092-1-768x576.jpg 768w\" sizes=\"(max-width: 900px) 100vw, 900px\" \/><\/a><\/figure><div class=\"elementor-image-box-content\"><h3 class=\"elementor-image-box-title\"><a href=\"https:\/\/kajaki-sanok.pl\/de\/hoczew-sanok\/\">Hoczew - Sanok<\/a><\/h3><\/div><\/div>\t\t\t\t<\/div>\n\t\t\t\t<\/div>\n\t\t\t\t<\/div>\n\t\t<div class=\"elementor-element elementor-element-0e1540a e-con-full e-flex e-con e-child\" data-id=\"0e1540a\" data-element_type=\"container\" data-e-type=\"container\">\n\t\t\t\t<div class=\"elementor-element elementor-element-94d80c0 elementor-position-top elementor-widget elementor-widget-image-box\" data-id=\"94d80c0\" data-element_type=\"widget\" data-e-type=\"widget\" data-widget_type=\"image-box.default\">\n\t\t\t\t<div class=\"elementor-widget-container\">\n\t\t\t\t\t<div class=\"elementor-image-box-wrapper\"><figure class=\"elementor-image-box-img\"><a href=\"https:\/\/kajaki-sanok.pl\/de\/kajaki-lesko-sanok\/\" tabindex=\"-1\"><img decoding=\"async\" width=\"900\" height=\"675\" src=\"https:\/\/kajaki-sanok.pl\/wp-content\/uploads\/2024\/03\/Postolow_2.jpeg\" class=\"attachment-full size-full wp-image-451\" alt=\"sp\u0142ywy kajakowe bieszczady, kajaki bieszczady sp\u0142yw podkarpacie, san kajak, sp\u0142yw sanem\" srcset=\"https:\/\/kajaki-sanok.pl\/wp-content\/uploads\/2024\/03\/Postolow_2.jpeg 900w, https:\/\/kajaki-sanok.pl\/wp-content\/uploads\/2024\/03\/Postolow_2-300x225.jpeg 300w, https:\/\/kajaki-sanok.pl\/wp-content\/uploads\/2024\/03\/Postolow_2-768x576.jpeg 768w\" sizes=\"(max-width: 900px) 100vw, 900px\" \/><\/a><\/figure><div class=\"elementor-image-box-content\"><h3 class=\"elementor-image-box-title\"><a href=\"https:\/\/kajaki-sanok.pl\/de\/kajaki-lesko-sanok\/\">Lesko - Sanok<\/a><\/h3><\/div><\/div>\t\t\t\t<\/div>\n\t\t\t\t<\/div>\n\t\t\t\t<\/div>\n\t\t\t\t\t<\/div>\n\t\t\t\t<\/div>\n\t\t<div class=\"elementor-element elementor-element-a97447e e-flex e-con-boxed e-con e-parent\" data-id=\"a97447e\" data-element_type=\"container\" data-e-type=\"container\">\n\t\t\t\t\t<div class=\"e-con-inner\">\n\t\t<div class=\"elementor-element elementor-element-6700370 e-con-full e-flex e-con e-child\" data-id=\"6700370\" data-element_type=\"container\" data-e-type=\"container\">\n\t\t\t\t<div class=\"elementor-element elementor-element-da22b82 elementor-position-top elementor-widget elementor-widget-image-box\" data-id=\"da22b82\" data-element_type=\"widget\" data-e-type=\"widget\" data-widget_type=\"image-box.default\">\n\t\t\t\t<div class=\"elementor-widget-container\">\n\t\t\t\t\t<div class=\"elementor-image-box-wrapper\"><figure class=\"elementor-image-box-img\"><a href=\"https:\/\/kajaki-sanok.pl\/de\/kajaki-zaluz-sanok\/\" tabindex=\"-1\"><img loading=\"lazy\" decoding=\"async\" width=\"900\" height=\"675\" src=\"https:\/\/kajaki-sanok.pl\/wp-content\/uploads\/2024\/03\/ML117642.jpg\" class=\"attachment-full size-full wp-image-473\" alt=\"sp\u0142ywy kajakowe bieszczady, kajaki bieszczady sp\u0142yw podkarpacie, san kajak, sp\u0142yw sanem\" srcset=\"https:\/\/kajaki-sanok.pl\/wp-content\/uploads\/2024\/03\/ML117642.jpg 900w, https:\/\/kajaki-sanok.pl\/wp-content\/uploads\/2024\/03\/ML117642-300x225.jpg 300w, https:\/\/kajaki-sanok.pl\/wp-content\/uploads\/2024\/03\/ML117642-768x576.jpg 768w\" sizes=\"(max-width: 900px) 100vw, 900px\" \/><\/a><\/figure><div class=\"elementor-image-box-content\"><h3 class=\"elementor-image-box-title\"><a href=\"https:\/\/kajaki-sanok.pl\/de\/kajaki-zaluz-sanok\/\">Za\u0142u\u017c - Sanok<\/a><\/h3><\/div><\/div>\t\t\t\t<\/div>\n\t\t\t\t<\/div>\n\t\t\t\t<\/div>\n\t\t<div class=\"elementor-element elementor-element-4ebcffe e-con-full e-flex e-con e-child\" data-id=\"4ebcffe\" data-element_type=\"container\" data-e-type=\"container\">\n\t\t\t\t<div class=\"elementor-element elementor-element-0381772 elementor-position-top elementor-widget elementor-widget-image-box\" data-id=\"0381772\" data-element_type=\"widget\" data-e-type=\"widget\" data-widget_type=\"image-box.default\">\n\t\t\t\t<div class=\"elementor-widget-container\">\n\t\t\t\t\t<div class=\"elementor-image-box-wrapper\"><figure class=\"elementor-image-box-img\"><a href=\"https:\/\/kajaki-sanok.pl\/de\/kajaki-sanok-tyrawa-solna\/\" tabindex=\"-1\"><img loading=\"lazy\" decoding=\"async\" width=\"900\" height=\"675\" src=\"https:\/\/kajaki-sanok.pl\/wp-content\/uploads\/2024\/03\/1010781.jpg\" class=\"attachment-full size-full wp-image-490\" alt=\"sp\u0142ywy kajakowe bieszczady, kajaki bieszczady sp\u0142yw podkarpacie, san kajak, sp\u0142yw sanem\" srcset=\"https:\/\/kajaki-sanok.pl\/wp-content\/uploads\/2024\/03\/1010781.jpg 900w, https:\/\/kajaki-sanok.pl\/wp-content\/uploads\/2024\/03\/1010781-300x225.jpg 300w, https:\/\/kajaki-sanok.pl\/wp-content\/uploads\/2024\/03\/1010781-768x576.jpg 768w\" sizes=\"(max-width: 900px) 100vw, 900px\" \/><\/a><\/figure><div class=\"elementor-image-box-content\"><h3 class=\"elementor-image-box-title\"><a href=\"https:\/\/kajaki-sanok.pl\/de\/kajaki-sanok-tyrawa-solna\/\">Sanok - Tyrawa Solna<\/a><\/h3><\/div><\/div>\t\t\t\t<\/div>\n\t\t\t\t<\/div>\n\t\t\t\t<\/div>\n\t\t<div class=\"elementor-element elementor-element-9fcc41a e-con-full e-flex e-con e-child\" data-id=\"9fcc41a\" data-element_type=\"container\" data-e-type=\"container\">\n\t\t\t\t<div class=\"elementor-element elementor-element-36fd875 elementor-position-top elementor-widget elementor-widget-image-box\" data-id=\"36fd875\" data-element_type=\"widget\" data-e-type=\"widget\" data-widget_type=\"image-box.default\">\n\t\t\t\t<div class=\"elementor-widget-container\">\n\t\t\t\t\t<div class=\"elementor-image-box-wrapper\"><figure class=\"elementor-image-box-img\"><a href=\"https:\/\/kajaki-sanok.pl\/de\/kajaki-sanok-ulucz\/\" tabindex=\"-1\"><img loading=\"lazy\" decoding=\"async\" width=\"900\" height=\"675\" src=\"https:\/\/kajaki-sanok.pl\/wp-content\/uploads\/2024\/03\/1010081.jpg\" class=\"attachment-full size-full wp-image-516\" alt=\"\" srcset=\"https:\/\/kajaki-sanok.pl\/wp-content\/uploads\/2024\/03\/1010081.jpg 900w, https:\/\/kajaki-sanok.pl\/wp-content\/uploads\/2024\/03\/1010081-300x225.jpg 300w, https:\/\/kajaki-sanok.pl\/wp-content\/uploads\/2024\/03\/1010081-768x576.jpg 768w\" sizes=\"(max-width: 900px) 100vw, 900px\" \/><\/a><\/figure><div class=\"elementor-image-box-content\"><h3 class=\"elementor-image-box-title\"><a href=\"https:\/\/kajaki-sanok.pl\/de\/kajaki-sanok-ulucz\/\">Sanok - Ulucz<\/a><\/h3><\/div><\/div>\t\t\t\t<\/div>\n\t\t\t\t<\/div>\n\t\t\t\t<\/div>\n\t\t\t\t\t<\/div>\n\t\t\t\t<\/div>\n\t\t<div class=\"elementor-element elementor-element-109e1ec e-flex e-con-boxed e-con e-parent\" data-id=\"109e1ec\" data-element_type=\"container\" data-e-type=\"container\">\n\t\t\t\t\t<div class=\"e-con-inner\">\n\t\t<div class=\"elementor-element elementor-element-fe452b5 e-con-full e-flex e-con e-child\" data-id=\"fe452b5\" data-element_type=\"container\" data-e-type=\"container\">\n\t\t\t\t<div class=\"elementor-element elementor-element-c291a85 elementor-position-top elementor-widget elementor-widget-image-box\" data-id=\"c291a85\" data-element_type=\"widget\" data-e-type=\"widget\" data-widget_type=\"image-box.default\">\n\t\t\t\t<div class=\"elementor-widget-container\">\n\t\t\t\t\t<div class=\"elementor-image-box-wrapper\"><figure class=\"elementor-image-box-img\"><a href=\"https:\/\/kajaki-sanok.pl\/de\/kajaki-sanok-krzemienna\/\" tabindex=\"-1\"><img loading=\"lazy\" decoding=\"async\" width=\"900\" height=\"675\" src=\"https:\/\/kajaki-sanok.pl\/wp-content\/uploads\/2024\/03\/ML127761-1.jpg\" class=\"attachment-full size-full wp-image-541\" alt=\"\" srcset=\"https:\/\/kajaki-sanok.pl\/wp-content\/uploads\/2024\/03\/ML127761-1.jpg 900w, https:\/\/kajaki-sanok.pl\/wp-content\/uploads\/2024\/03\/ML127761-1-300x225.jpg 300w, https:\/\/kajaki-sanok.pl\/wp-content\/uploads\/2024\/03\/ML127761-1-768x576.jpg 768w\" sizes=\"(max-width: 900px) 100vw, 900px\" \/><\/a><\/figure><div class=\"elementor-image-box-content\"><h3 class=\"elementor-image-box-title\"><a href=\"https:\/\/kajaki-sanok.pl\/de\/kajaki-sanok-krzemienna\/\">Sanok - Krzemienna<\/a><\/h3><\/div><\/div>\t\t\t\t<\/div>\n\t\t\t\t<\/div>\n\t\t\t\t<\/div>\n\t\t<div class=\"elementor-element elementor-element-a661e33 e-con-full e-flex e-con e-child\" data-id=\"a661e33\" data-element_type=\"container\" data-e-type=\"container\">\n\t\t\t\t<div class=\"elementor-element elementor-element-3cc85eb elementor-position-top elementor-widget elementor-widget-image-box\" data-id=\"3cc85eb\" data-element_type=\"widget\" data-e-type=\"widget\" data-widget_type=\"image-box.default\">\n\t\t\t\t<div class=\"elementor-widget-container\">\n\t\t\t\t\t<div class=\"elementor-image-box-wrapper\"><figure class=\"elementor-image-box-img\"><a href=\"https:\/\/kajaki-sanok.pl\/de\/kajaki-sanok-dynow\/\" tabindex=\"-1\"><img loading=\"lazy\" decoding=\"async\" width=\"900\" height=\"675\" src=\"https:\/\/kajaki-sanok.pl\/wp-content\/uploads\/2024\/03\/1010628.jpg\" class=\"attachment-full size-full wp-image-567\" alt=\"\" srcset=\"https:\/\/kajaki-sanok.pl\/wp-content\/uploads\/2024\/03\/1010628.jpg 900w, https:\/\/kajaki-sanok.pl\/wp-content\/uploads\/2024\/03\/1010628-300x225.jpg 300w, https:\/\/kajaki-sanok.pl\/wp-content\/uploads\/2024\/03\/1010628-768x576.jpg 768w\" sizes=\"(max-width: 900px) 100vw, 900px\" \/><\/a><\/figure><div class=\"elementor-image-box-content\"><h3 class=\"elementor-image-box-title\"><a href=\"https:\/\/kajaki-sanok.pl\/de\/kajaki-sanok-dynow\/\">Sanok - Dyn\u00f3w<\/a><\/h3><\/div><\/div>\t\t\t\t<\/div>\n\t\t\t\t<\/div>\n\t\t\t\t<\/div>\n\t\t<div class=\"elementor-element elementor-element-311ad55 e-con-full e-flex e-con e-child\" data-id=\"311ad55\" data-element_type=\"container\" data-e-type=\"container\">\n\t\t\t\t<div class=\"elementor-element elementor-element-99a7552 elementor-position-top elementor-widget elementor-widget-image-box\" data-id=\"99a7552\" data-element_type=\"widget\" data-e-type=\"widget\" data-widget_type=\"image-box.default\">\n\t\t\t\t<div class=\"elementor-widget-container\">\n\t\t\t\t\t<div class=\"elementor-image-box-wrapper\"><figure class=\"elementor-image-box-img\"><a href=\"https:\/\/kajaki-sanok.pl\/de\/kajaki-sanok-ostrow\/\" tabindex=\"-1\"><img loading=\"lazy\" decoding=\"async\" width=\"900\" height=\"675\" src=\"https:\/\/kajaki-sanok.pl\/wp-content\/uploads\/2024\/03\/1018737.jpg\" class=\"attachment-full size-full wp-image-589\" alt=\"\" srcset=\"https:\/\/kajaki-sanok.pl\/wp-content\/uploads\/2024\/03\/1018737.jpg 900w, https:\/\/kajaki-sanok.pl\/wp-content\/uploads\/2024\/03\/1018737-300x225.jpg 300w, https:\/\/kajaki-sanok.pl\/wp-content\/uploads\/2024\/03\/1018737-768x576.jpg 768w\" sizes=\"(max-width: 900px) 100vw, 900px\" \/><\/a><\/figure><div class=\"elementor-image-box-content\"><h3 class=\"elementor-image-box-title\"><a href=\"https:\/\/kajaki-sanok.pl\/de\/kajaki-sanok-ostrow\/\">Sanok - Ostr\u00f3w<\/a><\/h3><\/div><\/div>\t\t\t\t<\/div>\n\t\t\t\t<\/div>\n\t\t\t\t<\/div>\n\t\t\t\t\t<\/div>\n\t\t\t\t<\/div>\n\t\t<div class=\"elementor-element elementor-element-e0c8c0a e-flex e-con-boxed e-con e-parent\" data-id=\"e0c8c0a\" data-element_type=\"container\" data-e-type=\"container\">\n\t\t\t\t\t<div class=\"e-con-inner\">\n\t\t\t\t<div class=\"elementor-element elementor-element-a428fd1 elementor-widget elementor-widget-image\" data-id=\"a428fd1\" data-element_type=\"widget\" data-e-type=\"widget\" data-widget_type=\"image.default\">\n\t\t\t\t<div class=\"elementor-widget-container\">\n\t\t\t\t\t\t\t\t\t\t\t\t\t\t\t<img decoding=\"async\" src=\"https:\/\/kajaki-sanok.pl\/wp-content\/plugins\/elementor\/assets\/images\/placeholder.png\" title=\"\" alt=\"\" loading=\"lazy\" \/>\t\t\t\t\t\t\t\t\t\t\t\t\t\t\t<\/div>\n\t\t\t\t<\/div>\n\t\t\t\t\t<\/div>\n\t\t\t\t<\/div>\n\t\t\t\t<\/div>","protected":false},"excerpt":{"rendered":"<p>Galeria Trasy Zwierzy\u0144 &#8211; Sanok Hoczew &#8211; Sanok Lesko &#8211; Sanok Za\u0142u\u017c &#8211; Sanok Sanok &#8211; Tyrawa Solna Sanok &#8211; Ulucz Sanok &#8211; Krzemienna Sanok &#8211; Dyn\u00f3w Sanok &#8211; Ostr\u00f3w<\/p>","protected":false},"author":1,"featured_media":0,"parent":0,"menu_order":0,"comment_status":"closed","ping_status":"closed","template":"","meta":{"footnotes":""},"class_list":["post-354","page","type-page","status-publish","hentry"],"_links":{"self":[{"href":"https:\/\/kajaki-sanok.pl\/de\/wp-json\/wp\/v2\/pages\/354","targetHints":{"allow":["GET"]}}],"collection":[{"href":"https:\/\/kajaki-sanok.pl\/de\/wp-json\/wp\/v2\/pages"}],"about":[{"href":"https:\/\/kajaki-sanok.pl\/de\/wp-json\/wp\/v2\/types\/page"}],"author":[{"embeddable":true,"href":"https:\/\/kajaki-sanok.pl\/de\/wp-json\/wp\/v2\/users\/1"}],"replies":[{"embeddable":true,"href":"https:\/\/kajaki-sanok.pl\/de\/wp-json\/wp\/v2\/comments?post=354"}],"version-history":[{"count":10,"href":"https:\/\/kajaki-sanok.pl\/de\/wp-json\/wp\/v2\/pages\/354\/revisions"}],"predecessor-version":[{"id":2036,"href":"https:\/\/kajaki-sanok.pl\/de\/wp-json\/wp\/v2\/pages\/354\/revisions\/2036"}],"wp:attachment":[{"href":"https:\/\/kajaki-sanok.pl\/de\/wp-json\/wp\/v2\/media?parent=354"}],"curies":[{"name":"wp","href":"https:\/\/api.w.org\/{rel}","templated":true}]}}