{"id":436,"date":"2024-03-10T13:53:05","date_gmt":"2024-03-10T13:53:05","guid":{"rendered":"https:\/\/kajaki-sanok.pl\/?page_id=436"},"modified":"2025-05-18T09:01:41","modified_gmt":"2025-05-18T09:01:41","slug":"kajaki-lesko-sanok","status":"publish","type":"page","link":"https:\/\/kajaki-sanok.pl\/de\/kajaki-lesko-sanok\/","title":{"rendered":"Kajaki Lesko Sanok"},"content":{"rendered":"<div data-elementor-type=\"wp-page\" data-elementor-id=\"436\" class=\"elementor elementor-436\" data-elementor-post-type=\"page\">\n\t\t\t\t\t\t<section class=\"elementor-section elementor-top-section elementor-element elementor-element-633b43a8 elementor-section-height-min-height elementor-section-boxed elementor-section-height-default elementor-section-items-middle\" data-id=\"633b43a8\" data-element_type=\"section\" data-e-type=\"section\" data-settings=\"{&quot;background_background&quot;:&quot;classic&quot;}\">\n\t\t\t\t\t\t\t<div class=\"elementor-background-overlay\"><\/div>\n\t\t\t\t\t\t\t<div class=\"elementor-container elementor-column-gap-default\">\n\t\t\t\t\t<div class=\"elementor-column elementor-col-100 elementor-top-column elementor-element elementor-element-1597000a\" data-id=\"1597000a\" data-element_type=\"column\" data-e-type=\"column\">\n\t\t\t<div class=\"elementor-widget-wrap elementor-element-populated\">\n\t\t\t\t\t\t<div class=\"elementor-element elementor-element-78e97892 elementor-widget elementor-widget-heading\" data-id=\"78e97892\" data-element_type=\"widget\" data-e-type=\"widget\" data-widget_type=\"heading.default\">\n\t\t\t\t<div class=\"elementor-widget-container\">\n\t\t\t\t\t<h1 class=\"elementor-heading-title elementor-size-default\">Lesko - sanok<\/h1>\t\t\t\t<\/div>\n\t\t\t\t<\/div>\n\t\t\t\t\t<\/div>\n\t\t<\/div>\n\t\t\t\t\t<\/div>\n\t\t<\/section>\n\t\t<div class=\"elementor-element elementor-element-71360c30 e-flex e-con-boxed e-con e-parent\" data-id=\"71360c30\" data-element_type=\"container\" data-e-type=\"container\" data-settings=\"{&quot;background_background&quot;:&quot;classic&quot;}\">\n\t\t\t\t\t<div class=\"e-con-inner\">\n\t\t<div class=\"elementor-element elementor-element-3e4fa410 e-flex e-con-boxed e-con e-child\" data-id=\"3e4fa410\" data-element_type=\"container\" data-e-type=\"container\" data-settings=\"{&quot;background_background&quot;:&quot;classic&quot;}\">\n\t\t\t\t\t<div class=\"e-con-inner\">\n\t\t\t\t<div class=\"elementor-element elementor-element-5dd93784 elementor-widget elementor-widget-heading\" data-id=\"5dd93784\" data-element_type=\"widget\" data-e-type=\"widget\" data-widget_type=\"heading.default\">\n\t\t\t\t<div class=\"elementor-widget-container\">\n\t\t\t\t\t<h2 class=\"elementor-heading-title elementor-size-default\">Trasa Lesko - Sanok<\/h2>\t\t\t\t<\/div>\n\t\t\t\t<\/div>\n\t\t\t\t<div class=\"elementor-element elementor-element-677cdd24 elementor-widget elementor-widget-heading\" data-id=\"677cdd24\" data-element_type=\"widget\" data-e-type=\"widget\" data-widget_type=\"heading.default\">\n\t\t\t\t<div class=\"elementor-widget-container\">\n\t\t\t\t\t<p class=\"elementor-heading-title elementor-size-default\">Mi\u0119dzy Leskiem a Sanokiem San p\u0142ynie szerok\u0105, rozleg\u0142\u0105 dolin\u0105 wypreparowan\u0105 w piaskowcowo-\u0142upkowej serii fliszu; nad jego prawym brzegiem, prawie r\u00f3wnolegle do biegu rzeki, ci\u0105gn\u0105 si\u0119 G\u00f3ry S\u0142onne. Sp\u0142yw rozpoczynamy poni\u017cej mostu w Lesku. Ju\u017c po kilkunastu minutach mamy okazje podziwia\u0107 wspania\u0142e widoki dzikiej Doliny Sanu, po 1\/2 godz. mijamy po prawej stronie Ska\u0142\u0119 Wola\u0144sk\u0105. Trzymaj\u0105c si\u0119 \u015brodka Sanu mijamy most w Posto\u0142owie i sp\u0142ywamy na lew\u0105 stron\u0119 (przy niskim poziomie w\u00f3d, \u015brodkiem mo\u017cemy zadziera\u0107 o dno rzeki), po kilkuset metrach wracamy na \u015brodek i spokojnie p\u0142yniemy mijaj\u0105c \u0141ukawic\u0119. Po godzinie docieramy do rezerwatu G\u00f3ry Sobie\u0144 wraz z ruinami zamku na szczycie, pami\u0119tajmy trzyma\u0107 si\u0119 lewej strony (szybki nurt). Nast\u0119pne 1\/2 godz. mija nam spokojnie, a\u017c docieramy do du\u017cej wyspy po\u015brodku rzeki tutaj sp\u0142ywamy na lew\u0105 stron\u0119 przy niskim stanie wody (uwaga szybki nurt) lub praw\u0105. Nast\u0119pnie mijamy most kolejowy w Zag\u00f3rzu i uwaga kilkaset metr\u00f3w dalej znajduje si\u0119 sztuczny pr\u00f3g wodny, musimy si\u0119 zatrzyma\u0107 10-15 m przed, po prawej stronie i brzegiem przenosimy kajak poni\u017cej przeszkody. Nast\u0119pne 2-3 godziny to ju\u017c spokojny sp\u0142yw, mijamy po lewej stronie uj\u015bcie rzeki Os\u0142awa. Granice Sanoka rozpoznamy po zabudowach Zak\u0142ad\u00f3w Autosan i Stomil w Sanoku. Mijaj\u0105c pozosta\u0142o\u015bci po starym mo\u015bcie Sanok-Olchowce i zaraz nowy most pami\u0119tajmy aby p\u0142yn\u0105\u0107 \u015brodkiem mi\u0119dzy filarami mostu. Po 1\/2 godz. jeste\u015bmy na mecie sp\u0142ywu przy mo\u015bcie do skansenu.<\/p>\t\t\t\t<\/div>\n\t\t\t\t<\/div>\n\t\t\t\t<div class=\"elementor-element elementor-element-13730740 elementor-widget-mobile__width-inherit elementor-widget elementor-widget-gallery\" data-id=\"13730740\" data-element_type=\"widget\" data-e-type=\"widget\" data-settings=\"{&quot;gallery_layout&quot;:&quot;justified&quot;,&quot;gap&quot;:{&quot;unit&quot;:&quot;px&quot;,&quot;size&quot;:20,&quot;sizes&quot;:[]},&quot;lazyload&quot;:&quot;yes&quot;,&quot;ideal_row_height&quot;:{&quot;unit&quot;:&quot;px&quot;,&quot;size&quot;:200,&quot;sizes&quot;:[]},&quot;ideal_row_height_tablet&quot;:{&quot;unit&quot;:&quot;px&quot;,&quot;size&quot;:150,&quot;sizes&quot;:[]},&quot;ideal_row_height_mobile&quot;:{&quot;unit&quot;:&quot;px&quot;,&quot;size&quot;:150,&quot;sizes&quot;:[]},&quot;gap_tablet&quot;:{&quot;unit&quot;:&quot;px&quot;,&quot;size&quot;:10,&quot;sizes&quot;:[]},&quot;gap_mobile&quot;:{&quot;unit&quot;:&quot;px&quot;,&quot;size&quot;:10,&quot;sizes&quot;:[]},&quot;link_to&quot;:&quot;file&quot;,&quot;overlay_background&quot;:&quot;yes&quot;,&quot;content_hover_animation&quot;:&quot;fade-in&quot;}\" data-widget_type=\"gallery.default\">\n\t\t\t\t<div class=\"elementor-widget-container\">\n\t\t\t\t\t\t\t<div class=\"elementor-gallery__container\">\n\t\t\t\t\t\t\t<a class=\"e-gallery-item elementor-gallery-item elementor-animated-content\" href=\"https:\/\/kajaki-sanok.pl\/wp-content\/uploads\/2024\/03\/P4170164-1.jpg\" data-elementor-open-lightbox=\"yes\" data-elementor-lightbox-slideshow=\"13730740\" data-elementor-lightbox-title=\"pocz\u0105tek trasy\" data-e-action-hash=\"#elementor-action%3Aaction%3Dlightbox%26settings%3DeyJpZCI6NDQ5LCJ1cmwiOiJodHRwczpcL1wva2FqYWtpLXNhbm9rLnBsXC93cC1jb250ZW50XC91cGxvYWRzXC8yMDI0XC8wM1wvUDQxNzAxNjQtMS5qcGciLCJzbGlkZXNob3ciOiIxMzczMDc0MCJ9\">\n\t\t\t\t\t<div class=\"e-gallery-image elementor-gallery-item__image\" data-thumbnail=\"https:\/\/kajaki-sanok.pl\/wp-content\/uploads\/2024\/03\/P4170164-1-300x225.jpg\" data-width=\"300\" data-height=\"225\" aria-label=\"sp\u0142ywy kajakowe w bieszczadach\" role=\"img\" ><\/div>\n\t\t\t\t\t\t\t\t\t\t\t<div class=\"elementor-gallery-item__overlay\"><\/div>\n\t\t\t\t\t\t\t\t\t\t\t\t\t\t<\/a>\n\t\t\t\t\t\t\t<a class=\"e-gallery-item elementor-gallery-item elementor-animated-content\" href=\"https:\/\/kajaki-sanok.pl\/wp-content\/uploads\/2025\/05\/P7050075.jpg\" data-elementor-open-lightbox=\"yes\" data-elementor-lightbox-slideshow=\"13730740\" data-elementor-lightbox-title=\"P7050075\" data-e-action-hash=\"#elementor-action%3Aaction%3Dlightbox%26settings%3DeyJpZCI6MTgwOSwidXJsIjoiaHR0cHM6XC9cL2thamFraS1zYW5vay5wbFwvd3AtY29udGVudFwvdXBsb2Fkc1wvMjAyNVwvMDVcL1A3MDUwMDc1LmpwZyIsInNsaWRlc2hvdyI6IjEzNzMwNzQwIn0%3D\">\n\t\t\t\t\t<div class=\"e-gallery-image elementor-gallery-item__image\" data-thumbnail=\"https:\/\/kajaki-sanok.pl\/wp-content\/uploads\/2025\/05\/P7050075-300x225.jpg\" data-width=\"300\" data-height=\"225\" aria-label=\"\" role=\"img\" ><\/div>\n\t\t\t\t\t\t\t\t\t\t\t<div class=\"elementor-gallery-item__overlay\"><\/div>\n\t\t\t\t\t\t\t\t\t\t\t\t\t\t<\/a>\n\t\t\t\t\t\t\t<a class=\"e-gallery-item elementor-gallery-item elementor-animated-content\" href=\"https:\/\/kajaki-sanok.pl\/wp-content\/uploads\/2024\/03\/4.jpg\" data-elementor-open-lightbox=\"yes\" data-elementor-lightbox-slideshow=\"13730740\" data-elementor-lightbox-title=\"Ska\u0142a Wola\u0144ska\" data-elementor-lightbox-description=\"sp\u0142ywy kajakowe w bieszczadach\" data-e-action-hash=\"#elementor-action%3Aaction%3Dlightbox%26settings%3DeyJpZCI6NDQwLCJ1cmwiOiJodHRwczpcL1wva2FqYWtpLXNhbm9rLnBsXC93cC1jb250ZW50XC91cGxvYWRzXC8yMDI0XC8wM1wvNC5qcGciLCJzbGlkZXNob3ciOiIxMzczMDc0MCJ9\">\n\t\t\t\t\t<div class=\"e-gallery-image elementor-gallery-item__image\" data-thumbnail=\"https:\/\/kajaki-sanok.pl\/wp-content\/uploads\/2024\/03\/4-300x205.jpg\" data-width=\"300\" data-height=\"205\" aria-label=\"sp\u0142ywy kajakowe bieszczady, kajaki bieszczady sp\u0142yw podkarpacie, san kajak, sp\u0142yw sanem\" role=\"img\" ><\/div>\n\t\t\t\t\t\t\t\t\t\t\t<div class=\"elementor-gallery-item__overlay\"><\/div>\n\t\t\t\t\t\t\t\t\t\t\t\t\t\t<\/a>\n\t\t\t\t\t\t\t<a class=\"e-gallery-item elementor-gallery-item elementor-animated-content\" href=\"https:\/\/kajaki-sanok.pl\/wp-content\/uploads\/2024\/03\/Postolow_2.jpeg\" data-elementor-open-lightbox=\"yes\" data-elementor-lightbox-slideshow=\"13730740\" data-elementor-lightbox-title=\"Postolow_2\" data-e-action-hash=\"#elementor-action%3Aaction%3Dlightbox%26settings%3DeyJpZCI6NDUxLCJ1cmwiOiJodHRwczpcL1wva2FqYWtpLXNhbm9rLnBsXC93cC1jb250ZW50XC91cGxvYWRzXC8yMDI0XC8wM1wvUG9zdG9sb3dfMi5qcGVnIiwic2xpZGVzaG93IjoiMTM3MzA3NDAifQ%3D%3D\">\n\t\t\t\t\t<div class=\"e-gallery-image elementor-gallery-item__image\" data-thumbnail=\"https:\/\/kajaki-sanok.pl\/wp-content\/uploads\/2024\/03\/Postolow_2-300x225.jpeg\" data-width=\"300\" data-height=\"225\" aria-label=\"sp\u0142ywy kajakowe bieszczady, kajaki bieszczady sp\u0142yw podkarpacie, san kajak, sp\u0142yw sanem\" role=\"img\" ><\/div>\n\t\t\t\t\t\t\t\t\t\t\t<div class=\"elementor-gallery-item__overlay\"><\/div>\n\t\t\t\t\t\t\t\t\t\t\t\t\t\t<\/a>\n\t\t\t\t\t\t\t<a class=\"e-gallery-item elementor-gallery-item elementor-animated-content\" href=\"https:\/\/kajaki-sanok.pl\/wp-content\/uploads\/2024\/03\/most_w_Postolowie.jpeg\" data-elementor-open-lightbox=\"yes\" data-elementor-lightbox-slideshow=\"13730740\" data-elementor-lightbox-title=\"most_w_Postolowie\" data-e-action-hash=\"#elementor-action%3Aaction%3Dlightbox%26settings%3DeyJpZCI6NDQ4LCJ1cmwiOiJodHRwczpcL1wva2FqYWtpLXNhbm9rLnBsXC93cC1jb250ZW50XC91cGxvYWRzXC8yMDI0XC8wM1wvbW9zdF93X1Bvc3RvbG93aWUuanBlZyIsInNsaWRlc2hvdyI6IjEzNzMwNzQwIn0%3D\">\n\t\t\t\t\t<div class=\"e-gallery-image elementor-gallery-item__image\" data-thumbnail=\"https:\/\/kajaki-sanok.pl\/wp-content\/uploads\/2024\/03\/most_w_Postolowie-300x225.jpeg\" data-width=\"300\" data-height=\"225\" aria-label=\"sp\u0142ywy kajakowe bieszczady, kajaki bieszczady sp\u0142yw podkarpacie, san kajak, sp\u0142yw sanem\" role=\"img\" ><\/div>\n\t\t\t\t\t\t\t\t\t\t\t<div class=\"elementor-gallery-item__overlay\"><\/div>\n\t\t\t\t\t\t\t\t\t\t\t\t\t\t<\/a>\n\t\t\t\t\t\t\t<a class=\"e-gallery-item elementor-gallery-item elementor-animated-content\" href=\"https:\/\/kajaki-sanok.pl\/wp-content\/uploads\/2024\/03\/san.jpg\" data-elementor-open-lightbox=\"yes\" data-elementor-lightbox-slideshow=\"13730740\" data-elementor-lightbox-title=\"sp\u0142ywy w bieszczadach\" data-e-action-hash=\"#elementor-action%3Aaction%3Dlightbox%26settings%3DeyJpZCI6NDUyLCJ1cmwiOiJodHRwczpcL1wva2FqYWtpLXNhbm9rLnBsXC93cC1jb250ZW50XC91cGxvYWRzXC8yMDI0XC8wM1wvc2FuLmpwZyIsInNsaWRlc2hvdyI6IjEzNzMwNzQwIn0%3D\">\n\t\t\t\t\t<div class=\"e-gallery-image elementor-gallery-item__image\" data-thumbnail=\"https:\/\/kajaki-sanok.pl\/wp-content\/uploads\/2024\/03\/san-300x193.jpg\" data-width=\"300\" data-height=\"193\" aria-label=\"sp\u0142ywy kajakowe bieszczady, kajaki bieszczady sp\u0142yw podkarpacie, san kajak, sp\u0142yw sanem\" role=\"img\" ><\/div>\n\t\t\t\t\t\t\t\t\t\t\t<div class=\"elementor-gallery-item__overlay\"><\/div>\n\t\t\t\t\t\t\t\t\t\t\t\t\t\t<\/a>\n\t\t\t\t\t\t\t<a class=\"e-gallery-item elementor-gallery-item elementor-animated-content\" href=\"https:\/\/kajaki-sanok.pl\/wp-content\/uploads\/2024\/03\/1016092-2.jpg\" data-elementor-open-lightbox=\"yes\" data-elementor-lightbox-slideshow=\"13730740\" data-elementor-lightbox-title=\"kajaki san\" data-e-action-hash=\"#elementor-action%3Aaction%3Dlightbox%26settings%3DeyJpZCI6NDQxLCJ1cmwiOiJodHRwczpcL1wva2FqYWtpLXNhbm9rLnBsXC93cC1jb250ZW50XC91cGxvYWRzXC8yMDI0XC8wM1wvMTAxNjA5Mi0yLmpwZyIsInNsaWRlc2hvdyI6IjEzNzMwNzQwIn0%3D\">\n\t\t\t\t\t<div class=\"e-gallery-image elementor-gallery-item__image\" data-thumbnail=\"https:\/\/kajaki-sanok.pl\/wp-content\/uploads\/2024\/03\/1016092-2-300x225.jpg\" data-width=\"300\" data-height=\"225\" aria-label=\"sp\u0142ywy kajakowe bieszczady, kajaki bieszczady sp\u0142yw podkarpacie, san kajak, sp\u0142yw sanem\" role=\"img\" ><\/div>\n\t\t\t\t\t\t\t\t\t\t\t<div class=\"elementor-gallery-item__overlay\"><\/div>\n\t\t\t\t\t\t\t\t\t\t\t\t\t\t<\/a>\n\t\t\t\t\t\t\t<a class=\"e-gallery-item elementor-gallery-item elementor-animated-content\" href=\"https:\/\/kajaki-sanok.pl\/wp-content\/uploads\/2024\/03\/Lukawica.jpeg\" data-elementor-open-lightbox=\"yes\" data-elementor-lightbox-slideshow=\"13730740\" data-elementor-lightbox-title=\"sp\u0142ywy bieszczady\" data-e-action-hash=\"#elementor-action%3Aaction%3Dlightbox%26settings%3DeyJpZCI6NDQ1LCJ1cmwiOiJodHRwczpcL1wva2FqYWtpLXNhbm9rLnBsXC93cC1jb250ZW50XC91cGxvYWRzXC8yMDI0XC8wM1wvTHVrYXdpY2EuanBlZyIsInNsaWRlc2hvdyI6IjEzNzMwNzQwIn0%3D\">\n\t\t\t\t\t<div class=\"e-gallery-image elementor-gallery-item__image\" data-thumbnail=\"https:\/\/kajaki-sanok.pl\/wp-content\/uploads\/2024\/03\/Lukawica-300x215.jpeg\" data-width=\"300\" data-height=\"215\" aria-label=\"sp\u0142ywy kajakowe bieszczady, kajaki bieszczady sp\u0142yw podkarpacie, san kajak, sp\u0142yw sanem\" role=\"img\" ><\/div>\n\t\t\t\t\t\t\t\t\t\t\t<div class=\"elementor-gallery-item__overlay\"><\/div>\n\t\t\t\t\t\t\t\t\t\t\t\t\t\t<\/a>\n\t\t\t\t\t\t\t<a class=\"e-gallery-item elementor-gallery-item elementor-animated-content\" href=\"https:\/\/kajaki-sanok.pl\/wp-content\/uploads\/2025\/05\/P9210001.jpg\" data-elementor-open-lightbox=\"yes\" data-elementor-lightbox-slideshow=\"13730740\" data-elementor-lightbox-title=\"most kolejowy Zag\u00f3rz\" data-e-action-hash=\"#elementor-action%3Aaction%3Dlightbox%26settings%3DeyJpZCI6MTgwOCwidXJsIjoiaHR0cHM6XC9cL2thamFraS1zYW5vay5wbFwvd3AtY29udGVudFwvdXBsb2Fkc1wvMjAyNVwvMDVcL1A5MjEwMDAxLmpwZyIsInNsaWRlc2hvdyI6IjEzNzMwNzQwIn0%3D\">\n\t\t\t\t\t<div class=\"e-gallery-image elementor-gallery-item__image\" data-thumbnail=\"https:\/\/kajaki-sanok.pl\/wp-content\/uploads\/2025\/05\/P9210001-300x225.jpg\" data-width=\"300\" data-height=\"225\" aria-label=\"\" role=\"img\" ><\/div>\n\t\t\t\t\t\t\t\t\t\t\t<div class=\"elementor-gallery-item__overlay\"><\/div>\n\t\t\t\t\t\t\t\t\t\t\t\t\t\t<\/a>\n\t\t\t\t\t\t\t<a class=\"e-gallery-item elementor-gallery-item elementor-animated-content\" href=\"https:\/\/kajaki-sanok.pl\/wp-content\/uploads\/2024\/03\/P6030082-1.jpg\" data-elementor-open-lightbox=\"yes\" data-elementor-lightbox-slideshow=\"13730740\" data-elementor-lightbox-title=\"stopie\u0144 wodny za mostem kolejowym\" data-e-action-hash=\"#elementor-action%3Aaction%3Dlightbox%26settings%3DeyJpZCI6NDUwLCJ1cmwiOiJodHRwczpcL1wva2FqYWtpLXNhbm9rLnBsXC93cC1jb250ZW50XC91cGxvYWRzXC8yMDI0XC8wM1wvUDYwMzAwODItMS5qcGciLCJzbGlkZXNob3ciOiIxMzczMDc0MCJ9\">\n\t\t\t\t\t<div class=\"e-gallery-image elementor-gallery-item__image\" data-thumbnail=\"https:\/\/kajaki-sanok.pl\/wp-content\/uploads\/2024\/03\/P6030082-1-300x225.jpg\" data-width=\"300\" data-height=\"225\" aria-label=\"sp\u0142ywy kajakowe bieszczady, kajaki bieszczady sp\u0142yw podkarpacie, san kajak, sp\u0142yw sanem\" role=\"img\" ><\/div>\n\t\t\t\t\t\t\t\t\t\t\t<div class=\"elementor-gallery-item__overlay\"><\/div>\n\t\t\t\t\t\t\t\t\t\t\t\t\t\t<\/a>\n\t\t\t\t\t\t\t<a class=\"e-gallery-item elementor-gallery-item elementor-animated-content\" href=\"https:\/\/kajaki-sanok.pl\/wp-content\/uploads\/2024\/03\/Zalurz_2.jpeg\" data-elementor-open-lightbox=\"yes\" data-elementor-lightbox-slideshow=\"13730740\" data-elementor-lightbox-title=\"kajaki bieszczady\" data-e-action-hash=\"#elementor-action%3Aaction%3Dlightbox%26settings%3DeyJpZCI6NDM5LCJ1cmwiOiJodHRwczpcL1wva2FqYWtpLXNhbm9rLnBsXC93cC1jb250ZW50XC91cGxvYWRzXC8yMDI0XC8wM1wvWmFsdXJ6XzIuanBlZyIsInNsaWRlc2hvdyI6IjEzNzMwNzQwIn0%3D\">\n\t\t\t\t\t<div class=\"e-gallery-image elementor-gallery-item__image\" data-thumbnail=\"https:\/\/kajaki-sanok.pl\/wp-content\/uploads\/2024\/03\/Zalurz_2-300x221.jpeg\" data-width=\"300\" data-height=\"221\" aria-label=\"sp\u0142ywy kajakowe bieszczady, kajaki bieszczady sp\u0142yw podkarpacie, san kajak, sp\u0142yw sanem\" role=\"img\" ><\/div>\n\t\t\t\t\t\t\t\t\t\t\t<div class=\"elementor-gallery-item__overlay\"><\/div>\n\t\t\t\t\t\t\t\t\t\t\t\t\t\t<\/a>\n\t\t\t\t\t\t\t<a class=\"e-gallery-item elementor-gallery-item elementor-animated-content\" href=\"https:\/\/kajaki-sanok.pl\/wp-content\/uploads\/2024\/03\/ML117645.jpg\" data-elementor-open-lightbox=\"yes\" data-elementor-lightbox-slideshow=\"13730740\" data-elementor-lightbox-title=\"Most Sanok-Olchowce\" data-e-action-hash=\"#elementor-action%3Aaction%3Dlightbox%26settings%3DeyJpZCI6NDQ3LCJ1cmwiOiJodHRwczpcL1wva2FqYWtpLXNhbm9rLnBsXC93cC1jb250ZW50XC91cGxvYWRzXC8yMDI0XC8wM1wvTUwxMTc2NDUuanBnIiwic2xpZGVzaG93IjoiMTM3MzA3NDAifQ%3D%3D\">\n\t\t\t\t\t<div class=\"e-gallery-image elementor-gallery-item__image\" data-thumbnail=\"https:\/\/kajaki-sanok.pl\/wp-content\/uploads\/2024\/03\/ML117645-300x224.jpg\" data-width=\"300\" data-height=\"224\" aria-label=\"sp\u0142ywy kajakowe bieszczady, kajaki bieszczady sp\u0142yw podkarpacie, san kajak, sp\u0142yw sanem\" role=\"img\" ><\/div>\n\t\t\t\t\t\t\t\t\t\t\t<div class=\"elementor-gallery-item__overlay\"><\/div>\n\t\t\t\t\t\t\t\t\t\t\t\t\t\t<\/a>\n\t\t\t\t\t\t\t<a class=\"e-gallery-item elementor-gallery-item elementor-animated-content\" href=\"https:\/\/kajaki-sanok.pl\/wp-content\/uploads\/2024\/03\/1019669-2.jpg\" data-elementor-open-lightbox=\"yes\" data-elementor-lightbox-slideshow=\"13730740\" data-elementor-lightbox-title=\"sp\u0142ywy podkarpacie\" data-e-action-hash=\"#elementor-action%3Aaction%3Dlightbox%26settings%3DeyJpZCI6NDQyLCJ1cmwiOiJodHRwczpcL1wva2FqYWtpLXNhbm9rLnBsXC93cC1jb250ZW50XC91cGxvYWRzXC8yMDI0XC8wM1wvMTAxOTY2OS0yLmpwZyIsInNsaWRlc2hvdyI6IjEzNzMwNzQwIn0%3D\">\n\t\t\t\t\t<div class=\"e-gallery-image elementor-gallery-item__image\" data-thumbnail=\"https:\/\/kajaki-sanok.pl\/wp-content\/uploads\/2024\/03\/1019669-2-300x225.jpg\" data-width=\"300\" data-height=\"225\" aria-label=\"sp\u0142ywy kajakowe bieszczady, kajaki bieszczady sp\u0142yw podkarpacie, san kajak, sp\u0142yw sanem\" role=\"img\" ><\/div>\n\t\t\t\t\t\t\t\t\t\t\t<div class=\"elementor-gallery-item__overlay\"><\/div>\n\t\t\t\t\t\t\t\t\t\t\t\t\t\t<\/a>\n\t\t\t\t\t\t\t<a class=\"e-gallery-item elementor-gallery-item elementor-animated-content\" href=\"https:\/\/kajaki-sanok.pl\/wp-content\/uploads\/2024\/03\/1019798.jpg\" data-elementor-open-lightbox=\"yes\" data-elementor-lightbox-slideshow=\"13730740\" data-elementor-lightbox-title=\"kajaki Sanok\" data-e-action-hash=\"#elementor-action%3Aaction%3Dlightbox%26settings%3DeyJpZCI6NDQzLCJ1cmwiOiJodHRwczpcL1wva2FqYWtpLXNhbm9rLnBsXC93cC1jb250ZW50XC91cGxvYWRzXC8yMDI0XC8wM1wvMTAxOTc5OC5qcGciLCJzbGlkZXNob3ciOiIxMzczMDc0MCJ9\">\n\t\t\t\t\t<div class=\"e-gallery-image elementor-gallery-item__image\" data-thumbnail=\"https:\/\/kajaki-sanok.pl\/wp-content\/uploads\/2024\/03\/1019798-225x300.jpg\" data-width=\"225\" data-height=\"300\" aria-label=\"sp\u0142ywy kajakowe bieszczady, kajaki bieszczady sp\u0142yw podkarpacie, san kajak, sp\u0142yw sanem\" role=\"img\" ><\/div>\n\t\t\t\t\t\t\t\t\t\t\t<div class=\"elementor-gallery-item__overlay\"><\/div>\n\t\t\t\t\t\t\t\t\t\t\t\t\t\t<\/a>\n\t\t\t\t\t\t\t<a class=\"e-gallery-item elementor-gallery-item elementor-animated-content\" href=\"https:\/\/kajaki-sanok.pl\/wp-content\/uploads\/2025\/05\/P4270167.jpg\" data-elementor-open-lightbox=\"yes\" data-elementor-lightbox-slideshow=\"13730740\" data-elementor-lightbox-title=\"Sanok\" data-e-action-hash=\"#elementor-action%3Aaction%3Dlightbox%26settings%3DeyJpZCI6MTgyNCwidXJsIjoiaHR0cHM6XC9cL2thamFraS1zYW5vay5wbFwvd3AtY29udGVudFwvdXBsb2Fkc1wvMjAyNVwvMDVcL1A0MjcwMTY3LmpwZyIsInNsaWRlc2hvdyI6IjEzNzMwNzQwIn0%3D\">\n\t\t\t\t\t<div class=\"e-gallery-image elementor-gallery-item__image\" data-thumbnail=\"https:\/\/kajaki-sanok.pl\/wp-content\/uploads\/2025\/05\/P4270167-300x225.jpg\" data-width=\"300\" data-height=\"225\" aria-label=\"\" role=\"img\" ><\/div>\n\t\t\t\t\t\t\t\t\t\t\t<div class=\"elementor-gallery-item__overlay\"><\/div>\n\t\t\t\t\t\t\t\t\t\t\t\t\t\t<\/a>\n\t\t\t\t\t\t\t<a class=\"e-gallery-item elementor-gallery-item elementor-animated-content\" href=\"https:\/\/kajaki-sanok.pl\/wp-content\/uploads\/2024\/03\/LESKO-SANOK-kopia.jpg\" data-elementor-open-lightbox=\"yes\" data-elementor-lightbox-slideshow=\"13730740\" data-elementor-lightbox-title=\"LESKO-SANOK\" data-e-action-hash=\"#elementor-action%3Aaction%3Dlightbox%26settings%3DeyJpZCI6NDQ0LCJ1cmwiOiJodHRwczpcL1wva2FqYWtpLXNhbm9rLnBsXC93cC1jb250ZW50XC91cGxvYWRzXC8yMDI0XC8wM1wvTEVTS08tU0FOT0sta29waWEuanBnIiwic2xpZGVzaG93IjoiMTM3MzA3NDAifQ%3D%3D\">\n\t\t\t\t\t<div class=\"e-gallery-image elementor-gallery-item__image\" data-thumbnail=\"https:\/\/kajaki-sanok.pl\/wp-content\/uploads\/2024\/03\/LESKO-SANOK-kopia-300x233.jpg\" data-width=\"300\" data-height=\"233\" aria-label=\"kajaki bieszczady, sp\u0142ywy w bieszczadach, sp\u0142ywy kajakowe w bieszczadach\" role=\"img\" ><\/div>\n\t\t\t\t\t\t\t\t\t\t\t<div class=\"elementor-gallery-item__overlay\"><\/div>\n\t\t\t\t\t\t\t\t\t\t\t\t\t\t<\/a>\n\t\t\t\t\t<\/div>\n\t\t\t\t\t<\/div>\n\t\t\t\t<\/div>\n\t\t\t\t\t<\/div>\n\t\t\t\t<\/div>\n\t\t\t\t\t<\/div>\n\t\t\t\t<\/div>\n\t\t\t\t<\/div>","protected":false},"excerpt":{"rendered":"<p>Lesko &#8211; sanok Trasa Lesko &#8211; Sanok Mi\u0119dzy Leskiem a Sanokiem San p\u0142ynie szerok\u0105, rozleg\u0142\u0105 dolin\u0105 wypreparowan\u0105 w piaskowcowo-\u0142upkowej serii fliszu; nad jego prawym brzegiem, prawie r\u00f3wnolegle do biegu rzeki, ci\u0105gn\u0105 si\u0119 G\u00f3ry S\u0142onne. Sp\u0142yw rozpoczynamy poni\u017cej mostu w Lesku. Ju\u017c po kilkunastu minutach mamy okazje podziwia\u0107 wspania\u0142e widoki dzikiej Doliny Sanu, po 1\/2 godz. [&hellip;]<\/p>","protected":false},"author":1,"featured_media":0,"parent":0,"menu_order":0,"comment_status":"closed","ping_status":"closed","template":"","meta":{"footnotes":""},"class_list":["post-436","page","type-page","status-publish","hentry"],"_links":{"self":[{"href":"https:\/\/kajaki-sanok.pl\/de\/wp-json\/wp\/v2\/pages\/436","targetHints":{"allow":["GET"]}}],"collection":[{"href":"https:\/\/kajaki-sanok.pl\/de\/wp-json\/wp\/v2\/pages"}],"about":[{"href":"https:\/\/kajaki-sanok.pl\/de\/wp-json\/wp\/v2\/types\/page"}],"author":[{"embeddable":true,"href":"https:\/\/kajaki-sanok.pl\/de\/wp-json\/wp\/v2\/users\/1"}],"replies":[{"embeddable":true,"href":"https:\/\/kajaki-sanok.pl\/de\/wp-json\/wp\/v2\/comments?post=436"}],"version-history":[{"count":33,"href":"https:\/\/kajaki-sanok.pl\/de\/wp-json\/wp\/v2\/pages\/436\/revisions"}],"predecessor-version":[{"id":1827,"href":"https:\/\/kajaki-sanok.pl\/de\/wp-json\/wp\/v2\/pages\/436\/revisions\/1827"}],"wp:attachment":[{"href":"https:\/\/kajaki-sanok.pl\/de\/wp-json\/wp\/v2\/media?parent=436"}],"curies":[{"name":"wp","href":"https:\/\/api.w.org\/{rel}","templated":true}]}}