{"id":465,"date":"2024-03-10T14:29:40","date_gmt":"2024-03-10T14:29:40","guid":{"rendered":"https:\/\/kajaki-sanok.pl\/?page_id=465"},"modified":"2025-05-18T09:27:27","modified_gmt":"2025-05-18T09:27:27","slug":"kajaki-zaluz-sanok","status":"publish","type":"page","link":"https:\/\/kajaki-sanok.pl\/de\/kajaki-zaluz-sanok\/","title":{"rendered":"Kajaki Zaluz Sanok"},"content":{"rendered":"<div data-elementor-type=\"wp-page\" data-elementor-id=\"465\" class=\"elementor elementor-465\" data-elementor-post-type=\"page\">\n\t\t\t\t\t\t<section class=\"elementor-section elementor-top-section elementor-element elementor-element-64ecec22 elementor-section-height-min-height elementor-section-boxed elementor-section-height-default elementor-section-items-middle\" data-id=\"64ecec22\" data-element_type=\"section\" data-e-type=\"section\" data-settings=\"{&quot;background_background&quot;:&quot;classic&quot;}\">\n\t\t\t\t\t\t\t<div class=\"elementor-background-overlay\"><\/div>\n\t\t\t\t\t\t\t<div class=\"elementor-container elementor-column-gap-default\">\n\t\t\t\t\t<div class=\"elementor-column elementor-col-100 elementor-top-column elementor-element elementor-element-4c6b7d46\" data-id=\"4c6b7d46\" data-element_type=\"column\" data-e-type=\"column\">\n\t\t\t<div class=\"elementor-widget-wrap elementor-element-populated\">\n\t\t\t\t\t\t<div class=\"elementor-element elementor-element-119877c elementor-widget elementor-widget-heading\" data-id=\"119877c\" data-element_type=\"widget\" data-e-type=\"widget\" data-widget_type=\"heading.default\">\n\t\t\t\t<div class=\"elementor-widget-container\">\n\t\t\t\t\t<h1 class=\"elementor-heading-title elementor-size-default\">Zaluz - sanok<\/h1>\t\t\t\t<\/div>\n\t\t\t\t<\/div>\n\t\t\t\t\t<\/div>\n\t\t<\/div>\n\t\t\t\t\t<\/div>\n\t\t<\/section>\n\t\t<div class=\"elementor-element elementor-element-66c52700 e-flex e-con-boxed e-con e-parent\" data-id=\"66c52700\" data-element_type=\"container\" data-e-type=\"container\" data-settings=\"{&quot;background_background&quot;:&quot;classic&quot;}\">\n\t\t\t\t\t<div class=\"e-con-inner\">\n\t\t<div class=\"elementor-element elementor-element-5e94001 e-flex e-con-boxed e-con e-child\" data-id=\"5e94001\" data-element_type=\"container\" data-e-type=\"container\" data-settings=\"{&quot;background_background&quot;:&quot;classic&quot;}\">\n\t\t\t\t\t<div class=\"e-con-inner\">\n\t\t\t\t<div class=\"elementor-element elementor-element-60ee6282 elementor-widget elementor-widget-heading\" data-id=\"60ee6282\" data-element_type=\"widget\" data-e-type=\"widget\" data-widget_type=\"heading.default\">\n\t\t\t\t<div class=\"elementor-widget-container\">\n\t\t\t\t\t<h2 class=\"elementor-heading-title elementor-size-default\">Trasa Za\u0142u\u017c - Sanok<\/h2>\t\t\t\t<\/div>\n\t\t\t\t<\/div>\n\t\t\t\t<div class=\"elementor-element elementor-element-7ed4c5a elementor-widget elementor-widget-heading\" data-id=\"7ed4c5a\" data-element_type=\"widget\" data-e-type=\"widget\" data-widget_type=\"heading.default\">\n\t\t\t\t<div class=\"elementor-widget-container\">\n\t\t\t\t\t<p class=\"elementor-heading-title elementor-size-default\">Spotykamy si\u0119 na parkingu przed mostem do skansenu w Sanoku, sk\u0105d zabieram Pa\u0144stwa na miejsce startu. Sp\u0142yw zaczynamy kilkaset metr\u00f3w przed du\u017c\u0105 wysp\u0105 po\u015brodku rzeki tutaj sp\u0142ywamy na lew\u0105 stron\u0119 przy niskim stanie wody (uwaga szybki nurt) lub praw\u0105. Nast\u0119pnie mijamy most kolejowy w Zag\u00f3rzu i uwaga kilkaset metr\u00f3w dalej znajduje si\u0119 sztuczny pr\u00f3g wodny, musimy si\u0119 zatrzyma\u0107 po prawej stronie, kilkana\u015bcie metr\u00f3w przed i przenosimy kajak poni\u017cej przeszkody (odw\u00f3j? przeczytaj). Nast\u0119pna godzina to ju\u017c spokojny sp\u0142yw, mijamy po lewej stronie uj\u015bcie rzeki Os\u0142awa. Granice Sanoka rozpoznamy po zabudowach Zak\u0142ad\u00f3w Autosan i Stomil w Sanoku. Mijaj\u0105c pozosta\u0142o\u015bci po starym mo\u015bcie Sanok-Olchowce i zaraz nowy most pami\u0119tajmy aby p\u0142yn\u0105\u0107 \u015brodkiem mi\u0119dzy filarami mostu. Po 1\/2 godz. jeste\u015bmy przed mostem do skansenu, po lewej stronie to wypo\u017cyczalnia i koniec trasy.<\/p>\t\t\t\t<\/div>\n\t\t\t\t<\/div>\n\t\t\t\t<div class=\"elementor-element elementor-element-4e96e10d elementor-widget-mobile__width-inherit elementor-widget elementor-widget-gallery\" data-id=\"4e96e10d\" data-element_type=\"widget\" data-e-type=\"widget\" data-settings=\"{&quot;gallery_layout&quot;:&quot;justified&quot;,&quot;gap&quot;:{&quot;unit&quot;:&quot;px&quot;,&quot;size&quot;:20,&quot;sizes&quot;:[]},&quot;lazyload&quot;:&quot;yes&quot;,&quot;ideal_row_height&quot;:{&quot;unit&quot;:&quot;px&quot;,&quot;size&quot;:200,&quot;sizes&quot;:[]},&quot;ideal_row_height_tablet&quot;:{&quot;unit&quot;:&quot;px&quot;,&quot;size&quot;:150,&quot;sizes&quot;:[]},&quot;ideal_row_height_mobile&quot;:{&quot;unit&quot;:&quot;px&quot;,&quot;size&quot;:150,&quot;sizes&quot;:[]},&quot;gap_tablet&quot;:{&quot;unit&quot;:&quot;px&quot;,&quot;size&quot;:10,&quot;sizes&quot;:[]},&quot;gap_mobile&quot;:{&quot;unit&quot;:&quot;px&quot;,&quot;size&quot;:10,&quot;sizes&quot;:[]},&quot;link_to&quot;:&quot;file&quot;,&quot;overlay_background&quot;:&quot;yes&quot;,&quot;content_hover_animation&quot;:&quot;fade-in&quot;}\" data-widget_type=\"gallery.default\">\n\t\t\t\t<div class=\"elementor-widget-container\">\n\t\t\t\t\t\t\t<div class=\"elementor-gallery__container\">\n\t\t\t\t\t\t\t<a class=\"e-gallery-item elementor-gallery-item elementor-animated-content\" href=\"https:\/\/kajaki-sanok.pl\/wp-content\/uploads\/2024\/03\/1019583.jpg\" data-elementor-open-lightbox=\"yes\" data-elementor-lightbox-slideshow=\"4e96e10d\" data-elementor-lightbox-title=\"kajak san\" data-elementor-lightbox-description=\"pontony kajaki bieszczady\" data-e-action-hash=\"#elementor-action%3Aaction%3Dlightbox%26settings%3DeyJpZCI6NDY4LCJ1cmwiOiJodHRwczpcL1wva2FqYWtpLXNhbm9rLnBsXC93cC1jb250ZW50XC91cGxvYWRzXC8yMDI0XC8wM1wvMTAxOTU4My5qcGciLCJzbGlkZXNob3ciOiI0ZTk2ZTEwZCJ9\">\n\t\t\t\t\t<div class=\"e-gallery-image elementor-gallery-item__image\" data-thumbnail=\"https:\/\/kajaki-sanok.pl\/wp-content\/uploads\/2024\/03\/1019583-300x225.jpg\" data-width=\"300\" data-height=\"225\" aria-label=\"sp\u0142ywy kajakowe bieszczady, kajaki bieszczady sp\u0142yw podkarpacie, san kajak, sp\u0142yw sanem\" role=\"img\" ><\/div>\n\t\t\t\t\t\t\t\t\t\t\t<div class=\"elementor-gallery-item__overlay\"><\/div>\n\t\t\t\t\t\t\t\t\t\t\t\t\t\t<\/a>\n\t\t\t\t\t\t\t<a class=\"e-gallery-item elementor-gallery-item elementor-animated-content\" href=\"https:\/\/kajaki-sanok.pl\/wp-content\/uploads\/2025\/05\/P9210001.jpg\" data-elementor-open-lightbox=\"yes\" data-elementor-lightbox-slideshow=\"4e96e10d\" data-elementor-lightbox-title=\"most kolejowy Zag\u00f3rz\" data-e-action-hash=\"#elementor-action%3Aaction%3Dlightbox%26settings%3DeyJpZCI6MTgwOCwidXJsIjoiaHR0cHM6XC9cL2thamFraS1zYW5vay5wbFwvd3AtY29udGVudFwvdXBsb2Fkc1wvMjAyNVwvMDVcL1A5MjEwMDAxLmpwZyIsInNsaWRlc2hvdyI6IjRlOTZlMTBkIn0%3D\">\n\t\t\t\t\t<div class=\"e-gallery-image elementor-gallery-item__image\" data-thumbnail=\"https:\/\/kajaki-sanok.pl\/wp-content\/uploads\/2025\/05\/P9210001-300x225.jpg\" data-width=\"300\" data-height=\"225\" aria-label=\"\" role=\"img\" ><\/div>\n\t\t\t\t\t\t\t\t\t\t\t<div class=\"elementor-gallery-item__overlay\"><\/div>\n\t\t\t\t\t\t\t\t\t\t\t\t\t\t<\/a>\n\t\t\t\t\t\t\t<a class=\"e-gallery-item elementor-gallery-item elementor-animated-content\" href=\"https:\/\/kajaki-sanok.pl\/wp-content\/uploads\/2025\/05\/370457555_9987705444632904_3747622060831963306_n.jpg\" data-elementor-open-lightbox=\"yes\" data-elementor-lightbox-slideshow=\"4e96e10d\" data-elementor-lightbox-title=\"stope\u0144 wodny\" data-e-action-hash=\"#elementor-action%3Aaction%3Dlightbox%26settings%3DeyJpZCI6MTg0MywidXJsIjoiaHR0cHM6XC9cL2thamFraS1zYW5vay5wbFwvd3AtY29udGVudFwvdXBsb2Fkc1wvMjAyNVwvMDVcLzM3MDQ1NzU1NV85OTg3NzA1NDQ0NjMyOTA0XzM3NDc2MjIwNjA4MzE5NjMzMDZfbi5qcGciLCJzbGlkZXNob3ciOiI0ZTk2ZTEwZCJ9\">\n\t\t\t\t\t<div class=\"e-gallery-image elementor-gallery-item__image\" data-thumbnail=\"https:\/\/kajaki-sanok.pl\/wp-content\/uploads\/2025\/05\/370457555_9987705444632904_3747622060831963306_n-225x300.jpg\" data-width=\"225\" data-height=\"300\" aria-label=\"\" role=\"img\" ><\/div>\n\t\t\t\t\t\t\t\t\t\t\t<div class=\"elementor-gallery-item__overlay\"><\/div>\n\t\t\t\t\t\t\t\t\t\t\t\t\t\t<\/a>\n\t\t\t\t\t\t\t<a class=\"e-gallery-item elementor-gallery-item elementor-animated-content\" href=\"https:\/\/kajaki-sanok.pl\/wp-content\/uploads\/2024\/03\/ML117640-1.jpg\" data-elementor-open-lightbox=\"yes\" data-elementor-lightbox-slideshow=\"4e96e10d\" data-elementor-lightbox-title=\"sp\u0142yw kajakowy bieszczady\" data-e-action-hash=\"#elementor-action%3Aaction%3Dlightbox%26settings%3DeyJpZCI6NDcyLCJ1cmwiOiJodHRwczpcL1wva2FqYWtpLXNhbm9rLnBsXC93cC1jb250ZW50XC91cGxvYWRzXC8yMDI0XC8wM1wvTUwxMTc2NDAtMS5qcGciLCJzbGlkZXNob3ciOiI0ZTk2ZTEwZCJ9\">\n\t\t\t\t\t<div class=\"e-gallery-image elementor-gallery-item__image\" data-thumbnail=\"https:\/\/kajaki-sanok.pl\/wp-content\/uploads\/2024\/03\/ML117640-1-300x225.jpg\" data-width=\"300\" data-height=\"225\" aria-label=\"sp\u0142ywy kajakowe bieszczady, kajaki bieszczady sp\u0142yw podkarpacie, san kajak, sp\u0142yw sanem\" role=\"img\" ><\/div>\n\t\t\t\t\t\t\t\t\t\t\t<div class=\"elementor-gallery-item__overlay\"><\/div>\n\t\t\t\t\t\t\t\t\t\t\t\t\t\t<\/a>\n\t\t\t\t\t\t\t<a class=\"e-gallery-item elementor-gallery-item elementor-animated-content\" href=\"https:\/\/kajaki-sanok.pl\/wp-content\/uploads\/2024\/03\/ML117642.jpg\" data-elementor-open-lightbox=\"yes\" data-elementor-lightbox-slideshow=\"4e96e10d\" data-elementor-lightbox-title=\"kajaki bieszczady\" data-e-action-hash=\"#elementor-action%3Aaction%3Dlightbox%26settings%3DeyJpZCI6NDczLCJ1cmwiOiJodHRwczpcL1wva2FqYWtpLXNhbm9rLnBsXC93cC1jb250ZW50XC91cGxvYWRzXC8yMDI0XC8wM1wvTUwxMTc2NDIuanBnIiwic2xpZGVzaG93IjoiNGU5NmUxMGQifQ%3D%3D\">\n\t\t\t\t\t<div class=\"e-gallery-image elementor-gallery-item__image\" data-thumbnail=\"https:\/\/kajaki-sanok.pl\/wp-content\/uploads\/2024\/03\/ML117642-300x225.jpg\" data-width=\"300\" data-height=\"225\" aria-label=\"sp\u0142ywy kajakowe bieszczady, kajaki bieszczady sp\u0142yw podkarpacie, san kajak, sp\u0142yw sanem\" role=\"img\" ><\/div>\n\t\t\t\t\t\t\t\t\t\t\t<div class=\"elementor-gallery-item__overlay\"><\/div>\n\t\t\t\t\t\t\t\t\t\t\t\t\t\t<\/a>\n\t\t\t\t\t\t\t<a class=\"e-gallery-item elementor-gallery-item elementor-animated-content\" href=\"https:\/\/kajaki-sanok.pl\/wp-content\/uploads\/2024\/03\/1019653-2.jpg\" data-elementor-open-lightbox=\"yes\" data-elementor-lightbox-slideshow=\"4e96e10d\" data-elementor-lightbox-title=\"sp\u0142yw kajakowy w bieszczadch\" data-e-action-hash=\"#elementor-action%3Aaction%3Dlightbox%26settings%3DeyJpZCI6NDY5LCJ1cmwiOiJodHRwczpcL1wva2FqYWtpLXNhbm9rLnBsXC93cC1jb250ZW50XC91cGxvYWRzXC8yMDI0XC8wM1wvMTAxOTY1My0yLmpwZyIsInNsaWRlc2hvdyI6IjRlOTZlMTBkIn0%3D\">\n\t\t\t\t\t<div class=\"e-gallery-image elementor-gallery-item__image\" data-thumbnail=\"https:\/\/kajaki-sanok.pl\/wp-content\/uploads\/2024\/03\/1019653-2-300x225.jpg\" data-width=\"300\" data-height=\"225\" aria-label=\"sp\u0142ywy kajakowe bieszczady, kajaki bieszczady sp\u0142yw podkarpacie, san kajak, sp\u0142yw sanem\" role=\"img\" ><\/div>\n\t\t\t\t\t\t\t\t\t\t\t<div class=\"elementor-gallery-item__overlay\"><\/div>\n\t\t\t\t\t\t\t\t\t\t\t\t\t\t<\/a>\n\t\t\t\t\t\t\t<a class=\"e-gallery-item elementor-gallery-item elementor-animated-content\" href=\"https:\/\/kajaki-sanok.pl\/wp-content\/uploads\/2024\/03\/ML117645-1.jpg\" data-elementor-open-lightbox=\"yes\" data-elementor-lightbox-slideshow=\"4e96e10d\" data-elementor-lightbox-title=\"sp\u0142ywy kajakowe podkarpackie\" data-e-action-hash=\"#elementor-action%3Aaction%3Dlightbox%26settings%3DeyJpZCI6NDc0LCJ1cmwiOiJodHRwczpcL1wva2FqYWtpLXNhbm9rLnBsXC93cC1jb250ZW50XC91cGxvYWRzXC8yMDI0XC8wM1wvTUwxMTc2NDUtMS5qcGciLCJzbGlkZXNob3ciOiI0ZTk2ZTEwZCJ9\">\n\t\t\t\t\t<div class=\"e-gallery-image elementor-gallery-item__image\" data-thumbnail=\"https:\/\/kajaki-sanok.pl\/wp-content\/uploads\/2024\/03\/ML117645-1-300x224.jpg\" data-width=\"300\" data-height=\"224\" aria-label=\"sp\u0142ywy kajakowe bieszczady, kajaki bieszczady sp\u0142yw podkarpacie, san kajak, sp\u0142yw sanem\" role=\"img\" ><\/div>\n\t\t\t\t\t\t\t\t\t\t\t<div class=\"elementor-gallery-item__overlay\"><\/div>\n\t\t\t\t\t\t\t\t\t\t\t\t\t\t<\/a>\n\t\t\t\t\t\t\t<a class=\"e-gallery-item elementor-gallery-item elementor-animated-content\" href=\"https:\/\/kajaki-sanok.pl\/wp-content\/uploads\/2024\/03\/1019669-3.jpg\" data-elementor-open-lightbox=\"yes\" data-elementor-lightbox-slideshow=\"4e96e10d\" data-elementor-lightbox-title=\"sanok pontony\" data-e-action-hash=\"#elementor-action%3Aaction%3Dlightbox%26settings%3DeyJpZCI6NDcwLCJ1cmwiOiJodHRwczpcL1wva2FqYWtpLXNhbm9rLnBsXC93cC1jb250ZW50XC91cGxvYWRzXC8yMDI0XC8wM1wvMTAxOTY2OS0zLmpwZyIsInNsaWRlc2hvdyI6IjRlOTZlMTBkIn0%3D\">\n\t\t\t\t\t<div class=\"e-gallery-image elementor-gallery-item__image\" data-thumbnail=\"https:\/\/kajaki-sanok.pl\/wp-content\/uploads\/2024\/03\/1019669-3-300x225.jpg\" data-width=\"300\" data-height=\"225\" aria-label=\"sp\u0142ywy kajakowe bieszczady, kajaki bieszczady sp\u0142yw podkarpacie, san kajak, sp\u0142yw sanem\" role=\"img\" ><\/div>\n\t\t\t\t\t\t\t\t\t\t\t<div class=\"elementor-gallery-item__overlay\"><\/div>\n\t\t\t\t\t\t\t\t\t\t\t\t\t\t<\/a>\n\t\t\t\t\t\t\t<a class=\"e-gallery-item elementor-gallery-item elementor-animated-content\" href=\"https:\/\/kajaki-sanok.pl\/wp-content\/uploads\/2025\/05\/P4270167.jpg\" data-elementor-open-lightbox=\"yes\" data-elementor-lightbox-slideshow=\"4e96e10d\" data-elementor-lightbox-title=\"Sanok\" data-e-action-hash=\"#elementor-action%3Aaction%3Dlightbox%26settings%3DeyJpZCI6MTgyNCwidXJsIjoiaHR0cHM6XC9cL2thamFraS1zYW5vay5wbFwvd3AtY29udGVudFwvdXBsb2Fkc1wvMjAyNVwvMDVcL1A0MjcwMTY3LmpwZyIsInNsaWRlc2hvdyI6IjRlOTZlMTBkIn0%3D\">\n\t\t\t\t\t<div class=\"e-gallery-image elementor-gallery-item__image\" data-thumbnail=\"https:\/\/kajaki-sanok.pl\/wp-content\/uploads\/2025\/05\/P4270167-300x225.jpg\" data-width=\"300\" data-height=\"225\" aria-label=\"\" role=\"img\" ><\/div>\n\t\t\t\t\t\t\t\t\t\t\t<div class=\"elementor-gallery-item__overlay\"><\/div>\n\t\t\t\t\t\t\t\t\t\t\t\t\t\t<\/a>\n\t\t\t\t\t\t\t<a class=\"e-gallery-item elementor-gallery-item elementor-animated-content\" href=\"https:\/\/kajaki-sanok.pl\/wp-content\/uploads\/2024\/03\/zaluz-sanok2-kopia.jpg\" data-elementor-open-lightbox=\"yes\" data-elementor-lightbox-slideshow=\"4e96e10d\" data-elementor-lightbox-title=\"za\u0142u\u017c-sanok2-kopia\" data-elementor-lightbox-description=\"sp\u0142ywy kajakowe bieszczady, kajaki bieszczady sp\u0142yw podkarpacie, san kajak, sp\u0142yw sanem\" data-e-action-hash=\"#elementor-action%3Aaction%3Dlightbox%26settings%3DeyJpZCI6NDc2LCJ1cmwiOiJodHRwczpcL1wva2FqYWtpLXNhbm9rLnBsXC93cC1jb250ZW50XC91cGxvYWRzXC8yMDI0XC8wM1wvemFsdXotc2Fub2syLWtvcGlhLmpwZyIsInNsaWRlc2hvdyI6IjRlOTZlMTBkIn0%3D\">\n\t\t\t\t\t<div class=\"e-gallery-image elementor-gallery-item__image\" data-thumbnail=\"https:\/\/kajaki-sanok.pl\/wp-content\/uploads\/2024\/03\/zaluz-sanok2-kopia-300x233.jpg\" data-width=\"300\" data-height=\"233\" aria-label=\"sp\u0142ywy kajakowe bieszczady, kajaki bieszczady sp\u0142yw podkarpacie, san kajak, sp\u0142yw sanem\" role=\"img\" ><\/div>\n\t\t\t\t\t\t\t\t\t\t\t<div class=\"elementor-gallery-item__overlay\"><\/div>\n\t\t\t\t\t\t\t\t\t\t\t\t\t\t<\/a>\n\t\t\t\t\t<\/div>\n\t\t\t\t\t<\/div>\n\t\t\t\t<\/div>\n\t\t\t\t\t<\/div>\n\t\t\t\t<\/div>\n\t\t\t\t\t<\/div>\n\t\t\t\t<\/div>\n\t\t\t\t<\/div>","protected":false},"excerpt":{"rendered":"<p>Zaluz &#8211; sanok Trasa Za\u0142u\u017c &#8211; Sanok Spotykamy si\u0119 na parkingu przed mostem do skansenu w Sanoku, sk\u0105d zabieram Pa\u0144stwa na miejsce startu. Sp\u0142yw zaczynamy kilkaset metr\u00f3w przed du\u017c\u0105 wysp\u0105 po\u015brodku rzeki tutaj sp\u0142ywamy na lew\u0105 stron\u0119 przy niskim stanie wody (uwaga szybki nurt) lub praw\u0105. Nast\u0119pnie mijamy most kolejowy w Zag\u00f3rzu i uwaga kilkaset [&hellip;]<\/p>","protected":false},"author":1,"featured_media":0,"parent":0,"menu_order":0,"comment_status":"closed","ping_status":"closed","template":"","meta":{"footnotes":""},"class_list":["post-465","page","type-page","status-publish","hentry"],"_links":{"self":[{"href":"https:\/\/kajaki-sanok.pl\/de\/wp-json\/wp\/v2\/pages\/465","targetHints":{"allow":["GET"]}}],"collection":[{"href":"https:\/\/kajaki-sanok.pl\/de\/wp-json\/wp\/v2\/pages"}],"about":[{"href":"https:\/\/kajaki-sanok.pl\/de\/wp-json\/wp\/v2\/types\/page"}],"author":[{"embeddable":true,"href":"https:\/\/kajaki-sanok.pl\/de\/wp-json\/wp\/v2\/users\/1"}],"replies":[{"embeddable":true,"href":"https:\/\/kajaki-sanok.pl\/de\/wp-json\/wp\/v2\/comments?post=465"}],"version-history":[{"count":12,"href":"https:\/\/kajaki-sanok.pl\/de\/wp-json\/wp\/v2\/pages\/465\/revisions"}],"predecessor-version":[{"id":1846,"href":"https:\/\/kajaki-sanok.pl\/de\/wp-json\/wp\/v2\/pages\/465\/revisions\/1846"}],"wp:attachment":[{"href":"https:\/\/kajaki-sanok.pl\/de\/wp-json\/wp\/v2\/media?parent=465"}],"curies":[{"name":"wp","href":"https:\/\/api.w.org\/{rel}","templated":true}]}}