{"id":608,"date":"2024-03-10T16:16:43","date_gmt":"2024-03-10T16:16:43","guid":{"rendered":"https:\/\/kajaki-sanok.pl\/?page_id=608"},"modified":"2024-03-18T21:01:51","modified_gmt":"2024-03-18T21:01:51","slug":"faq","status":"publish","type":"page","link":"https:\/\/kajaki-sanok.pl\/de\/faq\/","title":{"rendered":"FAQ"},"content":{"rendered":"<div data-elementor-type=\"wp-page\" data-elementor-id=\"608\" class=\"elementor elementor-608\" data-elementor-post-type=\"page\">\n\t\t\t\t\t\t<section class=\"elementor-section elementor-top-section elementor-element elementor-element-ae7659c elementor-section-height-min-height elementor-section-boxed elementor-section-height-default elementor-section-items-middle\" data-id=\"ae7659c\" data-element_type=\"section\" data-e-type=\"section\" data-settings=\"{&quot;background_background&quot;:&quot;classic&quot;}\">\n\t\t\t\t\t\t\t<div class=\"elementor-background-overlay\"><\/div>\n\t\t\t\t\t\t\t<div class=\"elementor-container elementor-column-gap-default\">\n\t\t\t\t\t<div class=\"elementor-column elementor-col-100 elementor-top-column elementor-element elementor-element-743de6d4\" data-id=\"743de6d4\" data-element_type=\"column\" data-e-type=\"column\">\n\t\t\t<div class=\"elementor-widget-wrap elementor-element-populated\">\n\t\t\t\t\t\t<div class=\"elementor-element elementor-element-3f5f87b7 elementor-widget elementor-widget-heading\" data-id=\"3f5f87b7\" data-element_type=\"widget\" data-e-type=\"widget\" data-widget_type=\"heading.default\">\n\t\t\t\t<div class=\"elementor-widget-container\">\n\t\t\t\t\t<h1 class=\"elementor-heading-title elementor-size-default\">FAQ<\/h1>\t\t\t\t<\/div>\n\t\t\t\t<\/div>\n\t\t\t\t\t<\/div>\n\t\t<\/div>\n\t\t\t\t\t<\/div>\n\t\t<\/section>\n\t\t<div class=\"elementor-element elementor-element-347bddcf e-flex e-con-boxed e-con e-parent\" data-id=\"347bddcf\" data-element_type=\"container\" data-e-type=\"container\">\n\t\t\t\t\t<div class=\"e-con-inner\">\n\t\t\t\t<div class=\"elementor-element elementor-element-167a701a elementor-widget elementor-widget-html\" data-id=\"167a701a\" data-element_type=\"widget\" data-e-type=\"widget\" data-widget_type=\"html.default\">\n\t\t\t\t<div class=\"elementor-widget-container\">\n\t\t\t\t\t<h2 class=\"h2-header\">Co zabrac na sp\u0142yw kajakowy?\r\n<\/h2>\t\t\t\t<\/div>\n\t\t\t\t<\/div>\n\t\t\t\t\t<\/div>\n\t\t\t\t<\/div>\n\t\t<div class=\"elementor-element elementor-element-60579382 e-flex e-con-boxed e-con e-parent\" data-id=\"60579382\" data-element_type=\"container\" data-e-type=\"container\">\n\t\t\t\t\t<div class=\"e-con-inner\">\n\t\t\t\t<div class=\"elementor-element elementor-element-2a1bdd21 elementor-widget elementor-widget-heading\" data-id=\"2a1bdd21\" data-element_type=\"widget\" data-e-type=\"widget\" data-widget_type=\"heading.default\">\n\t\t\t\t<div class=\"elementor-widget-container\">\n\t\t\t\t\t<p class=\"elementor-heading-title elementor-size-default\">Umiej\u0119tno\u015bci, do\u015bwiadczenie, wiedze, dobry humor i pogod\u0119 <\/p>\t\t\t\t<\/div>\n\t\t\t\t<\/div>\n\t\t\t\t\t<\/div>\n\t\t\t\t<\/div>\n\t\t<div class=\"elementor-element elementor-element-51da0e08 e-flex e-con-boxed e-con e-parent\" data-id=\"51da0e08\" data-element_type=\"container\" data-e-type=\"container\">\n\t\t\t\t\t<div class=\"e-con-inner\">\n\t\t\t\t<div class=\"elementor-element elementor-element-391d5da1 elementor-widget elementor-widget-heading\" data-id=\"391d5da1\" data-element_type=\"widget\" data-e-type=\"widget\" data-widget_type=\"heading.default\">\n\t\t\t\t<div class=\"elementor-widget-container\">\n\t\t\t\t\t<p class=\"elementor-heading-title elementor-size-default\">W zale\u017cno\u015bci od trasy jak\u0105 zamierza si\u0119 pokona\u0107 (d\u0142ugo\u015b\u0107, poziom trudno\u015bci, dost\u0119pno\u015b\u0107 p\u00f3l namiotowych itp.) ekwipunek mo\u017ce zawiera\u0107 najrozmaitsze przedmioty, dlatego przed wyjazdem na sp\u0142yw nale\u017cy oceni\u0107 czy wszystko co potrzebne zosta\u0142o zabrane oraz czy przypadkiem nie zabieramy rzeczy, kt\u00f3re mog\u0105 sta\u0107 si\u0119 niepotrzebnym balastem.<\/p>\t\t\t\t<\/div>\n\t\t\t\t<\/div>\n\t\t\t\t\t<\/div>\n\t\t\t\t<\/div>\n\t\t<div class=\"elementor-element elementor-element-1583926 e-flex e-con-boxed e-con e-parent\" data-id=\"1583926\" data-element_type=\"container\" data-e-type=\"container\">\n\t\t\t\t\t<div class=\"e-con-inner\">\n\t\t\t\t<div class=\"elementor-element elementor-element-40094fc elementor-widget elementor-widget-heading\" data-id=\"40094fc\" data-element_type=\"widget\" data-e-type=\"widget\" data-widget_type=\"heading.default\">\n\t\t\t\t<div class=\"elementor-widget-container\">\n\t\t\t\t\t<p class=\"elementor-heading-title elementor-size-default\">Lista przedmiot\u00f3w przydatnych przy jedno i wi\u0119cej dniowym sp\u0142ywie: namiot, karimata, \u015bpiw\u00f3r, woda, pojemnik na wod\u0119, kubki, sztu\u0107ce, saperka, papier toaletowy, chusteczki, worki foliowe, zapasowe komplety ubra\u0144, kurtka przeciwdeszczowa, peleryna, str\u00f3j k\u0105pielowy, r\u0119cznik, nakrycie na g\u0142ow\u0119, krem z filtrem, myd\u0142o itp., apteczka, latarka, spray na komary, zapas jedzenia (przy d\u0142u\u017cszych sp\u0142ywach min. na 2 dni (je\u017celi trasa sp\u0142ywu cz\u0119sto zahacza o miejscowo\u015bci, mo\u017cna p\u0142yn\u0105\u0107 z mniejszym zapasem), torba lub plecak, worki wodoszczelne (do zabezpieczenia ubra\u0144 mo\u017cna u\u017cy\u0107 work\u00f3w foliowych), obuwie (sanda\u0142y, trampki, specjalne buty z pianki), cuma (sznurek 3-5m), pojemnik wodoszczelny na portfel, telefon, aparat, kamer\u0119, butla z gazem, zapas zapa\u0142ek, zapalniczka.<\/p>\t\t\t\t<\/div>\n\t\t\t\t<\/div>\n\t\t\t\t\t<\/div>\n\t\t\t\t<\/div>\n\t\t<div class=\"elementor-element elementor-element-0ce8b2a e-flex e-con-boxed e-con e-parent\" data-id=\"0ce8b2a\" data-element_type=\"container\" data-e-type=\"container\">\n\t\t\t\t\t<div class=\"e-con-inner\">\n\t\t\t\t<div class=\"elementor-element elementor-element-4d82d05 elementor-widget elementor-widget-heading\" data-id=\"4d82d05\" data-element_type=\"widget\" data-e-type=\"widget\" data-widget_type=\"heading.default\">\n\t\t\t\t<div class=\"elementor-widget-container\">\n\t\t\t\t\t<p class=\"elementor-heading-title elementor-size-default\">Lista przedmiot\u00f3w przydatnych przy kr\u00f3tkim kilkugodzinnym sp\u0142ywie: nakrycie na g\u0142ow\u0119, krem z filtrem, kurtka przeciwdeszczowa, spray na komary, torba lub plecak, worki wodoszczelne (do zabezpieczenia ubra\u0144 mo\u017cna u\u017cy\u0107 work\u00f3w foliowych), obuwie (sanda\u0142y, trampki, specjalne buty z pianki), cuma (sznurek 3-5m), pojemnik wodoszczelny na portfel, telefon, aparat, kamer\u0119.<\/p>\t\t\t\t<\/div>\n\t\t\t\t<\/div>\n\t\t\t\t\t<\/div>\n\t\t\t\t<\/div>\n\t\t<div class=\"elementor-element elementor-element-77fdb4d6 e-flex e-con-boxed e-con e-parent\" data-id=\"77fdb4d6\" data-element_type=\"container\" data-e-type=\"container\">\n\t\t\t\t\t<div class=\"e-con-inner\">\n\t\t\t\t<div class=\"elementor-element elementor-element-3435882 elementor-widget elementor-widget-heading\" data-id=\"3435882\" data-element_type=\"widget\" data-e-type=\"widget\" data-widget_type=\"heading.default\">\n\t\t\t\t<div class=\"elementor-widget-container\">\n\t\t\t\t\t<p class=\"elementor-heading-title elementor-size-default\">Przydatne numery telefon\u00f3w<\/p>\t\t\t\t<\/div>\n\t\t\t\t<\/div>\n\t\t\t\t\t<\/div>\n\t\t\t\t<\/div>\n\t\t<div class=\"elementor-element elementor-element-85ed294 e-flex e-con-boxed e-con e-parent\" data-id=\"85ed294\" data-element_type=\"container\" data-e-type=\"container\">\n\t\t\t\t\t<div class=\"e-con-inner\">\n\t\t\t\t<div class=\"elementor-element elementor-element-429f7e2 elementor-widget elementor-widget-heading\" data-id=\"429f7e2\" data-element_type=\"widget\" data-e-type=\"widget\" data-widget_type=\"heading.default\">\n\t\t\t\t<div class=\"elementor-widget-container\">\n\t\t\t\t\t<p class=\"elementor-heading-title elementor-size-default\">Telefon og\u00f3lny 112<br>Pogotowie ratunkowe 999<br> Policja 997<br> WOPR 985, 601100100<br> GOPR 985, 601100300.\n\n<\/p>\t\t\t\t<\/div>\n\t\t\t\t<\/div>\n\t\t\t\t\t<\/div>\n\t\t\t\t<\/div>\n\t\t<div class=\"elementor-element elementor-element-7267cf11 e-flex e-con-boxed e-con e-parent\" data-id=\"7267cf11\" data-element_type=\"container\" data-e-type=\"container\">\n\t\t\t\t\t<div class=\"e-con-inner\">\n\t\t\t\t<div class=\"elementor-element elementor-element-15d9e8c elementor-widget elementor-widget-heading\" data-id=\"15d9e8c\" data-element_type=\"widget\" data-e-type=\"widget\" data-widget_type=\"heading.default\">\n\t\t\t\t<div class=\"elementor-widget-container\">\n\t\t\t\t\t<h3 class=\"elementor-heading-title elementor-size-default\"><a href=\"https:\/\/www.kayakpaddling.net\/pl\/\">Tutaj nauczysz si\u0119 kilku zasad bezpiecznego poruszania kajakiem<\/a><\/h3>\t\t\t\t<\/div>\n\t\t\t\t<\/div>\n\t\t\t\t\t<\/div>\n\t\t\t\t<\/div>\n\t\t<div class=\"elementor-element elementor-element-298cb674 e-flex e-con-boxed e-con e-parent\" data-id=\"298cb674\" data-element_type=\"container\" data-e-type=\"container\">\n\t\t\t\t\t<div class=\"e-con-inner\">\n\t\t\t\t<div class=\"elementor-element elementor-element-bec4bc4 elementor-position-left elementor-vertical-align-middle elementor-widget elementor-widget-image-box\" data-id=\"bec4bc4\" data-element_type=\"widget\" data-e-type=\"widget\" data-widget_type=\"image-box.default\">\n\t\t\t\t<div class=\"elementor-widget-container\">\n\t\t\t\t\t<div class=\"elementor-image-box-wrapper\"><figure class=\"elementor-image-box-img\"><a href=\"https:\/\/www.youtube.com\/watch?v=O7v6Snat3Ts\" tabindex=\"-1\"><img fetchpriority=\"high\" decoding=\"async\" width=\"266\" height=\"189\" src=\"https:\/\/kajaki-sanok.pl\/wp-content\/uploads\/2024\/03\/images.jpeg\" class=\"attachment-full size-full wp-image-343\" alt=\"\" \/><\/a><\/figure><div class=\"elementor-image-box-content\"><h3 class=\"elementor-image-box-title\"><a href=\"https:\/\/www.youtube.com\/watch?v=O7v6Snat3Ts\">Sztuczne progi - odwoje (poogl\u0105daj)   <\/a><\/h3><\/div><\/div>\t\t\t\t<\/div>\n\t\t\t\t<\/div>\n\t\t\t\t\t<\/div>\n\t\t\t\t<\/div>\n\t\t<div class=\"elementor-element elementor-element-77d233c9 e-flex e-con-boxed e-con e-parent\" data-id=\"77d233c9\" data-element_type=\"container\" data-e-type=\"container\">\n\t\t\t\t\t<div class=\"e-con-inner\">\n\t\t\t\t<div class=\"elementor-element elementor-element-64bafda0 elementor-position-left elementor-vertical-align-middle elementor-widget elementor-widget-image-box\" data-id=\"64bafda0\" data-element_type=\"widget\" data-e-type=\"widget\" data-widget_type=\"image-box.default\">\n\t\t\t\t<div class=\"elementor-widget-container\">\n\t\t\t\t\t<div class=\"elementor-image-box-wrapper\"><figure class=\"elementor-image-box-img\"><a href=\"https:\/\/www.youtube.com\/watch?v=aCIRwHb8eYA\" tabindex=\"-1\"><img decoding=\"async\" width=\"472\" height=\"472\" src=\"https:\/\/kajaki-sanok.pl\/wp-content\/uploads\/2024\/03\/inside_500x0.webp\" class=\"attachment-full size-full wp-image-344\" alt=\"\" srcset=\"https:\/\/kajaki-sanok.pl\/wp-content\/uploads\/2024\/03\/inside_500x0.webp 472w, https:\/\/kajaki-sanok.pl\/wp-content\/uploads\/2024\/03\/inside_500x0-300x300.webp 300w, https:\/\/kajaki-sanok.pl\/wp-content\/uploads\/2024\/03\/inside_500x0-150x150.webp 150w\" sizes=\"(max-width: 472px) 100vw, 472px\" \/><\/a><\/figure><div class=\"elementor-image-box-content\"><h3 class=\"elementor-image-box-title\"><a href=\"https:\/\/www.youtube.com\/watch?v=aCIRwHb8eYA\">Pierwsza pomoc(zobacz koniecznie)<\/a><\/h3><\/div><\/div>\t\t\t\t<\/div>\n\t\t\t\t<\/div>\n\t\t\t\t\t<\/div>\n\t\t\t\t<\/div>\n\t\t\t\t<\/div>","protected":false},"excerpt":{"rendered":"<p>FAQ Co zabrac na sp\u0142yw kajakowy? Umiej\u0119tno\u015bci, do\u015bwiadczenie, wiedze, dobry humor i pogod\u0119 W zale\u017cno\u015bci od trasy jak\u0105 zamierza si\u0119 pokona\u0107 (d\u0142ugo\u015b\u0107, poziom trudno\u015bci, dost\u0119pno\u015b\u0107 p\u00f3l namiotowych itp.) ekwipunek mo\u017ce zawiera\u0107 najrozmaitsze przedmioty, dlatego przed wyjazdem na sp\u0142yw nale\u017cy oceni\u0107 czy wszystko co potrzebne zosta\u0142o zabrane oraz czy przypadkiem nie zabieramy rzeczy, kt\u00f3re mog\u0105 sta\u0107 [&hellip;]<\/p>","protected":false},"author":1,"featured_media":0,"parent":0,"menu_order":0,"comment_status":"closed","ping_status":"closed","template":"","meta":{"footnotes":""},"class_list":["post-608","page","type-page","status-publish","hentry"],"_links":{"self":[{"href":"https:\/\/kajaki-sanok.pl\/de\/wp-json\/wp\/v2\/pages\/608","targetHints":{"allow":["GET"]}}],"collection":[{"href":"https:\/\/kajaki-sanok.pl\/de\/wp-json\/wp\/v2\/pages"}],"about":[{"href":"https:\/\/kajaki-sanok.pl\/de\/wp-json\/wp\/v2\/types\/page"}],"author":[{"embeddable":true,"href":"https:\/\/kajaki-sanok.pl\/de\/wp-json\/wp\/v2\/users\/1"}],"replies":[{"embeddable":true,"href":"https:\/\/kajaki-sanok.pl\/de\/wp-json\/wp\/v2\/comments?post=608"}],"version-history":[{"count":3,"href":"https:\/\/kajaki-sanok.pl\/de\/wp-json\/wp\/v2\/pages\/608\/revisions"}],"predecessor-version":[{"id":1231,"href":"https:\/\/kajaki-sanok.pl\/de\/wp-json\/wp\/v2\/pages\/608\/revisions\/1231"}],"wp:attachment":[{"href":"https:\/\/kajaki-sanok.pl\/de\/wp-json\/wp\/v2\/media?parent=608"}],"curies":[{"name":"wp","href":"https:\/\/api.w.org\/{rel}","templated":true}]}}