{"id":634,"date":"2024-03-10T16:59:39","date_gmt":"2024-03-10T16:59:39","guid":{"rendered":"https:\/\/kajaki-sanok.pl\/?page_id=634"},"modified":"2024-03-29T15:27:55","modified_gmt":"2024-03-29T15:27:55","slug":"kadra","status":"publish","type":"page","link":"https:\/\/kajaki-sanok.pl\/de\/kadra\/","title":{"rendered":"Mitarbeiter"},"content":{"rendered":"<div data-elementor-type=\"wp-page\" data-elementor-id=\"634\" class=\"elementor elementor-634\" data-elementor-post-type=\"page\">\n\t\t\t\t\t\t<section class=\"elementor-section elementor-top-section elementor-element elementor-element-52c04d2f elementor-section-height-min-height elementor-section-boxed elementor-section-height-default elementor-section-items-middle\" data-id=\"52c04d2f\" data-element_type=\"section\" data-e-type=\"section\" data-settings=\"{&quot;background_background&quot;:&quot;classic&quot;}\">\n\t\t\t\t\t\t\t<div class=\"elementor-background-overlay\"><\/div>\n\t\t\t\t\t\t\t<div class=\"elementor-container elementor-column-gap-default\">\n\t\t\t\t\t<div class=\"elementor-column elementor-col-100 elementor-top-column elementor-element elementor-element-1add445f\" data-id=\"1add445f\" data-element_type=\"column\" data-e-type=\"column\">\n\t\t\t<div class=\"elementor-widget-wrap elementor-element-populated\">\n\t\t\t\t\t\t<div class=\"elementor-element elementor-element-1fa6e759 elementor-widget elementor-widget-heading\" data-id=\"1fa6e759\" data-element_type=\"widget\" data-e-type=\"widget\" data-widget_type=\"heading.default\">\n\t\t\t\t<div class=\"elementor-widget-container\">\n\t\t\t\t\t<h1 class=\"elementor-heading-title elementor-size-default\">Mitarbeiter<\/h1>\t\t\t\t<\/div>\n\t\t\t\t<\/div>\n\t\t\t\t\t<\/div>\n\t\t<\/div>\n\t\t\t\t\t<\/div>\n\t\t<\/section>\n\t\t<div class=\"elementor-element elementor-element-1eb7ce6f e-flex e-con-boxed e-con e-parent\" data-id=\"1eb7ce6f\" data-element_type=\"container\" data-e-type=\"container\">\n\t\t\t\t\t<div class=\"e-con-inner\">\n\t\t\t\t<div class=\"elementor-element elementor-element-27688d87 elementor-widget elementor-widget-html\" data-id=\"27688d87\" data-element_type=\"widget\" data-e-type=\"widget\" data-widget_type=\"html.default\">\n\t\t\t\t<div class=\"elementor-widget-container\">\n\t\t\t\t\t<h2 class=\"h2-header\">Micha\u0142 Lorenc<\/h2>\t\t\t\t<\/div>\n\t\t\t\t<\/div>\n\t\t\t\t\t<\/div>\n\t\t\t\t<\/div>\n\t\t<div class=\"elementor-element elementor-element-5ef0c8cc e-flex e-con-boxed e-con e-parent\" data-id=\"5ef0c8cc\" data-element_type=\"container\" data-e-type=\"container\">\n\t\t\t\t\t<div class=\"e-con-inner\">\n\t\t\t\t<div class=\"elementor-element elementor-element-3b25db2f elementor-widget elementor-widget-heading\" data-id=\"3b25db2f\" data-element_type=\"widget\" data-e-type=\"widget\" data-widget_type=\"heading.default\">\n\t\t\t\t<div class=\"elementor-widget-container\">\n\t\t\t\t\t<p class=\"elementor-heading-title elementor-size-default\">Besitzer, Kajak-Enthusiast, ist auf Fl\u00fcssen in Polen, Kanada, England und Deutschland gepaddelt, Qualifizierter Tourismuslehrer<\/p>\t\t\t\t<\/div>\n\t\t\t\t<\/div>\n\t\t\t\t\t<\/div>\n\t\t\t\t<\/div>\n\t\t<div class=\"elementor-element elementor-element-253f212 e-flex e-con-boxed e-con e-parent\" data-id=\"253f212\" data-element_type=\"container\" data-e-type=\"container\">\n\t\t\t\t\t<div class=\"e-con-inner\">\n\t\t<div class=\"elementor-element elementor-element-836593e e-con-full e-flex e-con e-child\" data-id=\"836593e\" data-element_type=\"container\" data-e-type=\"container\">\n\t\t\t\t<div class=\"elementor-element elementor-element-8a175ca elementor-widget elementor-widget-image\" data-id=\"8a175ca\" data-element_type=\"widget\" data-e-type=\"widget\" data-widget_type=\"image.default\">\n\t\t\t\t<div class=\"elementor-widget-container\">\n\t\t\t\t\t\t\t\t\t\t\t\t\t\t\t<img fetchpriority=\"high\" decoding=\"async\" width=\"900\" height=\"626\" src=\"https:\/\/kajaki-sanok.pl\/wp-content\/uploads\/2024\/03\/CCF20151123_0003.jpg\" class=\"attachment-full size-full wp-image-744\" alt=\"\" srcset=\"https:\/\/kajaki-sanok.pl\/wp-content\/uploads\/2024\/03\/CCF20151123_0003.jpg 900w, https:\/\/kajaki-sanok.pl\/wp-content\/uploads\/2024\/03\/CCF20151123_0003-300x209.jpg 300w, https:\/\/kajaki-sanok.pl\/wp-content\/uploads\/2024\/03\/CCF20151123_0003-768x534.jpg 768w\" sizes=\"(max-width: 900px) 100vw, 900px\" \/>\t\t\t\t\t\t\t\t\t\t\t\t\t\t\t<\/div>\n\t\t\t\t<\/div>\n\t\t\t\t<\/div>\n\t\t<div class=\"elementor-element elementor-element-62108d8 e-con-full e-flex e-con e-child\" data-id=\"62108d8\" data-element_type=\"container\" data-e-type=\"container\">\n\t\t\t\t<div class=\"elementor-element elementor-element-f68745e elementor-widget elementor-widget-image\" data-id=\"f68745e\" data-element_type=\"widget\" data-e-type=\"widget\" data-widget_type=\"image.default\">\n\t\t\t\t<div class=\"elementor-widget-container\">\n\t\t\t\t\t\t\t\t\t\t\t\t\t\t\t<img decoding=\"async\" width=\"900\" height=\"675\" src=\"https:\/\/kajaki-sanok.pl\/wp-content\/uploads\/2024\/03\/PA290223.jpg\" class=\"attachment-full size-full wp-image-729\" alt=\"\" srcset=\"https:\/\/kajaki-sanok.pl\/wp-content\/uploads\/2024\/03\/PA290223.jpg 900w, https:\/\/kajaki-sanok.pl\/wp-content\/uploads\/2024\/03\/PA290223-300x225.jpg 300w, https:\/\/kajaki-sanok.pl\/wp-content\/uploads\/2024\/03\/PA290223-768x576.jpg 768w\" sizes=\"(max-width: 900px) 100vw, 900px\" \/>\t\t\t\t\t\t\t\t\t\t\t\t\t\t\t<\/div>\n\t\t\t\t<\/div>\n\t\t\t\t<\/div>\n\t\t\t\t\t<\/div>\n\t\t\t\t<\/div>\n\t\t<div class=\"elementor-element elementor-element-a9b61d3 e-flex e-con-boxed e-con e-parent\" data-id=\"a9b61d3\" data-element_type=\"container\" data-e-type=\"container\">\n\t\t\t\t\t<div class=\"e-con-inner\">\n\t\t\t\t<div class=\"elementor-element elementor-element-79037cd elementor-widget elementor-widget-html\" data-id=\"79037cd\" data-element_type=\"widget\" data-e-type=\"widget\" data-widget_type=\"html.default\">\n\t\t\t\t<div class=\"elementor-widget-container\">\n\t\t\t\t\t<h2 class=\"h2-header\">Micha\u0142, WOPR-Rettungsschwimmer\r\n<\/h2>\t\t\t\t<\/div>\n\t\t\t\t<\/div>\n\t\t\t\t\t<\/div>\n\t\t\t\t<\/div>\n\t\t<div class=\"elementor-element elementor-element-7b968a1 e-flex e-con-boxed e-con e-parent\" data-id=\"7b968a1\" data-element_type=\"container\" data-e-type=\"container\">\n\t\t\t\t\t<div class=\"e-con-inner\">\n\t\t\t\t<div class=\"elementor-element elementor-element-9d60687 elementor-widget elementor-widget-heading\" data-id=\"9d60687\" data-element_type=\"widget\" data-e-type=\"widget\" data-widget_type=\"heading.default\">\n\t\t\t\t<div class=\"elementor-widget-container\">\n\t\t\t\t\t<p class=\"elementor-heading-title elementor-size-default\">Besitzer, Kajak-Enthusiast, ist auf Fl\u00fcssen in Polen, Kanada, England und Deutschland gepaddelt, Qualifizierter Tourismuslehrer<\/p>\t\t\t\t<\/div>\n\t\t\t\t<\/div>\n\t\t\t\t\t<\/div>\n\t\t\t\t<\/div>\n\t\t<div class=\"elementor-element elementor-element-3a57392 e-flex e-con-boxed e-con e-parent\" data-id=\"3a57392\" data-element_type=\"container\" data-e-type=\"container\">\n\t\t\t\t\t<div class=\"e-con-inner\">\n\t\t<div class=\"elementor-element elementor-element-87e25d1 e-con-full e-flex e-con e-child\" data-id=\"87e25d1\" data-element_type=\"container\" data-e-type=\"container\">\n\t\t\t\t<div class=\"elementor-element elementor-element-fb77e28 elementor-widget elementor-widget-image\" data-id=\"fb77e28\" data-element_type=\"widget\" data-e-type=\"widget\" data-widget_type=\"image.default\">\n\t\t\t\t<div class=\"elementor-widget-container\">\n\t\t\t\t\t\t\t\t\t\t\t\t\t\t\t<img decoding=\"async\" width=\"900\" height=\"675\" src=\"https:\/\/kajaki-sanok.pl\/wp-content\/uploads\/2024\/03\/P1010033.jpg\" class=\"attachment-full size-full wp-image-1343\" alt=\"\" srcset=\"https:\/\/kajaki-sanok.pl\/wp-content\/uploads\/2024\/03\/P1010033.jpg 900w, https:\/\/kajaki-sanok.pl\/wp-content\/uploads\/2024\/03\/P1010033-300x225.jpg 300w, https:\/\/kajaki-sanok.pl\/wp-content\/uploads\/2024\/03\/P1010033-768x576.jpg 768w, https:\/\/kajaki-sanok.pl\/wp-content\/uploads\/2024\/03\/P1010033-16x12.jpg 16w\" sizes=\"(max-width: 900px) 100vw, 900px\" \/>\t\t\t\t\t\t\t\t\t\t\t\t\t\t\t<\/div>\n\t\t\t\t<\/div>\n\t\t\t\t<\/div>\n\t\t<div class=\"elementor-element elementor-element-1bb86c3 e-con-full e-flex e-con e-child\" data-id=\"1bb86c3\" data-element_type=\"container\" data-e-type=\"container\">\n\t\t\t\t<div class=\"elementor-element elementor-element-3df4b26 elementor-widget elementor-widget-image\" data-id=\"3df4b26\" data-element_type=\"widget\" data-e-type=\"widget\" data-widget_type=\"image.default\">\n\t\t\t\t<div class=\"elementor-widget-container\">\n\t\t\t\t\t\t\t\t\t\t\t\t\t\t\t<img decoding=\"async\" src=\"https:\/\/kajaki-sanok.pl\/wp-content\/plugins\/elementor\/assets\/images\/placeholder.png\" title=\"\" alt=\"\" loading=\"lazy\" \/>\t\t\t\t\t\t\t\t\t\t\t\t\t\t\t<\/div>\n\t\t\t\t<\/div>\n\t\t\t\t<\/div>\n\t\t\t\t\t<\/div>\n\t\t\t\t<\/div>\n\t\t<div class=\"elementor-element elementor-element-415da03 e-flex e-con-boxed e-con e-parent\" data-id=\"415da03\" data-element_type=\"container\" data-e-type=\"container\">\n\t\t\t\t\t<div class=\"e-con-inner\">\n\t\t\t\t<div class=\"elementor-element elementor-element-fda4c52 elementor-widget elementor-widget-html\" data-id=\"fda4c52\" data-element_type=\"widget\" data-e-type=\"widget\" data-widget_type=\"html.default\">\n\t\t\t\t<div class=\"elementor-widget-container\">\n\t\t\t\t\t<h2 class=\"h2-header\">Artur, WOPR-Rettungsschwimmer\r\n<\/h2>\t\t\t\t<\/div>\n\t\t\t\t<\/div>\n\t\t\t\t\t<\/div>\n\t\t\t\t<\/div>\n\t\t<div class=\"elementor-element elementor-element-a4305a1 e-flex e-con-boxed e-con e-parent\" data-id=\"a4305a1\" data-element_type=\"container\" data-e-type=\"container\">\n\t\t\t\t\t<div class=\"e-con-inner\">\n\t\t\t\t<div class=\"elementor-element elementor-element-466a210 elementor-widget elementor-widget-heading\" data-id=\"466a210\" data-element_type=\"widget\" data-e-type=\"widget\" data-widget_type=\"heading.default\">\n\t\t\t\t<div class=\"elementor-widget-container\">\n\t\t\t\t\t<p class=\"elementor-heading-title elementor-size-default\">Besitzer, Kajak-Enthusiast, ist auf Fl\u00fcssen in Polen, Kanada, England und Deutschland gepaddelt, Qualifizierter Tourismuslehrer<\/p>\t\t\t\t<\/div>\n\t\t\t\t<\/div>\n\t\t\t\t\t<\/div>\n\t\t\t\t<\/div>\n\t\t<div class=\"elementor-element elementor-element-dda559f e-flex e-con-boxed e-con e-parent\" data-id=\"dda559f\" data-element_type=\"container\" data-e-type=\"container\">\n\t\t\t\t\t<div class=\"e-con-inner\">\n\t\t<div class=\"elementor-element elementor-element-c552d26 e-con-full e-flex e-con e-child\" data-id=\"c552d26\" data-element_type=\"container\" data-e-type=\"container\">\n\t\t\t\t<div class=\"elementor-element elementor-element-7fbe06c elementor-widget elementor-widget-image\" data-id=\"7fbe06c\" data-element_type=\"widget\" data-e-type=\"widget\" data-widget_type=\"image.default\">\n\t\t\t\t<div class=\"elementor-widget-container\">\n\t\t\t\t\t\t\t\t\t\t\t\t\t\t\t<img loading=\"lazy\" decoding=\"async\" width=\"900\" height=\"642\" src=\"https:\/\/kajaki-sanok.pl\/wp-content\/uploads\/2024\/03\/P9040599.jpg\" class=\"attachment-large size-large wp-image-734\" alt=\"\" srcset=\"https:\/\/kajaki-sanok.pl\/wp-content\/uploads\/2024\/03\/P9040599.jpg 900w, https:\/\/kajaki-sanok.pl\/wp-content\/uploads\/2024\/03\/P9040599-300x214.jpg 300w, https:\/\/kajaki-sanok.pl\/wp-content\/uploads\/2024\/03\/P9040599-768x548.jpg 768w\" sizes=\"(max-width: 900px) 100vw, 900px\" \/>\t\t\t\t\t\t\t\t\t\t\t\t\t\t\t<\/div>\n\t\t\t\t<\/div>\n\t\t\t\t<\/div>\n\t\t<div class=\"elementor-element elementor-element-bf4a620 e-con-full e-flex e-con e-child\" data-id=\"bf4a620\" data-element_type=\"container\" data-e-type=\"container\">\n\t\t\t\t<div class=\"elementor-element elementor-element-c404060 elementor-widget elementor-widget-image\" data-id=\"c404060\" data-element_type=\"widget\" data-e-type=\"widget\" data-widget_type=\"image.default\">\n\t\t\t\t<div class=\"elementor-widget-container\">\n\t\t\t\t\t\t\t\t\t\t\t\t\t\t\t<img loading=\"lazy\" decoding=\"async\" width=\"900\" height=\"675\" src=\"https:\/\/kajaki-sanok.pl\/wp-content\/uploads\/2024\/03\/P7300219.jpg\" class=\"attachment-full size-full wp-image-733\" alt=\"\" srcset=\"https:\/\/kajaki-sanok.pl\/wp-content\/uploads\/2024\/03\/P7300219.jpg 900w, https:\/\/kajaki-sanok.pl\/wp-content\/uploads\/2024\/03\/P7300219-300x225.jpg 300w, https:\/\/kajaki-sanok.pl\/wp-content\/uploads\/2024\/03\/P7300219-768x576.jpg 768w\" sizes=\"(max-width: 900px) 100vw, 900px\" \/>\t\t\t\t\t\t\t\t\t\t\t\t\t\t\t<\/div>\n\t\t\t\t<\/div>\n\t\t\t\t<\/div>\n\t\t\t\t\t<\/div>\n\t\t\t\t<\/div>\n\t\t<div class=\"elementor-element elementor-element-70cdfe7 e-flex e-con-boxed e-con e-parent\" data-id=\"70cdfe7\" data-element_type=\"container\" data-e-type=\"container\">\n\t\t\t\t\t<div class=\"e-con-inner\">\n\t\t\t\t<div class=\"elementor-element elementor-element-d2d2d56 elementor-widget elementor-widget-html\" data-id=\"d2d2d56\" data-element_type=\"widget\" data-e-type=\"widget\" data-widget_type=\"html.default\">\n\t\t\t\t<div class=\"elementor-widget-container\">\n\t\t\t\t\t<h2 class=\"h2-header\">Piotr\r\n<\/h2>\t\t\t\t<\/div>\n\t\t\t\t<\/div>\n\t\t\t\t\t<\/div>\n\t\t\t\t<\/div>\n\t\t<div class=\"elementor-element elementor-element-7c9a0e7 e-flex e-con-boxed e-con e-parent\" data-id=\"7c9a0e7\" data-element_type=\"container\" data-e-type=\"container\">\n\t\t\t\t\t<div class=\"e-con-inner\">\n\t\t\t\t<div class=\"elementor-element elementor-element-a43a3e9 elementor-widget elementor-widget-heading\" data-id=\"a43a3e9\" data-element_type=\"widget\" data-e-type=\"widget\" data-widget_type=\"heading.default\">\n\t\t\t\t<div class=\"elementor-widget-container\">\n\t\t\t\t\t<p class=\"elementor-heading-title elementor-size-default\">Lizenzierter Bergf\u00fchrer in den Beskiden, Klasse III<br> F\u00fchrt auch Touren auf Englisch durch.<\/p>\t\t\t\t<\/div>\n\t\t\t\t<\/div>\n\t\t\t\t\t<\/div>\n\t\t\t\t<\/div>\n\t\t<div class=\"elementor-element elementor-element-5900ecd e-flex e-con-boxed e-con e-parent\" data-id=\"5900ecd\" data-element_type=\"container\" data-e-type=\"container\">\n\t\t\t\t\t<div class=\"e-con-inner\">\n\t\t<div class=\"elementor-element elementor-element-3620fcd e-con-full e-flex e-con e-child\" data-id=\"3620fcd\" data-element_type=\"container\" data-e-type=\"container\">\n\t\t\t\t<div class=\"elementor-element elementor-element-b4bbddb elementor-widget elementor-widget-image\" data-id=\"b4bbddb\" data-element_type=\"widget\" data-e-type=\"widget\" data-widget_type=\"image.default\">\n\t\t\t\t<div class=\"elementor-widget-container\">\n\t\t\t\t\t\t\t\t\t\t\t\t\t\t\t<img loading=\"lazy\" decoding=\"async\" width=\"1024\" height=\"1024\" src=\"https:\/\/kajaki-sanok.pl\/wp-content\/uploads\/2024\/03\/94102814_3862768247128256_286136661199290368_n-1024x1024.jpg\" class=\"attachment-large size-large wp-image-730\" alt=\"\" srcset=\"https:\/\/kajaki-sanok.pl\/wp-content\/uploads\/2024\/03\/94102814_3862768247128256_286136661199290368_n-1024x1024.jpg 1024w, https:\/\/kajaki-sanok.pl\/wp-content\/uploads\/2024\/03\/94102814_3862768247128256_286136661199290368_n-300x300.jpg 300w, https:\/\/kajaki-sanok.pl\/wp-content\/uploads\/2024\/03\/94102814_3862768247128256_286136661199290368_n-150x150.jpg 150w, https:\/\/kajaki-sanok.pl\/wp-content\/uploads\/2024\/03\/94102814_3862768247128256_286136661199290368_n-768x768.jpg 768w, https:\/\/kajaki-sanok.pl\/wp-content\/uploads\/2024\/03\/94102814_3862768247128256_286136661199290368_n.jpg 1088w\" sizes=\"(max-width: 1024px) 100vw, 1024px\" \/>\t\t\t\t\t\t\t\t\t\t\t\t\t\t\t<\/div>\n\t\t\t\t<\/div>\n\t\t\t\t<\/div>\n\t\t<div class=\"elementor-element elementor-element-5d48edb e-con-full e-flex e-con e-child\" data-id=\"5d48edb\" data-element_type=\"container\" data-e-type=\"container\">\n\t\t\t\t<div class=\"elementor-element elementor-element-4393575 elementor-widget elementor-widget-image\" data-id=\"4393575\" data-element_type=\"widget\" data-e-type=\"widget\" data-widget_type=\"image.default\">\n\t\t\t\t<div class=\"elementor-widget-container\">\n\t\t\t\t\t\t\t\t\t\t\t\t\t\t\t<img decoding=\"async\" src=\"https:\/\/kajaki-sanok.pl\/wp-content\/plugins\/elementor\/assets\/images\/placeholder.png\" title=\"\" alt=\"\" loading=\"lazy\" \/>\t\t\t\t\t\t\t\t\t\t\t\t\t\t\t<\/div>\n\t\t\t\t<\/div>\n\t\t\t\t<\/div>\n\t\t\t\t\t<\/div>\n\t\t\t\t<\/div>\n\t\t\t\t<\/div>","protected":false},"excerpt":{"rendered":"<p>Kadra Micha\u0142 Lorenc W\u0142a\u015bciciel, pasjonat kajakarstwa, p\u0142ywa\u0142 na rzekach Polski, Kanady, Anglii i Niemiec, Instruktor Turystyki Kwalifikowanej Micha\u0142 ratownik WOPR W\u0142a\u015bciciel, pasjonat kajakarstwa, p\u0142ywa\u0142 na rzekach Polski, Kanady, Anglii i Niemiec, Instruktor Turystyki Kwalifikowanej Artur ratownik WOPR W\u0142a\u015bciciel, pasjonat kajakarstwa, p\u0142ywa\u0142 na rzekach Polski, Kanady, Anglii i Niemiec, Instruktor Turystyki Kwalifikowanej Piotr Licencjonowany przewodnik g\u00f3rski [&hellip;]<\/p>","protected":false},"author":1,"featured_media":0,"parent":0,"menu_order":0,"comment_status":"closed","ping_status":"closed","template":"","meta":{"footnotes":""},"class_list":["post-634","page","type-page","status-publish","hentry"],"_links":{"self":[{"href":"https:\/\/kajaki-sanok.pl\/de\/wp-json\/wp\/v2\/pages\/634","targetHints":{"allow":["GET"]}}],"collection":[{"href":"https:\/\/kajaki-sanok.pl\/de\/wp-json\/wp\/v2\/pages"}],"about":[{"href":"https:\/\/kajaki-sanok.pl\/de\/wp-json\/wp\/v2\/types\/page"}],"author":[{"embeddable":true,"href":"https:\/\/kajaki-sanok.pl\/de\/wp-json\/wp\/v2\/users\/1"}],"replies":[{"embeddable":true,"href":"https:\/\/kajaki-sanok.pl\/de\/wp-json\/wp\/v2\/comments?post=634"}],"version-history":[{"count":6,"href":"https:\/\/kajaki-sanok.pl\/de\/wp-json\/wp\/v2\/pages\/634\/revisions"}],"predecessor-version":[{"id":1346,"href":"https:\/\/kajaki-sanok.pl\/de\/wp-json\/wp\/v2\/pages\/634\/revisions\/1346"}],"wp:attachment":[{"href":"https:\/\/kajaki-sanok.pl\/de\/wp-json\/wp\/v2\/media?parent=634"}],"curies":[{"name":"wp","href":"https:\/\/api.w.org\/{rel}","templated":true}]}}