{"id":914,"date":"2024-03-17T21:41:56","date_gmt":"2024-03-17T21:41:56","guid":{"rendered":"https:\/\/kajaki-sanok.pl\/?page_id=914"},"modified":"2024-03-25T19:13:07","modified_gmt":"2024-03-25T19:13:07","slug":"noclegi","status":"publish","type":"page","link":"https:\/\/kajaki-sanok.pl\/de\/noclegi\/","title":{"rendered":"Unterk\u00fcnfte"},"content":{"rendered":"<div data-elementor-type=\"wp-page\" data-elementor-id=\"914\" class=\"elementor elementor-914\" data-elementor-post-type=\"page\">\n\t\t\t\t\t\t<section class=\"elementor-section elementor-top-section elementor-element elementor-element-326ba576 elementor-section-height-min-height elementor-section-boxed elementor-section-height-default elementor-section-items-middle\" data-id=\"326ba576\" data-element_type=\"section\" data-e-type=\"section\" data-settings=\"{&quot;background_background&quot;:&quot;classic&quot;}\">\n\t\t\t\t\t\t\t<div class=\"elementor-background-overlay\"><\/div>\n\t\t\t\t\t\t\t<div class=\"elementor-container elementor-column-gap-default\">\n\t\t\t\t\t<div class=\"elementor-column elementor-col-100 elementor-top-column elementor-element elementor-element-3330521a\" data-id=\"3330521a\" data-element_type=\"column\" data-e-type=\"column\">\n\t\t\t<div class=\"elementor-widget-wrap elementor-element-populated\">\n\t\t\t\t\t\t<div class=\"elementor-element elementor-element-6a385786 elementor-widget elementor-widget-heading\" data-id=\"6a385786\" data-element_type=\"widget\" data-e-type=\"widget\" data-widget_type=\"heading.default\">\n\t\t\t\t<div class=\"elementor-widget-container\">\n\t\t\t\t\t<h1 class=\"elementor-heading-title elementor-size-default\">Unterk\u00fcnfte<\/h1>\t\t\t\t<\/div>\n\t\t\t\t<\/div>\n\t\t\t\t\t<\/div>\n\t\t<\/div>\n\t\t\t\t\t<\/div>\n\t\t<\/section>\n\t\t<div class=\"elementor-element elementor-element-df2360e e-flex e-con-boxed e-con e-parent\" data-id=\"df2360e\" data-element_type=\"container\" data-e-type=\"container\">\n\t\t\t\t\t<div class=\"e-con-inner\">\n\t\t\t\t<div class=\"elementor-element elementor-element-2e423758 elementor-widget elementor-widget-html\" data-id=\"2e423758\" data-element_type=\"widget\" data-e-type=\"widget\" data-widget_type=\"html.default\">\n\t\t\t\t<div class=\"elementor-widget-container\">\n\t\t\t\t\t<h2 class=\"h2-header\">Proponowane noclegi przy rzece\r\n<\/h2>\t\t\t\t<\/div>\n\t\t\t\t<\/div>\n\t\t\t\t<div class=\"elementor-element elementor-element-38a566c elementor-position-left elementor-vertical-align-middle elementor-position-top elementor-widget elementor-widget-image-box\" data-id=\"38a566c\" data-element_type=\"widget\" data-e-type=\"widget\" data-widget_type=\"image-box.default\">\n\t\t\t\t<div class=\"elementor-widget-container\">\n\t\t\t\t\t<div class=\"elementor-image-box-wrapper\"><figure class=\"elementor-image-box-img\"><a href=\"https:\/\/gosciniecnadsanem.pl\/\" target=\"_blank\" tabindex=\"-1\"><img decoding=\"async\" width=\"240\" height=\"180\" src=\"https:\/\/kajaki-sanok.pl\/wp-content\/uploads\/2024\/03\/189-lesko-gosciniec-nad-sanem.webp\" class=\"attachment-full size-full wp-image-958\" alt=\"&quot;Go\u015bciniec nad Sanem&quot; - Lesko\" \/><\/a><\/figure><div class=\"elementor-image-box-content\"><h3 class=\"elementor-image-box-title\"><a href=\"https:\/\/gosciniecnadsanem.pl\/\" target=\"_blank\">\"Go\u015bciniec nad Sanem\" - Lesko<\/a><\/h3><\/div><\/div>\t\t\t\t<\/div>\n\t\t\t\t<\/div>\n\t\t\t\t<div class=\"elementor-element elementor-element-5b4861f elementor-position-left elementor-vertical-align-middle elementor-position-top elementor-widget elementor-widget-image-box\" data-id=\"5b4861f\" data-element_type=\"widget\" data-e-type=\"widget\" data-widget_type=\"image-box.default\">\n\t\t\t\t<div class=\"elementor-widget-container\">\n\t\t\t\t\t<div class=\"elementor-image-box-wrapper\"><figure class=\"elementor-image-box-img\"><a href=\"http:\/\/domkiuborsa.pl\/\" target=\"_blank\" tabindex=\"-1\"><img decoding=\"async\" width=\"240\" height=\"180\" src=\"https:\/\/kajaki-sanok.pl\/wp-content\/uploads\/2024\/03\/114267499.jpg\" class=\"attachment-full size-full wp-image-966\" alt=\"Domki \u201eu Borsa\u201d\u200b\" \/><\/a><\/figure><div class=\"elementor-image-box-content\"><h3 class=\"elementor-image-box-title\"><a href=\"http:\/\/domkiuborsa.pl\/\" target=\"_blank\">Domki \u201eu Borsa\u201d - Lesko<\/a><\/h3><\/div><\/div>\t\t\t\t<\/div>\n\t\t\t\t<\/div>\n\t\t\t\t<div class=\"elementor-element elementor-element-0238add elementor-position-left elementor-vertical-align-middle elementor-position-top elementor-widget elementor-widget-image-box\" data-id=\"0238add\" data-element_type=\"widget\" data-e-type=\"widget\" data-widget_type=\"image-box.default\">\n\t\t\t\t<div class=\"elementor-widget-container\">\n\t\t\t\t\t<div class=\"elementor-image-box-wrapper\"><figure class=\"elementor-image-box-img\"><a href=\"https:\/\/e-turysta.pl\/u-jasi-agroturystyka-lesko-139215.html?kl=1\" target=\"_blank\" tabindex=\"-1\"><img decoding=\"async\" width=\"240\" height=\"160\" src=\"https:\/\/kajaki-sanok.pl\/wp-content\/uploads\/2024\/03\/U-Jasi-Agroturystyka-Lesko-1384494.jpg\" class=\"attachment-full size-full wp-image-967\" alt=\"&quot;U Jasi&quot; - Posto\u0142\u00f3w\" \/><\/a><\/figure><div class=\"elementor-image-box-content\"><h3 class=\"elementor-image-box-title\"><a href=\"https:\/\/e-turysta.pl\/u-jasi-agroturystyka-lesko-139215.html?kl=1\" target=\"_blank\">\"U Jasi\" - Posto\u0142\u00f3w<\/a><\/h3><\/div><\/div>\t\t\t\t<\/div>\n\t\t\t\t<\/div>\n\t\t\t\t<div class=\"elementor-element elementor-element-13acaaa elementor-position-left elementor-vertical-align-middle elementor-position-top elementor-widget elementor-widget-image-box\" data-id=\"13acaaa\" data-element_type=\"widget\" data-e-type=\"widget\" data-widget_type=\"image-box.default\">\n\t\t\t\t<div class=\"elementor-widget-container\">\n\t\t\t\t\t<div class=\"elementor-image-box-wrapper\"><figure class=\"elementor-image-box-img\"><a href=\"http:\/\/www.osadazaluz.pl\/\" target=\"_blank\" tabindex=\"-1\"><img loading=\"lazy\" decoding=\"async\" width=\"240\" height=\"180\" src=\"https:\/\/kajaki-sanok.pl\/wp-content\/uploads\/2024\/03\/unnamed.jpg\" class=\"attachment-full size-full wp-image-968\" alt=\"&quot;Osada&quot; - Za\u0142u\u017c\" \/><\/a><\/figure><div class=\"elementor-image-box-content\"><h3 class=\"elementor-image-box-title\"><a href=\"http:\/\/www.osadazaluz.pl\/\" target=\"_blank\">\"Osada\" - Za\u0142u\u017c<\/a><\/h3><\/div><\/div>\t\t\t\t<\/div>\n\t\t\t\t<\/div>\n\t\t\t\t<div class=\"elementor-element elementor-element-a9e058e elementor-position-left elementor-vertical-align-middle elementor-position-top elementor-widget elementor-widget-image-box\" data-id=\"a9e058e\" data-element_type=\"widget\" data-e-type=\"widget\" data-widget_type=\"image-box.default\">\n\t\t\t\t<div class=\"elementor-widget-container\">\n\t\t\t\t\t<div class=\"elementor-image-box-wrapper\"><figure class=\"elementor-image-box-img\"><a href=\"https:\/\/bonasanok.pl\/\" target=\"_blank\" tabindex=\"-1\"><img loading=\"lazy\" decoding=\"async\" width=\"240\" height=\"180\" src=\"https:\/\/kajaki-sanok.pl\/wp-content\/uploads\/2024\/03\/117229303.jpg\" class=\"attachment-full size-full wp-image-969\" alt=\"Hotel &quot;Bona&quot; - Sanok\" \/><\/a><\/figure><div class=\"elementor-image-box-content\"><h3 class=\"elementor-image-box-title\"><a href=\"https:\/\/bonasanok.pl\/\" target=\"_blank\">Hotel \"Bona\" - Sanok<\/a><\/h3><\/div><\/div>\t\t\t\t<\/div>\n\t\t\t\t<\/div>\n\t\t\t\t<div class=\"elementor-element elementor-element-9f290e3 elementor-position-left elementor-vertical-align-middle elementor-position-top elementor-widget elementor-widget-image-box\" data-id=\"9f290e3\" data-element_type=\"widget\" data-e-type=\"widget\" data-widget_type=\"image-box.default\">\n\t\t\t\t<div class=\"elementor-widget-container\">\n\t\t\t\t\t<div class=\"elementor-image-box-wrapper\"><figure class=\"elementor-image-box-img\"><a href=\"https:\/\/www.diablagora.com.pl\/index.php?lang=pl\" target=\"_blank\" tabindex=\"-1\"><img loading=\"lazy\" decoding=\"async\" width=\"240\" height=\"180\" src=\"https:\/\/kajaki-sanok.pl\/wp-content\/uploads\/2024\/03\/phpBMDDmj.jpg\" class=\"attachment-full size-full wp-image-970\" alt=\"Diabla g\u00f3ra - Tyrawa Solna\" \/><\/a><\/figure><div class=\"elementor-image-box-content\"><h3 class=\"elementor-image-box-title\"><a href=\"https:\/\/www.diablagora.com.pl\/index.php?lang=pl\" target=\"_blank\">Diabla g\u00f3ra - Tyrawa Solna<\/a><\/h3><\/div><\/div>\t\t\t\t<\/div>\n\t\t\t\t<\/div>\n\t\t\t\t<div class=\"elementor-element elementor-element-3b35093 elementor-position-left elementor-vertical-align-middle elementor-position-top elementor-widget elementor-widget-image-box\" data-id=\"3b35093\" data-element_type=\"widget\" data-e-type=\"widget\" data-widget_type=\"image-box.default\">\n\t\t\t\t<div class=\"elementor-widget-container\">\n\t\t\t\t\t<div class=\"elementor-image-box-wrapper\"><figure class=\"elementor-image-box-img\"><a href=\"https:\/\/rajskie.eu\/\" target=\"_blank\" tabindex=\"-1\"><img loading=\"lazy\" decoding=\"async\" width=\"240\" height=\"180\" src=\"https:\/\/kajaki-sanok.pl\/wp-content\/uploads\/2024\/03\/104-sanok-przystan-nad-sanem.webp\" class=\"attachment-full size-full wp-image-971\" alt=\"&quot;Przysta\u0144 nad Sanem&quot; - Sanok\" \/><\/a><\/figure><div class=\"elementor-image-box-content\"><h3 class=\"elementor-image-box-title\"><a href=\"https:\/\/rajskie.eu\/\" target=\"_blank\">\"Przysta\u0144 nad Sanem\" - Tyrawa Solna<\/a><\/h3><\/div><\/div>\t\t\t\t<\/div>\n\t\t\t\t<\/div>\n\t\t\t\t<div class=\"elementor-element elementor-element-3e6795a elementor-position-left elementor-vertical-align-middle elementor-position-top elementor-widget elementor-widget-image-box\" data-id=\"3e6795a\" data-element_type=\"widget\" data-e-type=\"widget\" data-widget_type=\"image-box.default\">\n\t\t\t\t<div class=\"elementor-widget-container\">\n\t\t\t\t\t<div class=\"elementor-image-box-wrapper\"><figure class=\"elementor-image-box-img\"><a href=\"https:\/\/nadstawami.pl\/\" target=\"_blank\" tabindex=\"-1\"><img loading=\"lazy\" decoding=\"async\" width=\"240\" height=\"180\" src=\"https:\/\/kajaki-sanok.pl\/wp-content\/uploads\/2024\/03\/Nad-Stawami-galeria-04.webp\" class=\"attachment-full size-full wp-image-1267\" alt=\"\" \/><\/a><\/figure><div class=\"elementor-image-box-content\"><h3 class=\"elementor-image-box-title\"><a href=\"https:\/\/nadstawami.pl\/\" target=\"_blank\">\"Nad Stawami\" - Nozdrzec<\/a><\/h3><\/div><\/div>\t\t\t\t<\/div>\n\t\t\t\t<\/div>\n\t\t\t\t<div class=\"elementor-element elementor-element-6733cfc elementor-position-left elementor-vertical-align-middle elementor-position-top elementor-widget elementor-widget-image-box\" data-id=\"6733cfc\" data-element_type=\"widget\" data-e-type=\"widget\" data-widget_type=\"image-box.default\">\n\t\t\t\t<div class=\"elementor-widget-container\">\n\t\t\t\t\t<div class=\"elementor-image-box-wrapper\"><figure class=\"elementor-image-box-img\"><a href=\"https:\/\/uschabinskiej.pl\/krzemienna-nad-sanem\/?fbclid=IwAR013pQpxBuUYmUP1V3j0zfqX4j1ISZKqXE1I2Sp8oJh4e0sI6vZlDFehLU\" target=\"_blank\" tabindex=\"-1\"><img loading=\"lazy\" decoding=\"async\" width=\"240\" height=\"180\" src=\"https:\/\/kajaki-sanok.pl\/wp-content\/uploads\/2024\/03\/scree.jpg\" class=\"attachment-full size-full wp-image-1260\" alt=\"\" \/><\/a><\/figure><div class=\"elementor-image-box-content\"><h3 class=\"elementor-image-box-title\"><a href=\"https:\/\/uschabinskiej.pl\/krzemienna-nad-sanem\/?fbclid=IwAR013pQpxBuUYmUP1V3j0zfqX4j1ISZKqXE1I2Sp8oJh4e0sI6vZlDFehLU\" target=\"_blank\">\"U Schabi\u0144skiej\" - Krzemienna<\/a><\/h3><\/div><\/div>\t\t\t\t<\/div>\n\t\t\t\t<\/div>\n\t\t\t\t<div class=\"elementor-element elementor-element-017b18e elementor-position-left elementor-vertical-align-middle elementor-position-top elementor-widget elementor-widget-image-box\" data-id=\"017b18e\" data-element_type=\"widget\" data-e-type=\"widget\" data-widget_type=\"image-box.default\">\n\t\t\t\t<div class=\"elementor-widget-container\">\n\t\t\t\t\t<div class=\"elementor-image-box-wrapper\"><figure class=\"elementor-image-box-img\"><a href=\"https:\/\/nadstawami.pl\/\" target=\"_blank\" tabindex=\"-1\"><img loading=\"lazy\" decoding=\"async\" width=\"240\" height=\"180\" src=\"https:\/\/kajaki-sanok.pl\/wp-content\/uploads\/2024\/03\/23336901.jpg\" class=\"attachment-full size-full wp-image-972\" alt=\"&quot;Nad Stawami&quot; - Nozdrzec\" \/><\/a><\/figure><div class=\"elementor-image-box-content\"><h3 class=\"elementor-image-box-title\"><a href=\"https:\/\/nadstawami.pl\/\" target=\"_blank\">\"Nad Stawami\" - Nozdrzec<\/a><\/h3><\/div><\/div>\t\t\t\t<\/div>\n\t\t\t\t<\/div>\n\t\t\t\t<div class=\"elementor-element elementor-element-df611bb elementor-position-left elementor-vertical-align-middle elementor-position-top elementor-widget elementor-widget-image-box\" data-id=\"df611bb\" data-element_type=\"widget\" data-e-type=\"widget\" data-widget_type=\"image-box.default\">\n\t\t\t\t<div class=\"elementor-widget-container\">\n\t\t\t\t\t<div class=\"elementor-image-box-wrapper\"><figure class=\"elementor-image-box-img\"><a href=\"https:\/\/www.zielonapolana.com.pl\/\" target=\"_blank\" tabindex=\"-1\"><img loading=\"lazy\" decoding=\"async\" width=\"240\" height=\"180\" src=\"https:\/\/kajaki-sanok.pl\/wp-content\/uploads\/2024\/03\/Osrodek-6.jpg\" class=\"attachment-full size-full wp-image-973\" alt=\"&quot;Zielona Polana&quot; - S\u0142onne\" \/><\/a><\/figure><div class=\"elementor-image-box-content\"><h3 class=\"elementor-image-box-title\"><a href=\"https:\/\/www.zielonapolana.com.pl\/\" target=\"_blank\">\"Zielona Polana\" - S\u0142onne<\/a><\/h3><\/div><\/div>\t\t\t\t<\/div>\n\t\t\t\t<\/div>\n\t\t\t\t<div class=\"elementor-element elementor-element-a76a1b9 elementor-position-left elementor-vertical-align-middle elementor-position-top elementor-widget elementor-widget-image-box\" data-id=\"a76a1b9\" data-element_type=\"widget\" data-e-type=\"widget\" data-widget_type=\"image-box.default\">\n\t\t\t\t<div class=\"elementor-widget-container\">\n\t\t\t\t\t<div class=\"elementor-image-box-wrapper\"><figure class=\"elementor-image-box-img\"><a href=\"https:\/\/azylnaszwedach.pl\/\" target=\"_blank\" tabindex=\"-1\"><img loading=\"lazy\" decoding=\"async\" width=\"240\" height=\"180\" src=\"https:\/\/kajaki-sanok.pl\/wp-content\/uploads\/2024\/03\/zdj.jpg\" class=\"attachment-full size-full wp-image-1272\" alt=\"\" \/><\/a><\/figure><div class=\"elementor-image-box-content\"><h3 class=\"elementor-image-box-title\"><a href=\"https:\/\/azylnaszwedach.pl\/\" target=\"_blank\">\"Azyl Na Szwedach\" - Ruszelczyce<\/a><\/h3><\/div><\/div>\t\t\t\t<\/div>\n\t\t\t\t<\/div>\n\t\t\t\t<div class=\"elementor-element elementor-element-c1f8990 elementor-position-left elementor-vertical-align-middle elementor-position-top elementor-widget elementor-widget-image-box\" data-id=\"c1f8990\" data-element_type=\"widget\" data-e-type=\"widget\" data-widget_type=\"image-box.default\">\n\t\t\t\t<div class=\"elementor-widget-container\">\n\t\t\t\t\t<div class=\"elementor-image-box-wrapper\"><figure class=\"elementor-image-box-img\"><a href=\"https:\/\/www.krasiczyn.com.pl\/\" target=\"_blank\" tabindex=\"-1\"><img loading=\"lazy\" decoding=\"async\" width=\"240\" height=\"180\" src=\"https:\/\/kajaki-sanok.pl\/wp-content\/uploads\/2024\/03\/Krasiczyn-Castle-birds-eye-view.jpg\" class=\"attachment-full size-full wp-image-1261\" alt=\"\" \/><\/a><\/figure><div class=\"elementor-image-box-content\"><h3 class=\"elementor-image-box-title\"><a href=\"https:\/\/www.krasiczyn.com.pl\/\" target=\"_blank\">Krasiczyn - Pokoje Hotelowe na zamku<\/a><\/h3><\/div><\/div>\t\t\t\t<\/div>\n\t\t\t\t<\/div>\n\t\t\t\t\t<\/div>\n\t\t\t\t<\/div>\n\t\t\t\t<\/div>","protected":false},"excerpt":{"rendered":"<p>Noclegi na trasie Proponowane noclegi przy rzece &#8222;Go\u015bciniec nad Sanem&#8221; &#8211; Lesko Domki \u201eu Borsa\u201d &#8211; Lesko &#8222;U Jasi&#8221; &#8211; Posto\u0142\u00f3w &#8222;Osada&#8221; &#8211; Za\u0142u\u017c Hotel &#8222;Bona&#8221; &#8211; Sanok Diabla g\u00f3ra &#8211; Tyrawa Solna &#8222;Przysta\u0144 nad Sanem&#8221; &#8211; Tyrawa Solna &#8222;Nad Stawami&#8221; &#8211; Nozdrzec &#8222;U Schabi\u0144skiej&#8221; &#8211; Krzemienna &#8222;Nad Stawami&#8221; &#8211; Nozdrzec &#8222;Zielona Polana&#8221; &#8211; S\u0142onne [&hellip;]<\/p>","protected":false},"author":1,"featured_media":0,"parent":0,"menu_order":0,"comment_status":"closed","ping_status":"closed","template":"","meta":{"footnotes":""},"class_list":["post-914","page","type-page","status-publish","hentry"],"_links":{"self":[{"href":"https:\/\/kajaki-sanok.pl\/de\/wp-json\/wp\/v2\/pages\/914","targetHints":{"allow":["GET"]}}],"collection":[{"href":"https:\/\/kajaki-sanok.pl\/de\/wp-json\/wp\/v2\/pages"}],"about":[{"href":"https:\/\/kajaki-sanok.pl\/de\/wp-json\/wp\/v2\/types\/page"}],"author":[{"embeddable":true,"href":"https:\/\/kajaki-sanok.pl\/de\/wp-json\/wp\/v2\/users\/1"}],"replies":[{"embeddable":true,"href":"https:\/\/kajaki-sanok.pl\/de\/wp-json\/wp\/v2\/comments?post=914"}],"version-history":[{"count":38,"href":"https:\/\/kajaki-sanok.pl\/de\/wp-json\/wp\/v2\/pages\/914\/revisions"}],"predecessor-version":[{"id":1858,"href":"https:\/\/kajaki-sanok.pl\/de\/wp-json\/wp\/v2\/pages\/914\/revisions\/1858"}],"wp:attachment":[{"href":"https:\/\/kajaki-sanok.pl\/de\/wp-json\/wp\/v2\/media?parent=914"}],"curies":[{"name":"wp","href":"https:\/\/api.w.org\/{rel}","templated":true}]}}