{"id":480,"date":"2024-03-10T14:35:42","date_gmt":"2024-03-10T14:35:42","guid":{"rendered":"https:\/\/kajaki-sanok.pl\/?page_id=480"},"modified":"2024-04-02T14:38:01","modified_gmt":"2024-04-02T14:38:01","slug":"kajaki-sanok-tyrawa-solna","status":"publish","type":"page","link":"https:\/\/kajaki-sanok.pl\/en\/kajaki-sanok-tyrawa-solna\/","title":{"rendered":"Kajaki Sanok Tyrawa Solna"},"content":{"rendered":"<div data-elementor-type=\"wp-page\" data-elementor-id=\"480\" class=\"elementor elementor-480\" data-elementor-post-type=\"page\">\n\t\t\t\t\t\t<section class=\"elementor-section elementor-top-section elementor-element elementor-element-4b2840f5 elementor-section-height-min-height elementor-section-boxed elementor-section-height-default elementor-section-items-middle\" data-id=\"4b2840f5\" data-element_type=\"section\" data-e-type=\"section\" data-settings=\"{&quot;background_background&quot;:&quot;classic&quot;}\">\n\t\t\t\t\t\t\t<div class=\"elementor-background-overlay\"><\/div>\n\t\t\t\t\t\t\t<div class=\"elementor-container elementor-column-gap-default\">\n\t\t\t\t\t<div class=\"elementor-column elementor-col-100 elementor-top-column elementor-element elementor-element-5df2022b\" data-id=\"5df2022b\" data-element_type=\"column\" data-e-type=\"column\">\n\t\t\t<div class=\"elementor-widget-wrap elementor-element-populated\">\n\t\t\t\t\t\t<div class=\"elementor-element elementor-element-6cd56188 elementor-widget elementor-widget-heading\" data-id=\"6cd56188\" data-element_type=\"widget\" data-e-type=\"widget\" data-widget_type=\"heading.default\">\n\t\t\t\t<div class=\"elementor-widget-container\">\n\t\t\t\t\t<h1 class=\"elementor-heading-title elementor-size-default\">Sanok - Tyrawa solna<\/h1>\t\t\t\t<\/div>\n\t\t\t\t<\/div>\n\t\t\t\t\t<\/div>\n\t\t<\/div>\n\t\t\t\t\t<\/div>\n\t\t<\/section>\n\t\t<div class=\"elementor-element elementor-element-1ad34c99 e-flex e-con-boxed e-con e-parent\" data-id=\"1ad34c99\" data-element_type=\"container\" data-e-type=\"container\" data-settings=\"{&quot;background_background&quot;:&quot;classic&quot;}\">\n\t\t\t\t\t<div class=\"e-con-inner\">\n\t\t<div class=\"elementor-element elementor-element-76c5bb53 e-flex e-con-boxed e-con e-child\" data-id=\"76c5bb53\" data-element_type=\"container\" data-e-type=\"container\" data-settings=\"{&quot;background_background&quot;:&quot;classic&quot;}\">\n\t\t\t\t\t<div class=\"e-con-inner\">\n\t\t\t\t<div class=\"elementor-element elementor-element-3d0f422c elementor-widget elementor-widget-heading\" data-id=\"3d0f422c\" data-element_type=\"widget\" data-e-type=\"widget\" data-widget_type=\"heading.default\">\n\t\t\t\t<div class=\"elementor-widget-container\">\n\t\t\t\t\t<h2 class=\"elementor-heading-title elementor-size-default\">Trasa Sanok - Tyrawa Solna<\/h2>\t\t\t\t<\/div>\n\t\t\t\t<\/div>\n\t\t\t\t<div class=\"elementor-element elementor-element-42e8f103 elementor-widget elementor-widget-heading\" data-id=\"42e8f103\" data-element_type=\"widget\" data-e-type=\"widget\" data-widget_type=\"heading.default\">\n\t\t\t\t<div class=\"elementor-widget-container\">\n\t\t\t\t\t<p class=\"elementor-heading-title elementor-size-default\">Od Sanoka rzeka jest sp\u0142awna i wykorzystywana jako atrakcyjny szlak turystyki kajakowej, nad jego prawym brzegiem, na rozleg\u0142ym tarasie Sanu i na stokach Bia\u0142ej G\u00f3ry, le\u017cy park etnograficzny regionalnego budownictwa drewnianego. Rzeka meandruj\u0105c mi\u0119dzy wzg\u00f3rzami prze\u0142amuje si\u0119 w rejonie Trepczy i Mi\u0119dzybrodzia by zmieni\u0107 kierunek biegu na pn.-wsch. Sp\u0142yw rozpoczynamy przy mo\u015bcie do skansenu w Sanoku. Po kilkuset metrach przep\u0142ywamy przez tzw. ba\u0142wanki (uwaga kilkadziesi\u0105t metr\u00f3w szybszego nurtu), a po oko\u0142o 2 kilometrach po lewej stronie mijamy przysta\u0144 Trepcza i nast\u0119pnie punkt poboru wody w Trepczy i dalej uj\u015bcie rzeki Sanoczek, zaraz potem po prawej stronie nad ska\u0142\u0105 ko\u015bci\u00f3\u0142ek w Mi\u0119dzybrodziu. Dalsza cz\u0119\u015b\u0107 sp\u0142ywu odbywa si\u0119 przy pi\u0119knych widokach Doliny Sanu.Po lewej stronie znajduje si\u0119 Mi\u0119dzybrod\u017a a po prawej widzimy Liszn\u0105, a\u017c docieramy do mostu Mrzyg\u0142\u00f3d - Tyrawa Solna, gdzie po prawej stronie ok 70m przed mostem na pla\u017cy przy OW Przysta\u0144 nad Sanem ko\u0144czymy sp\u0142yw.<\/p>\t\t\t\t<\/div>\n\t\t\t\t<\/div>\n\t\t\t\t<div class=\"elementor-element elementor-element-6bff1920 elementor-widget-mobile__width-inherit elementor-widget elementor-widget-gallery\" data-id=\"6bff1920\" data-element_type=\"widget\" data-e-type=\"widget\" data-settings=\"{&quot;gallery_layout&quot;:&quot;justified&quot;,&quot;gap&quot;:{&quot;unit&quot;:&quot;px&quot;,&quot;size&quot;:20,&quot;sizes&quot;:[]},&quot;lazyload&quot;:&quot;yes&quot;,&quot;ideal_row_height&quot;:{&quot;unit&quot;:&quot;px&quot;,&quot;size&quot;:200,&quot;sizes&quot;:[]},&quot;ideal_row_height_tablet&quot;:{&quot;unit&quot;:&quot;px&quot;,&quot;size&quot;:150,&quot;sizes&quot;:[]},&quot;ideal_row_height_mobile&quot;:{&quot;unit&quot;:&quot;px&quot;,&quot;size&quot;:150,&quot;sizes&quot;:[]},&quot;gap_tablet&quot;:{&quot;unit&quot;:&quot;px&quot;,&quot;size&quot;:10,&quot;sizes&quot;:[]},&quot;gap_mobile&quot;:{&quot;unit&quot;:&quot;px&quot;,&quot;size&quot;:10,&quot;sizes&quot;:[]},&quot;link_to&quot;:&quot;file&quot;,&quot;overlay_background&quot;:&quot;yes&quot;,&quot;content_hover_animation&quot;:&quot;fade-in&quot;}\" data-widget_type=\"gallery.default\">\n\t\t\t\t<div class=\"elementor-widget-container\">\n\t\t\t\t\t\t\t<div class=\"elementor-gallery__container\">\n\t\t\t\t\t\t\t<a class=\"e-gallery-item elementor-gallery-item elementor-animated-content\" href=\"https:\/\/kajaki-sanok.pl\/wp-content\/uploads\/2024\/03\/1019307.jpg\" data-elementor-open-lightbox=\"yes\" data-elementor-lightbox-slideshow=\"6bff1920\" data-elementor-lightbox-title=\"miejsce startu\" data-e-action-hash=\"#elementor-action%3Aaction%3Dlightbox%26settings%3DeyJpZCI6NDkzLCJ1cmwiOiJodHRwczpcL1wva2FqYWtpLXNhbm9rLnBsXC93cC1jb250ZW50XC91cGxvYWRzXC8yMDI0XC8wM1wvMTAxOTMwNy5qcGciLCJzbGlkZXNob3ciOiI2YmZmMTkyMCJ9\">\n\t\t\t\t\t<div class=\"e-gallery-image elementor-gallery-item__image\" data-thumbnail=\"https:\/\/kajaki-sanok.pl\/wp-content\/uploads\/2024\/03\/1019307-300x225.jpg\" data-width=\"300\" data-height=\"225\" aria-label=\"sp\u0142ywy kajakowe bieszczady, kajaki bieszczady sp\u0142yw podkarpacie, san kajak, sp\u0142yw sanem\" role=\"img\" ><\/div>\n\t\t\t\t\t\t\t\t\t\t\t<div class=\"elementor-gallery-item__overlay\"><\/div>\n\t\t\t\t\t\t\t\t\t\t\t\t\t\t<\/a>\n\t\t\t\t\t\t\t<a class=\"e-gallery-item elementor-gallery-item elementor-animated-content\" href=\"https:\/\/kajaki-sanok.pl\/wp-content\/uploads\/2024\/03\/1019770.jpg\" data-elementor-open-lightbox=\"yes\" data-elementor-lightbox-slideshow=\"6bff1920\" data-elementor-lightbox-title=\"sp\u0142ywy bieszczady\" data-e-action-hash=\"#elementor-action%3Aaction%3Dlightbox%26settings%3DeyJpZCI6NDk2LCJ1cmwiOiJodHRwczpcL1wva2FqYWtpLXNhbm9rLnBsXC93cC1jb250ZW50XC91cGxvYWRzXC8yMDI0XC8wM1wvMTAxOTc3MC5qcGciLCJzbGlkZXNob3ciOiI2YmZmMTkyMCJ9\">\n\t\t\t\t\t<div class=\"e-gallery-image elementor-gallery-item__image\" data-thumbnail=\"https:\/\/kajaki-sanok.pl\/wp-content\/uploads\/2024\/03\/1019770-300x225.jpg\" data-width=\"300\" data-height=\"225\" aria-label=\"sp\u0142ywy kajakowe bieszczady, kajaki bieszczady sp\u0142yw podkarpacie, san kajak, sp\u0142yw sanem\" role=\"img\" ><\/div>\n\t\t\t\t\t\t\t\t\t\t\t<div class=\"elementor-gallery-item__overlay\"><\/div>\n\t\t\t\t\t\t\t\t\t\t\t\t\t\t<\/a>\n\t\t\t\t\t\t\t<a class=\"e-gallery-item elementor-gallery-item elementor-animated-content\" href=\"https:\/\/kajaki-sanok.pl\/wp-content\/uploads\/2024\/03\/DSC00191.jpeg\" data-elementor-open-lightbox=\"yes\" data-elementor-lightbox-slideshow=\"6bff1920\" data-elementor-lightbox-title=\"sp\u0142ywy kajakowe w bieszczadach\" data-elementor-lightbox-description=\"kajaki na sanie\" data-e-action-hash=\"#elementor-action%3Aaction%3Dlightbox%26settings%3DeyJpZCI6NDk5LCJ1cmwiOiJodHRwczpcL1wva2FqYWtpLXNhbm9rLnBsXC93cC1jb250ZW50XC91cGxvYWRzXC8yMDI0XC8wM1wvRFNDMDAxOTEuanBlZyIsInNsaWRlc2hvdyI6IjZiZmYxOTIwIn0%3D\">\n\t\t\t\t\t<div class=\"e-gallery-image elementor-gallery-item__image\" data-thumbnail=\"https:\/\/kajaki-sanok.pl\/wp-content\/uploads\/2024\/03\/DSC00191-300x183.jpeg\" data-width=\"300\" data-height=\"183\" aria-label=\"sp\u0142ywy kajakowe bieszczady, kajaki bieszczady sp\u0142yw podkarpacie, san kajak, sp\u0142yw sanem\" role=\"img\" ><\/div>\n\t\t\t\t\t\t\t\t\t\t\t<div class=\"elementor-gallery-item__overlay\"><\/div>\n\t\t\t\t\t\t\t\t\t\t\t\t\t\t<\/a>\n\t\t\t\t\t\t\t<a class=\"e-gallery-item elementor-gallery-item elementor-animated-content\" href=\"https:\/\/kajaki-sanok.pl\/wp-content\/uploads\/2024\/03\/DSC00188.jpg\" data-elementor-open-lightbox=\"yes\" data-elementor-lightbox-slideshow=\"6bff1920\" data-elementor-lightbox-title=\"gora Fajka\" data-elementor-lightbox-description=\"sp\u0142yyw kajakowe bieszczady\" data-e-action-hash=\"#elementor-action%3Aaction%3Dlightbox%26settings%3DeyJpZCI6NDk4LCJ1cmwiOiJodHRwczpcL1wva2FqYWtpLXNhbm9rLnBsXC93cC1jb250ZW50XC91cGxvYWRzXC8yMDI0XC8wM1wvRFNDMDAxODguanBnIiwic2xpZGVzaG93IjoiNmJmZjE5MjAifQ%3D%3D\">\n\t\t\t\t\t<div class=\"e-gallery-image elementor-gallery-item__image\" data-thumbnail=\"https:\/\/kajaki-sanok.pl\/wp-content\/uploads\/2024\/03\/DSC00188-300x225.jpg\" data-width=\"300\" data-height=\"225\" aria-label=\"sp\u0142ywy kajakowe bieszczady, kajaki bieszczady sp\u0142yw podkarpacie, san kajak, sp\u0142yw sanem\" role=\"img\" ><\/div>\n\t\t\t\t\t\t\t\t\t\t\t<div class=\"elementor-gallery-item__overlay\"><\/div>\n\t\t\t\t\t\t\t\t\t\t\t\t\t\t<\/a>\n\t\t\t\t\t\t\t<a class=\"e-gallery-item elementor-gallery-item elementor-animated-content\" href=\"https:\/\/kajaki-sanok.pl\/wp-content\/uploads\/2024\/03\/1010080.jpg\" data-elementor-open-lightbox=\"yes\" data-elementor-lightbox-slideshow=\"6bff1920\" data-elementor-lightbox-title=\"sp\u0142ywy san\" data-e-action-hash=\"#elementor-action%3Aaction%3Dlightbox%26settings%3DeyJpZCI6NDg5LCJ1cmwiOiJodHRwczpcL1wva2FqYWtpLXNhbm9rLnBsXC93cC1jb250ZW50XC91cGxvYWRzXC8yMDI0XC8wM1wvMTAxMDA4MC5qcGciLCJzbGlkZXNob3ciOiI2YmZmMTkyMCJ9\">\n\t\t\t\t\t<div class=\"e-gallery-image elementor-gallery-item__image\" data-thumbnail=\"https:\/\/kajaki-sanok.pl\/wp-content\/uploads\/2024\/03\/1010080-300x225.jpg\" data-width=\"300\" data-height=\"225\" aria-label=\"sp\u0142ywy kajakowe bieszczady, kajaki bieszczady sp\u0142yw podkarpacie, san kajak, sp\u0142yw sanem\" role=\"img\" ><\/div>\n\t\t\t\t\t\t\t\t\t\t\t<div class=\"elementor-gallery-item__overlay\"><\/div>\n\t\t\t\t\t\t\t\t\t\t\t\t\t\t<\/a>\n\t\t\t\t\t\t\t<a class=\"e-gallery-item elementor-gallery-item elementor-animated-content\" href=\"https:\/\/kajaki-sanok.pl\/wp-content\/uploads\/2024\/03\/1019185.jpg\" data-elementor-open-lightbox=\"yes\" data-elementor-lightbox-slideshow=\"6bff1920\" data-elementor-lightbox-title=\"kajaki bieszczady\" data-e-action-hash=\"#elementor-action%3Aaction%3Dlightbox%26settings%3DeyJpZCI6NDkyLCJ1cmwiOiJodHRwczpcL1wva2FqYWtpLXNhbm9rLnBsXC93cC1jb250ZW50XC91cGxvYWRzXC8yMDI0XC8wM1wvMTAxOTE4NS5qcGciLCJzbGlkZXNob3ciOiI2YmZmMTkyMCJ9\">\n\t\t\t\t\t<div class=\"e-gallery-image elementor-gallery-item__image\" data-thumbnail=\"https:\/\/kajaki-sanok.pl\/wp-content\/uploads\/2024\/03\/1019185-300x225.jpg\" data-width=\"300\" data-height=\"225\" aria-label=\"sp\u0142ywy kajakowe bieszczady, kajaki bieszczady sp\u0142yw podkarpacie, san kajak, sp\u0142yw sanem\" role=\"img\" ><\/div>\n\t\t\t\t\t\t\t\t\t\t\t<div class=\"elementor-gallery-item__overlay\"><\/div>\n\t\t\t\t\t\t\t\t\t\t\t\t\t\t<\/a>\n\t\t\t\t\t\t\t<a class=\"e-gallery-item elementor-gallery-item elementor-animated-content\" href=\"https:\/\/kajaki-sanok.pl\/wp-content\/uploads\/2024\/03\/1019460.jpg\" data-elementor-open-lightbox=\"yes\" data-elementor-lightbox-slideshow=\"6bff1920\" data-elementor-lightbox-title=\"kajaki na sanie\" data-e-action-hash=\"#elementor-action%3Aaction%3Dlightbox%26settings%3DeyJpZCI6NDk0LCJ1cmwiOiJodHRwczpcL1wva2FqYWtpLXNhbm9rLnBsXC93cC1jb250ZW50XC91cGxvYWRzXC8yMDI0XC8wM1wvMTAxOTQ2MC5qcGciLCJzbGlkZXNob3ciOiI2YmZmMTkyMCJ9\">\n\t\t\t\t\t<div class=\"e-gallery-image elementor-gallery-item__image\" data-thumbnail=\"https:\/\/kajaki-sanok.pl\/wp-content\/uploads\/2024\/03\/1019460-300x225.jpg\" data-width=\"300\" data-height=\"225\" aria-label=\"\" role=\"img\" ><\/div>\n\t\t\t\t\t\t\t\t\t\t\t<div class=\"elementor-gallery-item__overlay\"><\/div>\n\t\t\t\t\t\t\t\t\t\t\t\t\t\t<\/a>\n\t\t\t\t\t\t\t<a class=\"e-gallery-item elementor-gallery-item elementor-animated-content\" href=\"https:\/\/kajaki-sanok.pl\/wp-content\/uploads\/2024\/03\/1019585.jpg\" data-elementor-open-lightbox=\"yes\" data-elementor-lightbox-slideshow=\"6bff1920\" data-elementor-lightbox-title=\"sp\u0142yyw na sanie\" data-e-action-hash=\"#elementor-action%3Aaction%3Dlightbox%26settings%3DeyJpZCI6NDk1LCJ1cmwiOiJodHRwczpcL1wva2FqYWtpLXNhbm9rLnBsXC93cC1jb250ZW50XC91cGxvYWRzXC8yMDI0XC8wM1wvMTAxOTU4NS5qcGciLCJzbGlkZXNob3ciOiI2YmZmMTkyMCJ9\">\n\t\t\t\t\t<div class=\"e-gallery-image elementor-gallery-item__image\" data-thumbnail=\"https:\/\/kajaki-sanok.pl\/wp-content\/uploads\/2024\/03\/1019585-300x225.jpg\" data-width=\"300\" data-height=\"225\" aria-label=\"sp\u0142ywy kajakowe bieszczady, kajaki bieszczady sp\u0142yw podkarpacie, san kajak, sp\u0142yw sanem\" role=\"img\" ><\/div>\n\t\t\t\t\t\t\t\t\t\t\t<div class=\"elementor-gallery-item__overlay\"><\/div>\n\t\t\t\t\t\t\t\t\t\t\t\t\t\t<\/a>\n\t\t\t\t\t\t\t<a class=\"e-gallery-item elementor-gallery-item elementor-animated-content\" href=\"https:\/\/kajaki-sanok.pl\/wp-content\/uploads\/2024\/03\/DJI_0007-5.jpg\" data-elementor-open-lightbox=\"yes\" data-elementor-lightbox-slideshow=\"6bff1920\" data-elementor-lightbox-title=\"spyyw sanem\" data-e-action-hash=\"#elementor-action%3Aaction%3Dlightbox%26settings%3DeyJpZCI6NDk3LCJ1cmwiOiJodHRwczpcL1wva2FqYWtpLXNhbm9rLnBsXC93cC1jb250ZW50XC91cGxvYWRzXC8yMDI0XC8wM1wvREpJXzAwMDctNS5qcGciLCJzbGlkZXNob3ciOiI2YmZmMTkyMCJ9\">\n\t\t\t\t\t<div class=\"e-gallery-image elementor-gallery-item__image\" data-thumbnail=\"https:\/\/kajaki-sanok.pl\/wp-content\/uploads\/2024\/03\/DJI_0007-5-300x225.jpg\" data-width=\"300\" data-height=\"225\" aria-label=\"sp\u0142ywy kajakowe bieszczady, kajaki bieszczady sp\u0142yw podkarpacie, san kajak, sp\u0142yw sanem\" role=\"img\" ><\/div>\n\t\t\t\t\t\t\t\t\t\t\t<div class=\"elementor-gallery-item__overlay\"><\/div>\n\t\t\t\t\t\t\t\t\t\t\t\t\t\t<\/a>\n\t\t\t\t\t\t\t<a class=\"e-gallery-item elementor-gallery-item elementor-animated-content\" href=\"https:\/\/kajaki-sanok.pl\/wp-content\/uploads\/2024\/03\/DSC00194.jpg\" data-elementor-open-lightbox=\"yes\" data-elementor-lightbox-slideshow=\"6bff1920\" data-elementor-lightbox-title=\"sp\u0142yw bieszczady\" data-e-action-hash=\"#elementor-action%3Aaction%3Dlightbox%26settings%3DeyJpZCI6NTAwLCJ1cmwiOiJodHRwczpcL1wva2FqYWtpLXNhbm9rLnBsXC93cC1jb250ZW50XC91cGxvYWRzXC8yMDI0XC8wM1wvRFNDMDAxOTQuanBnIiwic2xpZGVzaG93IjoiNmJmZjE5MjAifQ%3D%3D\">\n\t\t\t\t\t<div class=\"e-gallery-image elementor-gallery-item__image\" data-thumbnail=\"https:\/\/kajaki-sanok.pl\/wp-content\/uploads\/2024\/03\/DSC00194-300x150.jpg\" data-width=\"300\" data-height=\"150\" aria-label=\"sp\u0142ywy kajakowe bieszczady, kajaki bieszczady sp\u0142yw podkarpacie, san kajak, sp\u0142yw sanem\" role=\"img\" ><\/div>\n\t\t\t\t\t\t\t\t\t\t\t<div class=\"elementor-gallery-item__overlay\"><\/div>\n\t\t\t\t\t\t\t\t\t\t\t\t\t\t<\/a>\n\t\t\t\t\t\t\t<a class=\"e-gallery-item elementor-gallery-item elementor-animated-content\" href=\"https:\/\/kajaki-sanok.pl\/wp-content\/uploads\/2024\/03\/1018817.jpg\" data-elementor-open-lightbox=\"yes\" data-elementor-lightbox-slideshow=\"6bff1920\" data-elementor-lightbox-title=\"kajaki san\" data-e-action-hash=\"#elementor-action%3Aaction%3Dlightbox%26settings%3DeyJpZCI6NDkxLCJ1cmwiOiJodHRwczpcL1wva2FqYWtpLXNhbm9rLnBsXC93cC1jb250ZW50XC91cGxvYWRzXC8yMDI0XC8wM1wvMTAxODgxNy5qcGciLCJzbGlkZXNob3ciOiI2YmZmMTkyMCJ9\">\n\t\t\t\t\t<div class=\"e-gallery-image elementor-gallery-item__image\" data-thumbnail=\"https:\/\/kajaki-sanok.pl\/wp-content\/uploads\/2024\/03\/1018817-300x225.jpg\" data-width=\"300\" data-height=\"225\" aria-label=\"sp\u0142ywy kajakowe bieszczady, kajaki bieszczady sp\u0142yw podkarpacie, san kajak, sp\u0142yw sanem\" role=\"img\" ><\/div>\n\t\t\t\t\t\t\t\t\t\t\t<div class=\"elementor-gallery-item__overlay\"><\/div>\n\t\t\t\t\t\t\t\t\t\t\t\t\t\t<\/a>\n\t\t\t\t\t\t\t<a class=\"e-gallery-item elementor-gallery-item elementor-animated-content\" href=\"https:\/\/kajaki-sanok.pl\/wp-content\/uploads\/2024\/03\/1010781.jpg\" data-elementor-open-lightbox=\"yes\" data-elementor-lightbox-slideshow=\"6bff1920\" data-elementor-lightbox-title=\"kajaki san\" data-e-action-hash=\"#elementor-action%3Aaction%3Dlightbox%26settings%3DeyJpZCI6NDkwLCJ1cmwiOiJodHRwczpcL1wva2FqYWtpLXNhbm9rLnBsXC93cC1jb250ZW50XC91cGxvYWRzXC8yMDI0XC8wM1wvMTAxMDc4MS5qcGciLCJzbGlkZXNob3ciOiI2YmZmMTkyMCJ9\">\n\t\t\t\t\t<div class=\"e-gallery-image elementor-gallery-item__image\" data-thumbnail=\"https:\/\/kajaki-sanok.pl\/wp-content\/uploads\/2024\/03\/1010781-300x225.jpg\" data-width=\"300\" data-height=\"225\" aria-label=\"sp\u0142ywy kajakowe bieszczady, kajaki bieszczady sp\u0142yw podkarpacie, san kajak, sp\u0142yw sanem\" role=\"img\" ><\/div>\n\t\t\t\t\t\t\t\t\t\t\t<div class=\"elementor-gallery-item__overlay\"><\/div>\n\t\t\t\t\t\t\t\t\t\t\t\t\t\t<\/a>\n\t\t\t\t\t\t\t<a class=\"e-gallery-item elementor-gallery-item elementor-animated-content\" href=\"https:\/\/kajaki-sanok.pl\/wp-content\/uploads\/2024\/03\/DSC00246.jpg\" data-elementor-open-lightbox=\"yes\" data-elementor-lightbox-slideshow=\"6bff1920\" data-elementor-lightbox-title=\"sp\u0142ywy kajakowe w bieszczadch\" data-e-action-hash=\"#elementor-action%3Aaction%3Dlightbox%26settings%3DeyJpZCI6NDg0LCJ1cmwiOiJodHRwczpcL1wva2FqYWtpLXNhbm9rLnBsXC93cC1jb250ZW50XC91cGxvYWRzXC8yMDI0XC8wM1wvRFNDMDAyNDYuanBnIiwic2xpZGVzaG93IjoiNmJmZjE5MjAifQ%3D%3D\">\n\t\t\t\t\t<div class=\"e-gallery-image elementor-gallery-item__image\" data-thumbnail=\"https:\/\/kajaki-sanok.pl\/wp-content\/uploads\/2024\/03\/DSC00246-300x225.jpg\" data-width=\"300\" data-height=\"225\" aria-label=\"sp\u0142ywy kajakowe bieszczady, kajaki bieszczady sp\u0142yw podkarpacie, san kajak, sp\u0142yw sanem\" role=\"img\" ><\/div>\n\t\t\t\t\t\t\t\t\t\t\t<div class=\"elementor-gallery-item__overlay\"><\/div>\n\t\t\t\t\t\t\t\t\t\t\t\t\t\t<\/a>\n\t\t\t\t\t\t\t<a class=\"e-gallery-item elementor-gallery-item elementor-animated-content\" href=\"https:\/\/kajaki-sanok.pl\/wp-content\/uploads\/2024\/03\/ML043343.jpg\" data-elementor-open-lightbox=\"yes\" data-elementor-lightbox-slideshow=\"6bff1920\" data-elementor-lightbox-title=\"san kajaki\" data-e-action-hash=\"#elementor-action%3Aaction%3Dlightbox%26settings%3DeyJpZCI6NDg1LCJ1cmwiOiJodHRwczpcL1wva2FqYWtpLXNhbm9rLnBsXC93cC1jb250ZW50XC91cGxvYWRzXC8yMDI0XC8wM1wvTUwwNDMzNDMuanBnIiwic2xpZGVzaG93IjoiNmJmZjE5MjAifQ%3D%3D\">\n\t\t\t\t\t<div class=\"e-gallery-image elementor-gallery-item__image\" data-thumbnail=\"https:\/\/kajaki-sanok.pl\/wp-content\/uploads\/2024\/03\/ML043343-300x233.jpg\" data-width=\"300\" data-height=\"233\" aria-label=\"sp\u0142ywy kajakowe bieszczady, kajaki bieszczady sp\u0142yw podkarpacie, san kajak, sp\u0142yw sanem\" role=\"img\" ><\/div>\n\t\t\t\t\t\t\t\t\t\t\t<div class=\"elementor-gallery-item__overlay\"><\/div>\n\t\t\t\t\t\t\t\t\t\t\t\t\t\t<\/a>\n\t\t\t\t\t\t\t<a class=\"e-gallery-item elementor-gallery-item elementor-animated-content\" href=\"https:\/\/kajaki-sanok.pl\/wp-content\/uploads\/2024\/03\/1010001.jpg\" data-elementor-open-lightbox=\"yes\" data-elementor-lightbox-slideshow=\"6bff1920\" data-elementor-lightbox-title=\"OLYMPUS DIGITAL CAMERA\" data-e-action-hash=\"#elementor-action%3Aaction%3Dlightbox%26settings%3DeyJpZCI6NDg4LCJ1cmwiOiJodHRwczpcL1wva2FqYWtpLXNhbm9rLnBsXC93cC1jb250ZW50XC91cGxvYWRzXC8yMDI0XC8wM1wvMTAxMDAwMS5qcGciLCJzbGlkZXNob3ciOiI2YmZmMTkyMCJ9\">\n\t\t\t\t\t<div class=\"e-gallery-image elementor-gallery-item__image\" data-thumbnail=\"https:\/\/kajaki-sanok.pl\/wp-content\/uploads\/2024\/03\/1010001-300x225.jpg\" data-width=\"300\" data-height=\"225\" aria-label=\"sp\u0142ywy pontonowe bieszczady, sp\u0142ywy kajakowe bieszczady, kajaki bieszczady sp\u0142yw podkarpacie, san kajak, sp\u0142yw sanem\" role=\"img\" ><\/div>\n\t\t\t\t\t\t\t\t\t\t\t<div class=\"elementor-gallery-item__overlay\"><\/div>\n\t\t\t\t\t\t\t\t\t\t\t\t\t\t<\/a>\n\t\t\t\t\t\t\t<a class=\"e-gallery-item elementor-gallery-item elementor-animated-content\" href=\"https:\/\/kajaki-sanok.pl\/wp-content\/uploads\/2024\/03\/P1010167.jpg\" data-elementor-open-lightbox=\"yes\" data-elementor-lightbox-slideshow=\"6bff1920\" data-elementor-lightbox-title=\"koniec tray\" data-e-action-hash=\"#elementor-action%3Aaction%3Dlightbox%26settings%3DeyJpZCI6NDg2LCJ1cmwiOiJodHRwczpcL1wva2FqYWtpLXNhbm9rLnBsXC93cC1jb250ZW50XC91cGxvYWRzXC8yMDI0XC8wM1wvUDEwMTAxNjcuanBnIiwic2xpZGVzaG93IjoiNmJmZjE5MjAifQ%3D%3D\">\n\t\t\t\t\t<div class=\"e-gallery-image elementor-gallery-item__image\" data-thumbnail=\"https:\/\/kajaki-sanok.pl\/wp-content\/uploads\/2024\/03\/P1010167-300x225.jpg\" data-width=\"300\" data-height=\"225\" aria-label=\"sp\u0142ywy kajakowe bieszczady, kajaki bieszczady sp\u0142yw podkarpacie, san kajak, sp\u0142yw sanem, ponton bieszczady\" role=\"img\" ><\/div>\n\t\t\t\t\t\t\t\t\t\t\t<div class=\"elementor-gallery-item__overlay\"><\/div>\n\t\t\t\t\t\t\t\t\t\t\t\t\t\t<\/a>\n\t\t\t\t\t\t\t<a class=\"e-gallery-item elementor-gallery-item elementor-animated-content\" href=\"https:\/\/kajaki-sanok.pl\/wp-content\/uploads\/2024\/03\/tyrawa-solna-kopia.jpg\" data-elementor-open-lightbox=\"yes\" data-elementor-lightbox-slideshow=\"6bff1920\" data-elementor-lightbox-title=\"tyrawa-solna-kopia\" data-e-action-hash=\"#elementor-action%3Aaction%3Dlightbox%26settings%3DeyJpZCI6NDg3LCJ1cmwiOiJodHRwczpcL1wva2FqYWtpLXNhbm9rLnBsXC93cC1jb250ZW50XC91cGxvYWRzXC8yMDI0XC8wM1wvdHlyYXdhLXNvbG5hLWtvcGlhLmpwZyIsInNsaWRlc2hvdyI6IjZiZmYxOTIwIn0%3D\">\n\t\t\t\t\t<div class=\"e-gallery-image elementor-gallery-item__image\" data-thumbnail=\"https:\/\/kajaki-sanok.pl\/wp-content\/uploads\/2024\/03\/tyrawa-solna-kopia-300x233.jpg\" data-width=\"300\" data-height=\"233\" aria-label=\"sp\u0142ywy kajakowe bieszczady, kajaki bieszczady sp\u0142yw podkarpacie, san kajak, sp\u0142yw sanem\" role=\"img\" ><\/div>\n\t\t\t\t\t\t\t\t\t\t\t<div class=\"elementor-gallery-item__overlay\"><\/div>\n\t\t\t\t\t\t\t\t\t\t\t\t\t\t<\/a>\n\t\t\t\t\t<\/div>\n\t\t\t\t\t<\/div>\n\t\t\t\t<\/div>\n\t\t\t\t\t<\/div>\n\t\t\t\t<\/div>\n\t\t\t\t\t<\/div>\n\t\t\t\t<\/div>\n\t\t\t\t<\/div>","protected":false},"excerpt":{"rendered":"<p>Sanok &#8211; Tyrawa solna Trasa Sanok &#8211; Tyrawa Solna Od Sanoka rzeka jest sp\u0142awna i wykorzystywana jako atrakcyjny szlak turystyki kajakowej, nad jego prawym brzegiem, na rozleg\u0142ym tarasie Sanu i na stokach Bia\u0142ej G\u00f3ry, le\u017cy park etnograficzny regionalnego budownictwa drewnianego. Rzeka meandruj\u0105c mi\u0119dzy wzg\u00f3rzami prze\u0142amuje si\u0119 w rejonie Trepczy i Mi\u0119dzybrodzia by zmieni\u0107 kierunek biegu [&hellip;]<\/p>","protected":false},"author":1,"featured_media":0,"parent":0,"menu_order":0,"comment_status":"closed","ping_status":"closed","template":"","meta":{"footnotes":""},"class_list":["post-480","page","type-page","status-publish","hentry"],"_links":{"self":[{"href":"https:\/\/kajaki-sanok.pl\/en\/wp-json\/wp\/v2\/pages\/480","targetHints":{"allow":["GET"]}}],"collection":[{"href":"https:\/\/kajaki-sanok.pl\/en\/wp-json\/wp\/v2\/pages"}],"about":[{"href":"https:\/\/kajaki-sanok.pl\/en\/wp-json\/wp\/v2\/types\/page"}],"author":[{"embeddable":true,"href":"https:\/\/kajaki-sanok.pl\/en\/wp-json\/wp\/v2\/users\/1"}],"replies":[{"embeddable":true,"href":"https:\/\/kajaki-sanok.pl\/en\/wp-json\/wp\/v2\/comments?post=480"}],"version-history":[{"count":6,"href":"https:\/\/kajaki-sanok.pl\/en\/wp-json\/wp\/v2\/pages\/480\/revisions"}],"predecessor-version":[{"id":1411,"href":"https:\/\/kajaki-sanok.pl\/en\/wp-json\/wp\/v2\/pages\/480\/revisions\/1411"}],"wp:attachment":[{"href":"https:\/\/kajaki-sanok.pl\/en\/wp-json\/wp\/v2\/media?parent=480"}],"curies":[{"name":"wp","href":"https:\/\/api.w.org\/{rel}","templated":true}]}}