{"id":504,"date":"2024-03-10T14:40:16","date_gmt":"2024-03-10T14:40:16","guid":{"rendered":"https:\/\/kajaki-sanok.pl\/?page_id=504"},"modified":"2024-03-17T14:05:49","modified_gmt":"2024-03-17T14:05:49","slug":"kajaki-sanok-ulucz","status":"publish","type":"page","link":"https:\/\/kajaki-sanok.pl\/en\/kajaki-sanok-ulucz\/","title":{"rendered":"Kajaki Sanok Ulucz"},"content":{"rendered":"<div data-elementor-type=\"wp-page\" data-elementor-id=\"504\" class=\"elementor elementor-504\" data-elementor-post-type=\"page\">\n\t\t\t\t\t\t<section class=\"elementor-section elementor-top-section elementor-element elementor-element-3ef503d elementor-section-height-min-height elementor-section-boxed elementor-section-height-default elementor-section-items-middle\" data-id=\"3ef503d\" data-element_type=\"section\" data-e-type=\"section\" data-settings=\"{&quot;background_background&quot;:&quot;classic&quot;}\">\n\t\t\t\t\t\t\t<div class=\"elementor-background-overlay\"><\/div>\n\t\t\t\t\t\t\t<div class=\"elementor-container elementor-column-gap-default\">\n\t\t\t\t\t<div class=\"elementor-column elementor-col-100 elementor-top-column elementor-element elementor-element-4c768e0\" data-id=\"4c768e0\" data-element_type=\"column\" data-e-type=\"column\">\n\t\t\t<div class=\"elementor-widget-wrap elementor-element-populated\">\n\t\t\t\t\t\t<div class=\"elementor-element elementor-element-73c996c9 elementor-widget elementor-widget-heading\" data-id=\"73c996c9\" data-element_type=\"widget\" data-e-type=\"widget\" data-widget_type=\"heading.default\">\n\t\t\t\t<div class=\"elementor-widget-container\">\n\t\t\t\t\t<h1 class=\"elementor-heading-title elementor-size-default\">Sanok - ulucz<\/h1>\t\t\t\t<\/div>\n\t\t\t\t<\/div>\n\t\t\t\t\t<\/div>\n\t\t<\/div>\n\t\t\t\t\t<\/div>\n\t\t<\/section>\n\t\t<div class=\"elementor-element elementor-element-3dd50821 e-flex e-con-boxed e-con e-parent\" data-id=\"3dd50821\" data-element_type=\"container\" data-e-type=\"container\" data-settings=\"{&quot;background_background&quot;:&quot;classic&quot;}\">\n\t\t\t\t\t<div class=\"e-con-inner\">\n\t\t<div class=\"elementor-element elementor-element-1c5f87f2 e-flex e-con-boxed e-con e-child\" data-id=\"1c5f87f2\" data-element_type=\"container\" data-e-type=\"container\" data-settings=\"{&quot;background_background&quot;:&quot;classic&quot;}\">\n\t\t\t\t\t<div class=\"e-con-inner\">\n\t\t\t\t<div class=\"elementor-element elementor-element-181969bb elementor-widget elementor-widget-heading\" data-id=\"181969bb\" data-element_type=\"widget\" data-e-type=\"widget\" data-widget_type=\"heading.default\">\n\t\t\t\t<div class=\"elementor-widget-container\">\n\t\t\t\t\t<h2 class=\"elementor-heading-title elementor-size-default\">Kajaki Sanok - Ulucz<\/h2>\t\t\t\t<\/div>\n\t\t\t\t<\/div>\n\t\t\t\t<div class=\"elementor-element elementor-element-50604e9c elementor-widget elementor-widget-heading\" data-id=\"50604e9c\" data-element_type=\"widget\" data-e-type=\"widget\" data-widget_type=\"heading.default\">\n\t\t\t\t<div class=\"elementor-widget-container\">\n\t\t\t\t\t<p class=\"elementor-heading-title elementor-size-default\">Sp\u0142yw rozpoczynamy przy mo\u015bcie do skansenu w Sanoku. Po kilkuset metrach przep\u0142ywamy przez tzw. ba\u0142wanki (uwaga kilkadziesi\u0105t metr\u00f3w szybszego nurtu), a po oko\u0142o 2 kilometrach po lewej stronie mijamy przysta\u0144 Trepcza, nast\u0119pnie punkt poboru wody w Trepczy i dalej uj\u015bcie rzeki Sanoczek, zaraz potem po prawej stronie nad ska\u0142\u0105 ko\u015bci\u00f3\u0142ek w Mi\u0119dzybrodziu. Dalsza cz\u0119\u015b\u0107 sp\u0142ywu odbywa si\u0119 przy pi\u0119knych widokach Doliny Sanu. Po lewej stronie znajduje si\u0119 Mi\u0119dzybrod\u017a a po prawej widzimy Liszn\u0105, a\u017c docieramy do mostu Mrzyg\u0142\u00f3d - Tyrawa Solna. Tutaj za mostem po prawej stronie mo\u017cemy odpocz\u0105\u0107 w o\u015brodku wypoczynkowym Diabla G\u00f3ra. Nast\u0119pny czas sp\u0142ywu to spok\u00f3j i relaks. Po godzinie sp\u0142ywu widzimy most w Dobrej a po nast\u0119pnej godzinie dop\u0142ywamy do k\u0142adki Witry\u0142\u00f3w - Ulucz ko\u0144ca trasy, gdzie kilkadziesi\u0105t metr\u00f3w za k\u0142adk\u0105 po PRAWEJ (polna droga) stronie znajduje si\u0119 meta.<\/p>\t\t\t\t<\/div>\n\t\t\t\t<\/div>\n\t\t\t\t<div class=\"elementor-element elementor-element-5ca98b1d elementor-widget-mobile__width-inherit elementor-widget elementor-widget-gallery\" data-id=\"5ca98b1d\" data-element_type=\"widget\" data-e-type=\"widget\" data-settings=\"{&quot;gallery_layout&quot;:&quot;justified&quot;,&quot;gap&quot;:{&quot;unit&quot;:&quot;px&quot;,&quot;size&quot;:20,&quot;sizes&quot;:[]},&quot;lazyload&quot;:&quot;yes&quot;,&quot;ideal_row_height&quot;:{&quot;unit&quot;:&quot;px&quot;,&quot;size&quot;:200,&quot;sizes&quot;:[]},&quot;ideal_row_height_tablet&quot;:{&quot;unit&quot;:&quot;px&quot;,&quot;size&quot;:150,&quot;sizes&quot;:[]},&quot;ideal_row_height_mobile&quot;:{&quot;unit&quot;:&quot;px&quot;,&quot;size&quot;:150,&quot;sizes&quot;:[]},&quot;gap_tablet&quot;:{&quot;unit&quot;:&quot;px&quot;,&quot;size&quot;:10,&quot;sizes&quot;:[]},&quot;gap_mobile&quot;:{&quot;unit&quot;:&quot;px&quot;,&quot;size&quot;:10,&quot;sizes&quot;:[]},&quot;link_to&quot;:&quot;file&quot;,&quot;overlay_background&quot;:&quot;yes&quot;,&quot;content_hover_animation&quot;:&quot;fade-in&quot;}\" data-widget_type=\"gallery.default\">\n\t\t\t\t<div class=\"elementor-widget-container\">\n\t\t\t\t\t\t\t<div class=\"elementor-gallery__container\">\n\t\t\t\t\t\t\t<a class=\"e-gallery-item elementor-gallery-item elementor-animated-content\" href=\"https:\/\/kajaki-sanok.pl\/wp-content\/uploads\/2024\/03\/ML031805-1.jpg\" data-elementor-open-lightbox=\"yes\" data-elementor-lightbox-slideshow=\"5ca98b1d\" data-elementor-lightbox-title=\"ML031805-1\" data-e-action-hash=\"#elementor-action%3Aaction%3Dlightbox%26settings%3DeyJpZCI6NTA4LCJ1cmwiOiJodHRwczpcL1wva2FqYWtpLXNhbm9rLnBsXC93cC1jb250ZW50XC91cGxvYWRzXC8yMDI0XC8wM1wvTUwwMzE4MDUtMS5qcGciLCJzbGlkZXNob3ciOiI1Y2E5OGIxZCJ9\">\n\t\t\t\t\t<div class=\"e-gallery-image elementor-gallery-item__image\" data-thumbnail=\"https:\/\/kajaki-sanok.pl\/wp-content\/uploads\/2024\/03\/ML031805-1-300x194.jpg\" data-width=\"300\" data-height=\"194\" aria-label=\"\" role=\"img\" ><\/div>\n\t\t\t\t\t\t\t\t\t\t\t<div class=\"elementor-gallery-item__overlay\"><\/div>\n\t\t\t\t\t\t\t\t\t\t\t\t\t\t<\/a>\n\t\t\t\t\t\t\t<a class=\"e-gallery-item elementor-gallery-item elementor-animated-content\" href=\"https:\/\/kajaki-sanok.pl\/wp-content\/uploads\/2024\/03\/ML033290.jpg\" data-elementor-open-lightbox=\"yes\" data-elementor-lightbox-slideshow=\"5ca98b1d\" data-elementor-lightbox-title=\"OLYMPUS DIGITAL CAMERA\" data-e-action-hash=\"#elementor-action%3Aaction%3Dlightbox%26settings%3DeyJpZCI6NTA5LCJ1cmwiOiJodHRwczpcL1wva2FqYWtpLXNhbm9rLnBsXC93cC1jb250ZW50XC91cGxvYWRzXC8yMDI0XC8wM1wvTUwwMzMyOTAuanBnIiwic2xpZGVzaG93IjoiNWNhOThiMWQifQ%3D%3D\">\n\t\t\t\t\t<div class=\"e-gallery-image elementor-gallery-item__image\" data-thumbnail=\"https:\/\/kajaki-sanok.pl\/wp-content\/uploads\/2024\/03\/ML033290-300x225.jpg\" data-width=\"300\" data-height=\"225\" aria-label=\"\" role=\"img\" ><\/div>\n\t\t\t\t\t\t\t\t\t\t\t<div class=\"elementor-gallery-item__overlay\"><\/div>\n\t\t\t\t\t\t\t\t\t\t\t\t\t\t<\/a>\n\t\t\t\t\t\t\t<a class=\"e-gallery-item elementor-gallery-item elementor-animated-content\" href=\"https:\/\/kajaki-sanok.pl\/wp-content\/uploads\/2024\/03\/ML127708-1.jpg\" data-elementor-open-lightbox=\"yes\" data-elementor-lightbox-slideshow=\"5ca98b1d\" data-elementor-lightbox-title=\"ML127708-1\" data-e-action-hash=\"#elementor-action%3Aaction%3Dlightbox%26settings%3DeyJpZCI6NTEwLCJ1cmwiOiJodHRwczpcL1wva2FqYWtpLXNhbm9rLnBsXC93cC1jb250ZW50XC91cGxvYWRzXC8yMDI0XC8wM1wvTUwxMjc3MDgtMS5qcGciLCJzbGlkZXNob3ciOiI1Y2E5OGIxZCJ9\">\n\t\t\t\t\t<div class=\"e-gallery-image elementor-gallery-item__image\" data-thumbnail=\"https:\/\/kajaki-sanok.pl\/wp-content\/uploads\/2024\/03\/ML127708-1-300x209.jpg\" data-width=\"300\" data-height=\"209\" aria-label=\"\" role=\"img\" ><\/div>\n\t\t\t\t\t\t\t\t\t\t\t<div class=\"elementor-gallery-item__overlay\"><\/div>\n\t\t\t\t\t\t\t\t\t\t\t\t\t\t<\/a>\n\t\t\t\t\t\t\t<a class=\"e-gallery-item elementor-gallery-item elementor-animated-content\" href=\"https:\/\/kajaki-sanok.pl\/wp-content\/uploads\/2024\/03\/ML127731.jpg\" data-elementor-open-lightbox=\"yes\" data-elementor-lightbox-slideshow=\"5ca98b1d\" data-elementor-lightbox-title=\"OLYMPUS DIGITAL CAMERA\" data-e-action-hash=\"#elementor-action%3Aaction%3Dlightbox%26settings%3DeyJpZCI6NTExLCJ1cmwiOiJodHRwczpcL1wva2FqYWtpLXNhbm9rLnBsXC93cC1jb250ZW50XC91cGxvYWRzXC8yMDI0XC8wM1wvTUwxMjc3MzEuanBnIiwic2xpZGVzaG93IjoiNWNhOThiMWQifQ%3D%3D\">\n\t\t\t\t\t<div class=\"e-gallery-image elementor-gallery-item__image\" data-thumbnail=\"https:\/\/kajaki-sanok.pl\/wp-content\/uploads\/2024\/03\/ML127731-300x225.jpg\" data-width=\"300\" data-height=\"225\" aria-label=\"\" role=\"img\" ><\/div>\n\t\t\t\t\t\t\t\t\t\t\t<div class=\"elementor-gallery-item__overlay\"><\/div>\n\t\t\t\t\t\t\t\t\t\t\t\t\t\t<\/a>\n\t\t\t\t\t\t\t<a class=\"e-gallery-item elementor-gallery-item elementor-animated-content\" href=\"https:\/\/kajaki-sanok.pl\/wp-content\/uploads\/2024\/03\/ML127761.jpg\" data-elementor-open-lightbox=\"yes\" data-elementor-lightbox-slideshow=\"5ca98b1d\" data-elementor-lightbox-title=\"OLYMPUS DIGITAL CAMERA\" data-e-action-hash=\"#elementor-action%3Aaction%3Dlightbox%26settings%3DeyJpZCI6NTEyLCJ1cmwiOiJodHRwczpcL1wva2FqYWtpLXNhbm9rLnBsXC93cC1jb250ZW50XC91cGxvYWRzXC8yMDI0XC8wM1wvTUwxMjc3NjEuanBnIiwic2xpZGVzaG93IjoiNWNhOThiMWQifQ%3D%3D\">\n\t\t\t\t\t<div class=\"e-gallery-image elementor-gallery-item__image\" data-thumbnail=\"https:\/\/kajaki-sanok.pl\/wp-content\/uploads\/2024\/03\/ML127761-300x225.jpg\" data-width=\"300\" data-height=\"225\" aria-label=\"\" role=\"img\" ><\/div>\n\t\t\t\t\t\t\t\t\t\t\t<div class=\"elementor-gallery-item__overlay\"><\/div>\n\t\t\t\t\t\t\t\t\t\t\t\t\t\t<\/a>\n\t\t\t\t\t\t\t<a class=\"e-gallery-item elementor-gallery-item elementor-animated-content\" href=\"https:\/\/kajaki-sanok.pl\/wp-content\/uploads\/2024\/03\/ML127768-1.jpg\" data-elementor-open-lightbox=\"yes\" data-elementor-lightbox-slideshow=\"5ca98b1d\" data-elementor-lightbox-title=\"ML127768-1\" data-e-action-hash=\"#elementor-action%3Aaction%3Dlightbox%26settings%3DeyJpZCI6NTEzLCJ1cmwiOiJodHRwczpcL1wva2FqYWtpLXNhbm9rLnBsXC93cC1jb250ZW50XC91cGxvYWRzXC8yMDI0XC8wM1wvTUwxMjc3NjgtMS5qcGciLCJzbGlkZXNob3ciOiI1Y2E5OGIxZCJ9\">\n\t\t\t\t\t<div class=\"e-gallery-image elementor-gallery-item__image\" data-thumbnail=\"https:\/\/kajaki-sanok.pl\/wp-content\/uploads\/2024\/03\/ML127768-1-300x195.jpg\" data-width=\"300\" data-height=\"195\" aria-label=\"\" role=\"img\" ><\/div>\n\t\t\t\t\t\t\t\t\t\t\t<div class=\"elementor-gallery-item__overlay\"><\/div>\n\t\t\t\t\t\t\t\t\t\t\t\t\t\t<\/a>\n\t\t\t\t\t\t\t<a class=\"e-gallery-item elementor-gallery-item elementor-animated-content\" href=\"https:\/\/kajaki-sanok.pl\/wp-content\/uploads\/2024\/03\/ML127777.jpg\" data-elementor-open-lightbox=\"yes\" data-elementor-lightbox-slideshow=\"5ca98b1d\" data-elementor-lightbox-title=\"OLYMPUS DIGITAL CAMERA\" data-e-action-hash=\"#elementor-action%3Aaction%3Dlightbox%26settings%3DeyJpZCI6NTE0LCJ1cmwiOiJodHRwczpcL1wva2FqYWtpLXNhbm9rLnBsXC93cC1jb250ZW50XC91cGxvYWRzXC8yMDI0XC8wM1wvTUwxMjc3NzcuanBnIiwic2xpZGVzaG93IjoiNWNhOThiMWQifQ%3D%3D\">\n\t\t\t\t\t<div class=\"e-gallery-image elementor-gallery-item__image\" data-thumbnail=\"https:\/\/kajaki-sanok.pl\/wp-content\/uploads\/2024\/03\/ML127777-300x225.jpg\" data-width=\"300\" data-height=\"225\" aria-label=\"\" role=\"img\" ><\/div>\n\t\t\t\t\t\t\t\t\t\t\t<div class=\"elementor-gallery-item__overlay\"><\/div>\n\t\t\t\t\t\t\t\t\t\t\t\t\t\t<\/a>\n\t\t\t\t\t\t\t<a class=\"e-gallery-item elementor-gallery-item elementor-animated-content\" href=\"https:\/\/kajaki-sanok.pl\/wp-content\/uploads\/2024\/03\/1010001-1.jpg\" data-elementor-open-lightbox=\"yes\" data-elementor-lightbox-slideshow=\"5ca98b1d\" data-elementor-lightbox-title=\"OLYMPUS DIGITAL CAMERA\" data-e-action-hash=\"#elementor-action%3Aaction%3Dlightbox%26settings%3DeyJpZCI6NTE1LCJ1cmwiOiJodHRwczpcL1wva2FqYWtpLXNhbm9rLnBsXC93cC1jb250ZW50XC91cGxvYWRzXC8yMDI0XC8wM1wvMTAxMDAwMS0xLmpwZyIsInNsaWRlc2hvdyI6IjVjYTk4YjFkIn0%3D\">\n\t\t\t\t\t<div class=\"e-gallery-image elementor-gallery-item__image\" data-thumbnail=\"https:\/\/kajaki-sanok.pl\/wp-content\/uploads\/2024\/03\/1010001-1-300x225.jpg\" data-width=\"300\" data-height=\"225\" aria-label=\"\" role=\"img\" ><\/div>\n\t\t\t\t\t\t\t\t\t\t\t<div class=\"elementor-gallery-item__overlay\"><\/div>\n\t\t\t\t\t\t\t\t\t\t\t\t\t\t<\/a>\n\t\t\t\t\t\t\t<a class=\"e-gallery-item elementor-gallery-item elementor-animated-content\" href=\"https:\/\/kajaki-sanok.pl\/wp-content\/uploads\/2024\/03\/1010081.jpg\" data-elementor-open-lightbox=\"yes\" data-elementor-lightbox-slideshow=\"5ca98b1d\" data-elementor-lightbox-title=\"OLYMPUS DIGITAL CAMERA\" data-e-action-hash=\"#elementor-action%3Aaction%3Dlightbox%26settings%3DeyJpZCI6NTE2LCJ1cmwiOiJodHRwczpcL1wva2FqYWtpLXNhbm9rLnBsXC93cC1jb250ZW50XC91cGxvYWRzXC8yMDI0XC8wM1wvMTAxMDA4MS5qcGciLCJzbGlkZXNob3ciOiI1Y2E5OGIxZCJ9\">\n\t\t\t\t\t<div class=\"e-gallery-image elementor-gallery-item__image\" data-thumbnail=\"https:\/\/kajaki-sanok.pl\/wp-content\/uploads\/2024\/03\/1010081-300x225.jpg\" data-width=\"300\" data-height=\"225\" aria-label=\"\" role=\"img\" ><\/div>\n\t\t\t\t\t\t\t\t\t\t\t<div class=\"elementor-gallery-item__overlay\"><\/div>\n\t\t\t\t\t\t\t\t\t\t\t\t\t\t<\/a>\n\t\t\t\t\t\t\t<a class=\"e-gallery-item elementor-gallery-item elementor-animated-content\" href=\"https:\/\/kajaki-sanok.pl\/wp-content\/uploads\/2024\/03\/1016353.jpg\" data-elementor-open-lightbox=\"yes\" data-elementor-lightbox-slideshow=\"5ca98b1d\" data-elementor-lightbox-title=\"OLYMPUS DIGITAL CAMERA\" data-e-action-hash=\"#elementor-action%3Aaction%3Dlightbox%26settings%3DeyJpZCI6NTE3LCJ1cmwiOiJodHRwczpcL1wva2FqYWtpLXNhbm9rLnBsXC93cC1jb250ZW50XC91cGxvYWRzXC8yMDI0XC8wM1wvMTAxNjM1My5qcGciLCJzbGlkZXNob3ciOiI1Y2E5OGIxZCJ9\">\n\t\t\t\t\t<div class=\"e-gallery-image elementor-gallery-item__image\" data-thumbnail=\"https:\/\/kajaki-sanok.pl\/wp-content\/uploads\/2024\/03\/1016353-300x225.jpg\" data-width=\"300\" data-height=\"225\" aria-label=\"\" role=\"img\" ><\/div>\n\t\t\t\t\t\t\t\t\t\t\t<div class=\"elementor-gallery-item__overlay\"><\/div>\n\t\t\t\t\t\t\t\t\t\t\t\t\t\t<\/a>\n\t\t\t\t\t\t\t<a class=\"e-gallery-item elementor-gallery-item elementor-animated-content\" href=\"https:\/\/kajaki-sanok.pl\/wp-content\/uploads\/2024\/03\/1018917.jpg\" data-elementor-open-lightbox=\"yes\" data-elementor-lightbox-slideshow=\"5ca98b1d\" data-elementor-lightbox-title=\"OLYMPUS DIGITAL CAMERA\" data-e-action-hash=\"#elementor-action%3Aaction%3Dlightbox%26settings%3DeyJpZCI6NTE4LCJ1cmwiOiJodHRwczpcL1wva2FqYWtpLXNhbm9rLnBsXC93cC1jb250ZW50XC91cGxvYWRzXC8yMDI0XC8wM1wvMTAxODkxNy5qcGciLCJzbGlkZXNob3ciOiI1Y2E5OGIxZCJ9\">\n\t\t\t\t\t<div class=\"e-gallery-image elementor-gallery-item__image\" data-thumbnail=\"https:\/\/kajaki-sanok.pl\/wp-content\/uploads\/2024\/03\/1018917-300x225.jpg\" data-width=\"300\" data-height=\"225\" aria-label=\"\" role=\"img\" ><\/div>\n\t\t\t\t\t\t\t\t\t\t\t<div class=\"elementor-gallery-item__overlay\"><\/div>\n\t\t\t\t\t\t\t\t\t\t\t\t\t\t<\/a>\n\t\t\t\t\t\t\t<a class=\"e-gallery-item elementor-gallery-item elementor-animated-content\" href=\"https:\/\/kajaki-sanok.pl\/wp-content\/uploads\/2024\/03\/1019034.jpg\" data-elementor-open-lightbox=\"yes\" data-elementor-lightbox-slideshow=\"5ca98b1d\" data-elementor-lightbox-title=\"OLYMPUS DIGITAL CAMERA\" data-e-action-hash=\"#elementor-action%3Aaction%3Dlightbox%26settings%3DeyJpZCI6NTE5LCJ1cmwiOiJodHRwczpcL1wva2FqYWtpLXNhbm9rLnBsXC93cC1jb250ZW50XC91cGxvYWRzXC8yMDI0XC8wM1wvMTAxOTAzNC5qcGciLCJzbGlkZXNob3ciOiI1Y2E5OGIxZCJ9\">\n\t\t\t\t\t<div class=\"e-gallery-image elementor-gallery-item__image\" data-thumbnail=\"https:\/\/kajaki-sanok.pl\/wp-content\/uploads\/2024\/03\/1019034-300x225.jpg\" data-width=\"300\" data-height=\"225\" aria-label=\"\" role=\"img\" ><\/div>\n\t\t\t\t\t\t\t\t\t\t\t<div class=\"elementor-gallery-item__overlay\"><\/div>\n\t\t\t\t\t\t\t\t\t\t\t\t\t\t<\/a>\n\t\t\t\t\t\t\t<a class=\"e-gallery-item elementor-gallery-item elementor-animated-content\" href=\"https:\/\/kajaki-sanok.pl\/wp-content\/uploads\/2024\/03\/1019721.jpg\" data-elementor-open-lightbox=\"yes\" data-elementor-lightbox-slideshow=\"5ca98b1d\" data-elementor-lightbox-title=\"OLYMPUS DIGITAL CAMERA\" data-e-action-hash=\"#elementor-action%3Aaction%3Dlightbox%26settings%3DeyJpZCI6NTIwLCJ1cmwiOiJodHRwczpcL1wva2FqYWtpLXNhbm9rLnBsXC93cC1jb250ZW50XC91cGxvYWRzXC8yMDI0XC8wM1wvMTAxOTcyMS5qcGciLCJzbGlkZXNob3ciOiI1Y2E5OGIxZCJ9\">\n\t\t\t\t\t<div class=\"e-gallery-image elementor-gallery-item__image\" data-thumbnail=\"https:\/\/kajaki-sanok.pl\/wp-content\/uploads\/2024\/03\/1019721-300x225.jpg\" data-width=\"300\" data-height=\"225\" aria-label=\"\" role=\"img\" ><\/div>\n\t\t\t\t\t\t\t\t\t\t\t<div class=\"elementor-gallery-item__overlay\"><\/div>\n\t\t\t\t\t\t\t\t\t\t\t\t\t\t<\/a>\n\t\t\t\t\t\t\t<a class=\"e-gallery-item elementor-gallery-item elementor-animated-content\" href=\"https:\/\/kajaki-sanok.pl\/wp-content\/uploads\/2024\/03\/1019770-1.jpg\" data-elementor-open-lightbox=\"yes\" data-elementor-lightbox-slideshow=\"5ca98b1d\" data-elementor-lightbox-title=\"OLYMPUS DIGITAL CAMERA\" data-e-action-hash=\"#elementor-action%3Aaction%3Dlightbox%26settings%3DeyJpZCI6NTIxLCJ1cmwiOiJodHRwczpcL1wva2FqYWtpLXNhbm9rLnBsXC93cC1jb250ZW50XC91cGxvYWRzXC8yMDI0XC8wM1wvMTAxOTc3MC0xLmpwZyIsInNsaWRlc2hvdyI6IjVjYTk4YjFkIn0%3D\">\n\t\t\t\t\t<div class=\"e-gallery-image elementor-gallery-item__image\" data-thumbnail=\"https:\/\/kajaki-sanok.pl\/wp-content\/uploads\/2024\/03\/1019770-1-300x225.jpg\" data-width=\"300\" data-height=\"225\" aria-label=\"\" role=\"img\" ><\/div>\n\t\t\t\t\t\t\t\t\t\t\t<div class=\"elementor-gallery-item__overlay\"><\/div>\n\t\t\t\t\t\t\t\t\t\t\t\t\t\t<\/a>\n\t\t\t\t\t\t\t<a class=\"e-gallery-item elementor-gallery-item elementor-animated-content\" href=\"https:\/\/kajaki-sanok.pl\/wp-content\/uploads\/2024\/03\/10107731.jpg\" data-elementor-open-lightbox=\"yes\" data-elementor-lightbox-slideshow=\"5ca98b1d\" data-elementor-lightbox-title=\"10107731\" data-e-action-hash=\"#elementor-action%3Aaction%3Dlightbox%26settings%3DeyJpZCI6NTIyLCJ1cmwiOiJodHRwczpcL1wva2FqYWtpLXNhbm9rLnBsXC93cC1jb250ZW50XC91cGxvYWRzXC8yMDI0XC8wM1wvMTAxMDc3MzEuanBnIiwic2xpZGVzaG93IjoiNWNhOThiMWQifQ%3D%3D\">\n\t\t\t\t\t<div class=\"e-gallery-image elementor-gallery-item__image\" data-thumbnail=\"https:\/\/kajaki-sanok.pl\/wp-content\/uploads\/2024\/03\/10107731-300x218.jpg\" data-width=\"300\" data-height=\"218\" aria-label=\"\" role=\"img\" ><\/div>\n\t\t\t\t\t\t\t\t\t\t\t<div class=\"elementor-gallery-item__overlay\"><\/div>\n\t\t\t\t\t\t\t\t\t\t\t\t\t\t<\/a>\n\t\t\t\t\t\t\t<a class=\"e-gallery-item elementor-gallery-item elementor-animated-content\" href=\"https:\/\/kajaki-sanok.pl\/wp-content\/uploads\/2024\/03\/DSC00188-1.jpg\" data-elementor-open-lightbox=\"yes\" data-elementor-lightbox-slideshow=\"5ca98b1d\" data-elementor-lightbox-title=\"DSC00188\" data-e-action-hash=\"#elementor-action%3Aaction%3Dlightbox%26settings%3DeyJpZCI6NTIzLCJ1cmwiOiJodHRwczpcL1wva2FqYWtpLXNhbm9rLnBsXC93cC1jb250ZW50XC91cGxvYWRzXC8yMDI0XC8wM1wvRFNDMDAxODgtMS5qcGciLCJzbGlkZXNob3ciOiI1Y2E5OGIxZCJ9\">\n\t\t\t\t\t<div class=\"e-gallery-image elementor-gallery-item__image\" data-thumbnail=\"https:\/\/kajaki-sanok.pl\/wp-content\/uploads\/2024\/03\/DSC00188-1-300x225.jpg\" data-width=\"300\" data-height=\"225\" aria-label=\"\" role=\"img\" ><\/div>\n\t\t\t\t\t\t\t\t\t\t\t<div class=\"elementor-gallery-item__overlay\"><\/div>\n\t\t\t\t\t\t\t\t\t\t\t\t\t\t<\/a>\n\t\t\t\t\t\t\t<a class=\"e-gallery-item elementor-gallery-item elementor-animated-content\" href=\"https:\/\/kajaki-sanok.pl\/wp-content\/uploads\/2024\/03\/mapa-SANOK-ulucz-kopia.jpg\" data-elementor-open-lightbox=\"yes\" data-elementor-lightbox-slideshow=\"5ca98b1d\" data-elementor-lightbox-title=\"mapa-SANOK-ulucz-kopia\" data-e-action-hash=\"#elementor-action%3Aaction%3Dlightbox%26settings%3DeyJpZCI6NTA3LCJ1cmwiOiJodHRwczpcL1wva2FqYWtpLXNhbm9rLnBsXC93cC1jb250ZW50XC91cGxvYWRzXC8yMDI0XC8wM1wvbWFwYS1TQU5PSy11bHVjei1rb3BpYS5qcGciLCJzbGlkZXNob3ciOiI1Y2E5OGIxZCJ9\">\n\t\t\t\t\t<div class=\"e-gallery-image elementor-gallery-item__image\" data-thumbnail=\"https:\/\/kajaki-sanok.pl\/wp-content\/uploads\/2024\/03\/mapa-SANOK-ulucz-kopia-233x300.jpg\" data-width=\"233\" data-height=\"300\" aria-label=\"\" role=\"img\" ><\/div>\n\t\t\t\t\t\t\t\t\t\t\t<div class=\"elementor-gallery-item__overlay\"><\/div>\n\t\t\t\t\t\t\t\t\t\t\t\t\t\t<\/a>\n\t\t\t\t\t<\/div>\n\t\t\t\t\t<\/div>\n\t\t\t\t<\/div>\n\t\t\t\t\t<\/div>\n\t\t\t\t<\/div>\n\t\t\t\t\t<\/div>\n\t\t\t\t<\/div>\n\t\t\t\t<\/div>","protected":false},"excerpt":{"rendered":"<p>Sanok &#8211; ulucz Kajaki Sanok &#8211; Ulucz Sp\u0142yw rozpoczynamy przy mo\u015bcie do skansenu w Sanoku. Po kilkuset metrach przep\u0142ywamy przez tzw. ba\u0142wanki (uwaga kilkadziesi\u0105t metr\u00f3w szybszego nurtu), a po oko\u0142o 2 kilometrach po lewej stronie mijamy przysta\u0144 Trepcza, nast\u0119pnie punkt poboru wody w Trepczy i dalej uj\u015bcie rzeki Sanoczek, zaraz potem po prawej stronie nad [&hellip;]<\/p>","protected":false},"author":1,"featured_media":0,"parent":0,"menu_order":0,"comment_status":"closed","ping_status":"closed","template":"","meta":{"footnotes":""},"class_list":["post-504","page","type-page","status-publish","hentry"],"_links":{"self":[{"href":"https:\/\/kajaki-sanok.pl\/en\/wp-json\/wp\/v2\/pages\/504","targetHints":{"allow":["GET"]}}],"collection":[{"href":"https:\/\/kajaki-sanok.pl\/en\/wp-json\/wp\/v2\/pages"}],"about":[{"href":"https:\/\/kajaki-sanok.pl\/en\/wp-json\/wp\/v2\/types\/page"}],"author":[{"embeddable":true,"href":"https:\/\/kajaki-sanok.pl\/en\/wp-json\/wp\/v2\/users\/1"}],"replies":[{"embeddable":true,"href":"https:\/\/kajaki-sanok.pl\/en\/wp-json\/wp\/v2\/comments?post=504"}],"version-history":[{"count":0,"href":"https:\/\/kajaki-sanok.pl\/en\/wp-json\/wp\/v2\/pages\/504\/revisions"}],"wp:attachment":[{"href":"https:\/\/kajaki-sanok.pl\/en\/wp-json\/wp\/v2\/media?parent=504"}],"curies":[{"name":"wp","href":"https:\/\/api.w.org\/{rel}","templated":true}]}}