{"id":551,"date":"2024-03-10T14:55:48","date_gmt":"2024-03-10T14:55:48","guid":{"rendered":"https:\/\/kajaki-sanok.pl\/?page_id=551"},"modified":"2024-03-18T18:03:54","modified_gmt":"2024-03-18T18:03:54","slug":"kajaki-sanok-dynow","status":"publish","type":"page","link":"https:\/\/kajaki-sanok.pl\/en\/kajaki-sanok-dynow\/","title":{"rendered":"Kajaki Sanok Dynow"},"content":{"rendered":"<div data-elementor-type=\"wp-page\" data-elementor-id=\"551\" class=\"elementor elementor-551\" data-elementor-post-type=\"page\">\n\t\t\t\t\t\t<section class=\"elementor-section elementor-top-section elementor-element elementor-element-371ca194 elementor-section-height-min-height elementor-section-boxed elementor-section-height-default elementor-section-items-middle\" data-id=\"371ca194\" data-element_type=\"section\" data-e-type=\"section\" data-settings=\"{&quot;background_background&quot;:&quot;classic&quot;}\">\n\t\t\t\t\t\t\t<div class=\"elementor-background-overlay\"><\/div>\n\t\t\t\t\t\t\t<div class=\"elementor-container elementor-column-gap-default\">\n\t\t\t\t\t<div class=\"elementor-column elementor-col-100 elementor-top-column elementor-element elementor-element-500fe4e2\" data-id=\"500fe4e2\" data-element_type=\"column\" data-e-type=\"column\">\n\t\t\t<div class=\"elementor-widget-wrap elementor-element-populated\">\n\t\t\t\t\t\t<div class=\"elementor-element elementor-element-76f82a7f elementor-widget elementor-widget-heading\" data-id=\"76f82a7f\" data-element_type=\"widget\" data-e-type=\"widget\" data-widget_type=\"heading.default\">\n\t\t\t\t<div class=\"elementor-widget-container\">\n\t\t\t\t\t<h1 class=\"elementor-heading-title elementor-size-default\">Sanok - Dynow<\/h1>\t\t\t\t<\/div>\n\t\t\t\t<\/div>\n\t\t\t\t\t<\/div>\n\t\t<\/div>\n\t\t\t\t\t<\/div>\n\t\t<\/section>\n\t\t<div class=\"elementor-element elementor-element-69f42f9 e-flex e-con-boxed e-con e-parent\" data-id=\"69f42f9\" data-element_type=\"container\" data-e-type=\"container\" data-settings=\"{&quot;background_background&quot;:&quot;classic&quot;}\">\n\t\t\t\t\t<div class=\"e-con-inner\">\n\t\t<div class=\"elementor-element elementor-element-63e8eb24 e-flex e-con-boxed e-con e-child\" data-id=\"63e8eb24\" data-element_type=\"container\" data-e-type=\"container\" data-settings=\"{&quot;background_background&quot;:&quot;classic&quot;}\">\n\t\t\t\t\t<div class=\"e-con-inner\">\n\t\t\t\t<div class=\"elementor-element elementor-element-5317634e elementor-widget elementor-widget-heading\" data-id=\"5317634e\" data-element_type=\"widget\" data-e-type=\"widget\" data-widget_type=\"heading.default\">\n\t\t\t\t<div class=\"elementor-widget-container\">\n\t\t\t\t\t<h2 class=\"elementor-heading-title elementor-size-default\">Kajaki Sanok - Dyn\u00f3w<\/h2>\t\t\t\t<\/div>\n\t\t\t\t<\/div>\n\t\t\t\t<div class=\"elementor-element elementor-element-3106c7cb elementor-widget elementor-widget-heading\" data-id=\"3106c7cb\" data-element_type=\"widget\" data-e-type=\"widget\" data-widget_type=\"heading.default\">\n\t\t\t\t<div class=\"elementor-widget-container\">\n\t\t\t\t\t<p class=\"elementor-heading-title elementor-size-default\">Sp\u0142yw rozpoczynamy przy mo\u015bcie do skansenu w Sanoku. Po kilkuset metrach przep\u0142ywamy przez tzw. ba\u0142wanki (uwaga kilkadziesi\u0105t metr\u00f3w szybszego nurtu), a po oko\u0142o 2 kilometrach po lewej stronie mijamy przysta\u0144 Trepcza, nast\u0119pnie punkt poboru wody w Trepczy (uwaga g\u0142\u0119boko) i dalej uj\u015bcie rzeki Sanoczek, po stronie przeciwnej, nad ska\u0142\u0105 ko\u015bci\u00f3\u0142ek (cerkiewka) w Mi\u0119dzybrodziu. Dalsza cz\u0119\u015b\u0107 sp\u0142ywu odbywa si\u0119 przy pi\u0119knych widokach Doliny Sanu.Po lewej stronie znajduje si\u0119 Mi\u0119dzybr\u00f3d\u017a a po prawej widzimy Liszn\u0105, a\u017c docieramy do mostu Mrzyg\u0142\u00f3d - Tyrawa Solna. Tutaj za mostem po prawej stronie mo\u017cemy odpocz\u0105\u0107 w ow Diabla G\u00f3ra lub Przysta\u0144 nad Sanem. Nast\u0119pny czas sp\u0142ywu to spok\u00f3j i relaks. Po godzinie sp\u0142ywu widzimy most w Dobrej, a po nast\u0119pnej godzinie dop\u0142ywamy do k\u0142adki Witry\u0142\u00f3w - Ulucz. 3 km za k\u0142adk\u0105 znajduje si\u0119 naturalny pr\u00f3g wodny \/Kamieniec\/, ostro\u017cnie pokonujemy pr\u00f3g praw\u0105 lub lew\u0105 stron\u0105. Po nast\u0119pnych 3 km docieramy do promu wodnego w Krzemiennej tutaj mo\u017cemy przenocowa\u0107 (po lewej stronie ow \"u Schabi\u0144skiej\" lub po prawej 400 m od od promu (patrz zdj\u0119cie poni\u017cej) , p\u00f3\u017aniej Obarzym i Wara gdzie znajduje si\u0119 k\u0142adka wisz\u0105ca, tutaj rzeka zwalnia i po ok. godzinie dop\u0142ywamy do promu wodnego pomi\u0119dzy miejscowo\u015bciami Nozdrzec a D\u0105br\u00f3wka Starze\u0144ska i do uj\u015bcia rzeki Baryczka, by po godzinie dotrze\u0107 na koniec strasy sp\u0142ywu, ok. 300 metr\u00f3w po lewej stronie za mostem w Dynowie. Proponowany nocleg w Krzemiennej, patrz Linki!<\/p>\t\t\t\t<\/div>\n\t\t\t\t<\/div>\n\t\t\t\t<div class=\"elementor-element elementor-element-5985127d elementor-widget__width-inherit elementor-widget elementor-widget-gallery\" data-id=\"5985127d\" data-element_type=\"widget\" data-e-type=\"widget\" data-settings=\"{&quot;gallery_layout&quot;:&quot;justified&quot;,&quot;gap&quot;:{&quot;unit&quot;:&quot;px&quot;,&quot;size&quot;:20,&quot;sizes&quot;:[]},&quot;lazyload&quot;:&quot;yes&quot;,&quot;ideal_row_height&quot;:{&quot;unit&quot;:&quot;px&quot;,&quot;size&quot;:200,&quot;sizes&quot;:[]},&quot;ideal_row_height_tablet&quot;:{&quot;unit&quot;:&quot;px&quot;,&quot;size&quot;:150,&quot;sizes&quot;:[]},&quot;ideal_row_height_mobile&quot;:{&quot;unit&quot;:&quot;px&quot;,&quot;size&quot;:150,&quot;sizes&quot;:[]},&quot;gap_tablet&quot;:{&quot;unit&quot;:&quot;px&quot;,&quot;size&quot;:10,&quot;sizes&quot;:[]},&quot;gap_mobile&quot;:{&quot;unit&quot;:&quot;px&quot;,&quot;size&quot;:10,&quot;sizes&quot;:[]},&quot;link_to&quot;:&quot;file&quot;,&quot;overlay_background&quot;:&quot;yes&quot;,&quot;content_hover_animation&quot;:&quot;fade-in&quot;}\" data-widget_type=\"gallery.default\">\n\t\t\t\t<div class=\"elementor-widget-container\">\n\t\t\t\t\t\t\t<div class=\"elementor-gallery__container\">\n\t\t\t\t\t\t\t<a class=\"e-gallery-item elementor-gallery-item elementor-animated-content\" href=\"https:\/\/kajaki-sanok.pl\/wp-content\/uploads\/2024\/03\/1010867.jpg\" data-elementor-open-lightbox=\"yes\" data-elementor-lightbox-slideshow=\"5985127d\" data-elementor-lightbox-title=\"1010867\" data-e-action-hash=\"#elementor-action%3Aaction%3Dlightbox%26settings%3DeyJpZCI6NTU0LCJ1cmwiOiJodHRwczpcL1wva2FqYWtpLXNhbm9rLnBsXC93cC1jb250ZW50XC91cGxvYWRzXC8yMDI0XC8wM1wvMTAxMDg2Ny5qcGciLCJzbGlkZXNob3ciOiI1OTg1MTI3ZCJ9\">\n\t\t\t\t\t<div class=\"e-gallery-image elementor-gallery-item__image\" data-thumbnail=\"https:\/\/kajaki-sanok.pl\/wp-content\/uploads\/2024\/03\/1010867-300x208.jpg\" data-width=\"300\" data-height=\"208\" aria-label=\"\" role=\"img\" ><\/div>\n\t\t\t\t\t\t\t\t\t\t\t<div class=\"elementor-gallery-item__overlay\"><\/div>\n\t\t\t\t\t\t\t\t\t\t\t\t\t\t<\/a>\n\t\t\t\t\t\t\t<a class=\"e-gallery-item elementor-gallery-item elementor-animated-content\" href=\"https:\/\/kajaki-sanok.pl\/wp-content\/uploads\/2024\/03\/1016600.jpg\" data-elementor-open-lightbox=\"yes\" data-elementor-lightbox-slideshow=\"5985127d\" data-elementor-lightbox-title=\"OLYMPUS DIGITAL CAMERA\" data-e-action-hash=\"#elementor-action%3Aaction%3Dlightbox%26settings%3DeyJpZCI6NTU1LCJ1cmwiOiJodHRwczpcL1wva2FqYWtpLXNhbm9rLnBsXC93cC1jb250ZW50XC91cGxvYWRzXC8yMDI0XC8wM1wvMTAxNjYwMC5qcGciLCJzbGlkZXNob3ciOiI1OTg1MTI3ZCJ9\">\n\t\t\t\t\t<div class=\"e-gallery-image elementor-gallery-item__image\" data-thumbnail=\"https:\/\/kajaki-sanok.pl\/wp-content\/uploads\/2024\/03\/1016600-300x225.jpg\" data-width=\"300\" data-height=\"225\" aria-label=\"\" role=\"img\" ><\/div>\n\t\t\t\t\t\t\t\t\t\t\t<div class=\"elementor-gallery-item__overlay\"><\/div>\n\t\t\t\t\t\t\t\t\t\t\t\t\t\t<\/a>\n\t\t\t\t\t\t\t<a class=\"e-gallery-item elementor-gallery-item elementor-animated-content\" href=\"https:\/\/kajaki-sanok.pl\/wp-content\/uploads\/2024\/03\/1018917-1.jpg\" data-elementor-open-lightbox=\"yes\" data-elementor-lightbox-slideshow=\"5985127d\" data-elementor-lightbox-title=\"OLYMPUS DIGITAL CAMERA\" data-e-action-hash=\"#elementor-action%3Aaction%3Dlightbox%26settings%3DeyJpZCI6NTU2LCJ1cmwiOiJodHRwczpcL1wva2FqYWtpLXNhbm9rLnBsXC93cC1jb250ZW50XC91cGxvYWRzXC8yMDI0XC8wM1wvMTAxODkxNy0xLmpwZyIsInNsaWRlc2hvdyI6IjU5ODUxMjdkIn0%3D\">\n\t\t\t\t\t<div class=\"e-gallery-image elementor-gallery-item__image\" data-thumbnail=\"https:\/\/kajaki-sanok.pl\/wp-content\/uploads\/2024\/03\/1018917-1-300x225.jpg\" data-width=\"300\" data-height=\"225\" aria-label=\"\" role=\"img\" ><\/div>\n\t\t\t\t\t\t\t\t\t\t\t<div class=\"elementor-gallery-item__overlay\"><\/div>\n\t\t\t\t\t\t\t\t\t\t\t\t\t\t<\/a>\n\t\t\t\t\t\t\t<a class=\"e-gallery-item elementor-gallery-item elementor-animated-content\" href=\"https:\/\/kajaki-sanok.pl\/wp-content\/uploads\/2024\/03\/10102181.jpg\" data-elementor-open-lightbox=\"yes\" data-elementor-lightbox-slideshow=\"5985127d\" data-elementor-lightbox-title=\"10102181\" data-e-action-hash=\"#elementor-action%3Aaction%3Dlightbox%26settings%3DeyJpZCI6NTU3LCJ1cmwiOiJodHRwczpcL1wva2FqYWtpLXNhbm9rLnBsXC93cC1jb250ZW50XC91cGxvYWRzXC8yMDI0XC8wM1wvMTAxMDIxODEuanBnIiwic2xpZGVzaG93IjoiNTk4NTEyN2QifQ%3D%3D\">\n\t\t\t\t\t<div class=\"e-gallery-image elementor-gallery-item__image\" data-thumbnail=\"https:\/\/kajaki-sanok.pl\/wp-content\/uploads\/2024\/03\/10102181-300x225.jpg\" data-width=\"300\" data-height=\"225\" aria-label=\"\" role=\"img\" ><\/div>\n\t\t\t\t\t\t\t\t\t\t\t<div class=\"elementor-gallery-item__overlay\"><\/div>\n\t\t\t\t\t\t\t\t\t\t\t\t\t\t<\/a>\n\t\t\t\t\t\t\t<a class=\"e-gallery-item elementor-gallery-item elementor-animated-content\" href=\"https:\/\/kajaki-sanok.pl\/wp-content\/uploads\/2024\/03\/ML113058.jpg\" data-elementor-open-lightbox=\"yes\" data-elementor-lightbox-slideshow=\"5985127d\" data-elementor-lightbox-title=\"ML113058\" data-e-action-hash=\"#elementor-action%3Aaction%3Dlightbox%26settings%3DeyJpZCI6NTU4LCJ1cmwiOiJodHRwczpcL1wva2FqYWtpLXNhbm9rLnBsXC93cC1jb250ZW50XC91cGxvYWRzXC8yMDI0XC8wM1wvTUwxMTMwNTguanBnIiwic2xpZGVzaG93IjoiNTk4NTEyN2QifQ%3D%3D\">\n\t\t\t\t\t<div class=\"e-gallery-image elementor-gallery-item__image\" data-thumbnail=\"https:\/\/kajaki-sanok.pl\/wp-content\/uploads\/2024\/03\/ML113058-300x188.jpg\" data-width=\"300\" data-height=\"188\" aria-label=\"\" role=\"img\" ><\/div>\n\t\t\t\t\t\t\t\t\t\t\t<div class=\"elementor-gallery-item__overlay\"><\/div>\n\t\t\t\t\t\t\t\t\t\t\t\t\t\t<\/a>\n\t\t\t\t\t\t\t<a class=\"e-gallery-item elementor-gallery-item elementor-animated-content\" href=\"https:\/\/kajaki-sanok.pl\/wp-content\/uploads\/2024\/03\/ML127761-2.jpg\" data-elementor-open-lightbox=\"yes\" data-elementor-lightbox-slideshow=\"5985127d\" data-elementor-lightbox-title=\"OLYMPUS DIGITAL CAMERA\" data-e-action-hash=\"#elementor-action%3Aaction%3Dlightbox%26settings%3DeyJpZCI6NTU5LCJ1cmwiOiJodHRwczpcL1wva2FqYWtpLXNhbm9rLnBsXC93cC1jb250ZW50XC91cGxvYWRzXC8yMDI0XC8wM1wvTUwxMjc3NjEtMi5qcGciLCJzbGlkZXNob3ciOiI1OTg1MTI3ZCJ9\">\n\t\t\t\t\t<div class=\"e-gallery-image elementor-gallery-item__image\" data-thumbnail=\"https:\/\/kajaki-sanok.pl\/wp-content\/uploads\/2024\/03\/ML127761-2-300x225.jpg\" data-width=\"300\" data-height=\"225\" aria-label=\"\" role=\"img\" ><\/div>\n\t\t\t\t\t\t\t\t\t\t\t<div class=\"elementor-gallery-item__overlay\"><\/div>\n\t\t\t\t\t\t\t\t\t\t\t\t\t\t<\/a>\n\t\t\t\t\t\t\t<a class=\"e-gallery-item elementor-gallery-item elementor-animated-content\" href=\"https:\/\/kajaki-sanok.pl\/wp-content\/uploads\/2024\/03\/ML127777-1.jpg\" data-elementor-open-lightbox=\"yes\" data-elementor-lightbox-slideshow=\"5985127d\" data-elementor-lightbox-title=\"ML127777\" data-e-action-hash=\"#elementor-action%3Aaction%3Dlightbox%26settings%3DeyJpZCI6NTYwLCJ1cmwiOiJodHRwczpcL1wva2FqYWtpLXNhbm9rLnBsXC93cC1jb250ZW50XC91cGxvYWRzXC8yMDI0XC8wM1wvTUwxMjc3NzctMS5qcGciLCJzbGlkZXNob3ciOiI1OTg1MTI3ZCJ9\">\n\t\t\t\t\t<div class=\"e-gallery-image elementor-gallery-item__image\" data-thumbnail=\"https:\/\/kajaki-sanok.pl\/wp-content\/uploads\/2024\/03\/ML127777-1-300x198.jpg\" data-width=\"300\" data-height=\"198\" aria-label=\"\" role=\"img\" ><\/div>\n\t\t\t\t\t\t\t\t\t\t\t<div class=\"elementor-gallery-item__overlay\"><\/div>\n\t\t\t\t\t\t\t\t\t\t\t\t\t\t<\/a>\n\t\t\t\t\t\t\t<a class=\"e-gallery-item elementor-gallery-item elementor-animated-content\" href=\"https:\/\/kajaki-sanok.pl\/wp-content\/uploads\/2024\/03\/ML187900-1.jpg\" data-elementor-open-lightbox=\"yes\" data-elementor-lightbox-slideshow=\"5985127d\" data-elementor-lightbox-title=\"OLYMPUS DIGITAL CAMERA\" data-e-action-hash=\"#elementor-action%3Aaction%3Dlightbox%26settings%3DeyJpZCI6NTYxLCJ1cmwiOiJodHRwczpcL1wva2FqYWtpLXNhbm9rLnBsXC93cC1jb250ZW50XC91cGxvYWRzXC8yMDI0XC8wM1wvTUwxODc5MDAtMS5qcGciLCJzbGlkZXNob3ciOiI1OTg1MTI3ZCJ9\">\n\t\t\t\t\t<div class=\"e-gallery-image elementor-gallery-item__image\" data-thumbnail=\"https:\/\/kajaki-sanok.pl\/wp-content\/uploads\/2024\/03\/ML187900-1-300x225.jpg\" data-width=\"300\" data-height=\"225\" aria-label=\"\" role=\"img\" ><\/div>\n\t\t\t\t\t\t\t\t\t\t\t<div class=\"elementor-gallery-item__overlay\"><\/div>\n\t\t\t\t\t\t\t\t\t\t\t\t\t\t<\/a>\n\t\t\t\t\t\t\t<a class=\"e-gallery-item elementor-gallery-item elementor-animated-content\" href=\"https:\/\/kajaki-sanok.pl\/wp-content\/uploads\/2024\/03\/P9060684-1.jpg\" data-elementor-open-lightbox=\"yes\" data-elementor-lightbox-slideshow=\"5985127d\" data-elementor-lightbox-title=\"OLYMPUS DIGITAL CAMERA\" data-e-action-hash=\"#elementor-action%3Aaction%3Dlightbox%26settings%3DeyJpZCI6NTYyLCJ1cmwiOiJodHRwczpcL1wva2FqYWtpLXNhbm9rLnBsXC93cC1jb250ZW50XC91cGxvYWRzXC8yMDI0XC8wM1wvUDkwNjA2ODQtMS5qcGciLCJzbGlkZXNob3ciOiI1OTg1MTI3ZCJ9\">\n\t\t\t\t\t<div class=\"e-gallery-image elementor-gallery-item__image\" data-thumbnail=\"https:\/\/kajaki-sanok.pl\/wp-content\/uploads\/2024\/03\/P9060684-1-225x300.jpg\" data-width=\"225\" data-height=\"300\" aria-label=\"\" role=\"img\" ><\/div>\n\t\t\t\t\t\t\t\t\t\t\t<div class=\"elementor-gallery-item__overlay\"><\/div>\n\t\t\t\t\t\t\t\t\t\t\t\t\t\t<\/a>\n\t\t\t\t\t\t\t<a class=\"e-gallery-item elementor-gallery-item elementor-animated-content\" href=\"https:\/\/kajaki-sanok.pl\/wp-content\/uploads\/2024\/03\/1010001-2.jpg\" data-elementor-open-lightbox=\"yes\" data-elementor-lightbox-slideshow=\"5985127d\" data-elementor-lightbox-title=\"OLYMPUS DIGITAL CAMERA\" data-e-action-hash=\"#elementor-action%3Aaction%3Dlightbox%26settings%3DeyJpZCI6NTY0LCJ1cmwiOiJodHRwczpcL1wva2FqYWtpLXNhbm9rLnBsXC93cC1jb250ZW50XC91cGxvYWRzXC8yMDI0XC8wM1wvMTAxMDAwMS0yLmpwZyIsInNsaWRlc2hvdyI6IjU5ODUxMjdkIn0%3D\">\n\t\t\t\t\t<div class=\"e-gallery-image elementor-gallery-item__image\" data-thumbnail=\"https:\/\/kajaki-sanok.pl\/wp-content\/uploads\/2024\/03\/1010001-2-300x225.jpg\" data-width=\"300\" data-height=\"225\" aria-label=\"\" role=\"img\" ><\/div>\n\t\t\t\t\t\t\t\t\t\t\t<div class=\"elementor-gallery-item__overlay\"><\/div>\n\t\t\t\t\t\t\t\t\t\t\t\t\t\t<\/a>\n\t\t\t\t\t\t\t<a class=\"e-gallery-item elementor-gallery-item elementor-animated-content\" href=\"https:\/\/kajaki-sanok.pl\/wp-content\/uploads\/2024\/03\/1010081-1.jpg\" data-elementor-open-lightbox=\"yes\" data-elementor-lightbox-slideshow=\"5985127d\" data-elementor-lightbox-title=\"OLYMPUS DIGITAL CAMERA\" data-e-action-hash=\"#elementor-action%3Aaction%3Dlightbox%26settings%3DeyJpZCI6NTY1LCJ1cmwiOiJodHRwczpcL1wva2FqYWtpLXNhbm9rLnBsXC93cC1jb250ZW50XC91cGxvYWRzXC8yMDI0XC8wM1wvMTAxMDA4MS0xLmpwZyIsInNsaWRlc2hvdyI6IjU5ODUxMjdkIn0%3D\">\n\t\t\t\t\t<div class=\"e-gallery-image elementor-gallery-item__image\" data-thumbnail=\"https:\/\/kajaki-sanok.pl\/wp-content\/uploads\/2024\/03\/1010081-1-300x225.jpg\" data-width=\"300\" data-height=\"225\" aria-label=\"\" role=\"img\" ><\/div>\n\t\t\t\t\t\t\t\t\t\t\t<div class=\"elementor-gallery-item__overlay\"><\/div>\n\t\t\t\t\t\t\t\t\t\t\t\t\t\t<\/a>\n\t\t\t\t\t\t\t<a class=\"e-gallery-item elementor-gallery-item elementor-animated-content\" href=\"https:\/\/kajaki-sanok.pl\/wp-content\/uploads\/2024\/03\/1010626.jpg\" data-elementor-open-lightbox=\"yes\" data-elementor-lightbox-slideshow=\"5985127d\" data-elementor-lightbox-title=\"1010626\" data-e-action-hash=\"#elementor-action%3Aaction%3Dlightbox%26settings%3DeyJpZCI6NTY2LCJ1cmwiOiJodHRwczpcL1wva2FqYWtpLXNhbm9rLnBsXC93cC1jb250ZW50XC91cGxvYWRzXC8yMDI0XC8wM1wvMTAxMDYyNi5qcGciLCJzbGlkZXNob3ciOiI1OTg1MTI3ZCJ9\">\n\t\t\t\t\t<div class=\"e-gallery-image elementor-gallery-item__image\" data-thumbnail=\"https:\/\/kajaki-sanok.pl\/wp-content\/uploads\/2024\/03\/1010626-300x219.jpg\" data-width=\"300\" data-height=\"219\" aria-label=\"\" role=\"img\" ><\/div>\n\t\t\t\t\t\t\t\t\t\t\t<div class=\"elementor-gallery-item__overlay\"><\/div>\n\t\t\t\t\t\t\t\t\t\t\t\t\t\t<\/a>\n\t\t\t\t\t\t\t<a class=\"e-gallery-item elementor-gallery-item elementor-animated-content\" href=\"https:\/\/kajaki-sanok.pl\/wp-content\/uploads\/2024\/03\/1010628.jpg\" data-elementor-open-lightbox=\"yes\" data-elementor-lightbox-slideshow=\"5985127d\" data-elementor-lightbox-title=\"OLYMPUS DIGITAL CAMERA\" data-e-action-hash=\"#elementor-action%3Aaction%3Dlightbox%26settings%3DeyJpZCI6NTY3LCJ1cmwiOiJodHRwczpcL1wva2FqYWtpLXNhbm9rLnBsXC93cC1jb250ZW50XC91cGxvYWRzXC8yMDI0XC8wM1wvMTAxMDYyOC5qcGciLCJzbGlkZXNob3ciOiI1OTg1MTI3ZCJ9\">\n\t\t\t\t\t<div class=\"e-gallery-image elementor-gallery-item__image\" data-thumbnail=\"https:\/\/kajaki-sanok.pl\/wp-content\/uploads\/2024\/03\/1010628-300x225.jpg\" data-width=\"300\" data-height=\"225\" aria-label=\"\" role=\"img\" ><\/div>\n\t\t\t\t\t\t\t\t\t\t\t<div class=\"elementor-gallery-item__overlay\"><\/div>\n\t\t\t\t\t\t\t\t\t\t\t\t\t\t<\/a>\n\t\t\t\t\t\t\t<a class=\"e-gallery-item elementor-gallery-item elementor-animated-content\" href=\"https:\/\/kajaki-sanok.pl\/wp-content\/uploads\/2024\/03\/1010669.jpg\" data-elementor-open-lightbox=\"yes\" data-elementor-lightbox-slideshow=\"5985127d\" data-elementor-lightbox-title=\"OLYMPUS DIGITAL CAMERA\" data-e-action-hash=\"#elementor-action%3Aaction%3Dlightbox%26settings%3DeyJpZCI6NTY4LCJ1cmwiOiJodHRwczpcL1wva2FqYWtpLXNhbm9rLnBsXC93cC1jb250ZW50XC91cGxvYWRzXC8yMDI0XC8wM1wvMTAxMDY2OS5qcGciLCJzbGlkZXNob3ciOiI1OTg1MTI3ZCJ9\">\n\t\t\t\t\t<div class=\"e-gallery-image elementor-gallery-item__image\" data-thumbnail=\"https:\/\/kajaki-sanok.pl\/wp-content\/uploads\/2024\/03\/1010669-300x225.jpg\" data-width=\"300\" data-height=\"225\" aria-label=\"\" role=\"img\" ><\/div>\n\t\t\t\t\t\t\t\t\t\t\t<div class=\"elementor-gallery-item__overlay\"><\/div>\n\t\t\t\t\t\t\t\t\t\t\t\t\t\t<\/a>\n\t\t\t\t\t\t\t<a class=\"e-gallery-item elementor-gallery-item elementor-animated-content\" href=\"https:\/\/kajaki-sanok.pl\/wp-content\/uploads\/2024\/03\/sanok-dynow22-kopia.jpg\" data-elementor-open-lightbox=\"yes\" data-elementor-lightbox-slideshow=\"5985127d\" data-elementor-lightbox-title=\"sanok-dynow22-kopia\" data-e-action-hash=\"#elementor-action%3Aaction%3Dlightbox%26settings%3DeyJpZCI6NTYzLCJ1cmwiOiJodHRwczpcL1wva2FqYWtpLXNhbm9rLnBsXC93cC1jb250ZW50XC91cGxvYWRzXC8yMDI0XC8wM1wvc2Fub2stZHlub3cyMi1rb3BpYS5qcGciLCJzbGlkZXNob3ciOiI1OTg1MTI3ZCJ9\">\n\t\t\t\t\t<div class=\"e-gallery-image elementor-gallery-item__image\" data-thumbnail=\"https:\/\/kajaki-sanok.pl\/wp-content\/uploads\/2024\/03\/sanok-dynow22-kopia-240x300.jpg\" data-width=\"240\" data-height=\"300\" aria-label=\"\" role=\"img\" ><\/div>\n\t\t\t\t\t\t\t\t\t\t\t<div class=\"elementor-gallery-item__overlay\"><\/div>\n\t\t\t\t\t\t\t\t\t\t\t\t\t\t<\/a>\n\t\t\t\t\t<\/div>\n\t\t\t\t\t<\/div>\n\t\t\t\t<\/div>\n\t\t\t\t\t<\/div>\n\t\t\t\t<\/div>\n\t\t\t\t\t<\/div>\n\t\t\t\t<\/div>\n\t\t\t\t<\/div>","protected":false},"excerpt":{"rendered":"<p>Sanok &#8211; Dynow Kajaki Sanok &#8211; Dyn\u00f3w Sp\u0142yw rozpoczynamy przy mo\u015bcie do skansenu w Sanoku. Po kilkuset metrach przep\u0142ywamy przez tzw. ba\u0142wanki (uwaga kilkadziesi\u0105t metr\u00f3w szybszego nurtu), a po oko\u0142o 2 kilometrach po lewej stronie mijamy przysta\u0144 Trepcza, nast\u0119pnie punkt poboru wody w Trepczy (uwaga g\u0142\u0119boko) i dalej uj\u015bcie rzeki Sanoczek, po stronie przeciwnej, nad [&hellip;]<\/p>","protected":false},"author":1,"featured_media":0,"parent":0,"menu_order":0,"comment_status":"closed","ping_status":"closed","template":"","meta":{"footnotes":""},"class_list":["post-551","page","type-page","status-publish","hentry"],"_links":{"self":[{"href":"https:\/\/kajaki-sanok.pl\/en\/wp-json\/wp\/v2\/pages\/551","targetHints":{"allow":["GET"]}}],"collection":[{"href":"https:\/\/kajaki-sanok.pl\/en\/wp-json\/wp\/v2\/pages"}],"about":[{"href":"https:\/\/kajaki-sanok.pl\/en\/wp-json\/wp\/v2\/types\/page"}],"author":[{"embeddable":true,"href":"https:\/\/kajaki-sanok.pl\/en\/wp-json\/wp\/v2\/users\/1"}],"replies":[{"embeddable":true,"href":"https:\/\/kajaki-sanok.pl\/en\/wp-json\/wp\/v2\/comments?post=551"}],"version-history":[{"count":3,"href":"https:\/\/kajaki-sanok.pl\/en\/wp-json\/wp\/v2\/pages\/551\/revisions"}],"predecessor-version":[{"id":941,"href":"https:\/\/kajaki-sanok.pl\/en\/wp-json\/wp\/v2\/pages\/551\/revisions\/941"}],"wp:attachment":[{"href":"https:\/\/kajaki-sanok.pl\/en\/wp-json\/wp\/v2\/media?parent=551"}],"curies":[{"name":"wp","href":"https:\/\/api.w.org\/{rel}","templated":true}]}}